{"id":780,"date":"2023-08-31T19:01:25","date_gmt":"2023-08-31T18:01:25","guid":{"rendered":"https:\/\/www.braun-traditions.com\/?post_type=product&#038;p=780"},"modified":"2023-09-18T22:19:32","modified_gmt":"2023-09-18T21:19:32","slug":"jardiniere-periode-napoleon-iii","status":"publish","type":"product","link":"https:\/\/www.braun-traditions.com\/sk\/product\/jardiniere-periode-napoleon-iii\/","title":{"rendered":"Jardini\u00e8re, p\u00e9riode Napol\u00e9on III"},"content":{"rendered":"<p>&nbsp;<\/p>\n<p>Jolie jardini\u00e8re couverte en bois noirci, dor\u00e9 dans les motifs d\u00e9coratifs grav\u00e9s. En fa\u00e7ade, une plaque de marbre est peinte d\u2019un paysage de campagne. Ornements en bronze dor\u00e9. Entretoise et tablette. Meuble relativement haut. L\u2019arri\u00e8re n\u2019est pas d\u00e9cor\u00e9 donc il est fait pour \u00eatre mis contre un mur.<\/p>\n<p>&nbsp;<\/p>\n<p>Dimensions : H 104cm x L 60cm x P 40cm<\/p>\n<p>&nbsp;<\/p>\n<p>Travail fran\u00e7ais de la fin du 19\u00e8me si\u00e8cle.<\/p>\n<p>&nbsp;<\/p>","protected":false},"excerpt":{"rendered":"<p>&nbsp; Jolie jardini\u00e8re couverte en bois noirci, dor\u00e9 dans les motifs d\u00e9coratifs grav\u00e9s. En fa\u00e7ade, une plaque de marbre est peinte d\u2019un paysage de campagne. Ornements en bronze dor\u00e9. Entretoise et tablette. Meuble relativement haut. L\u2019arri\u00e8re n\u2019est pas d\u00e9cor\u00e9 donc il est fait pour \u00eatre mis contre un mur. &nbsp; Dimensions : H 104cm x [&hellip;]<\/p>","protected":false},"featured_media":781,"comment_status":"open","ping_status":"closed","template":"","meta":[],"product_cat":[76],"product_tag":[],"class_list":["post-780","product","type-product","status-publish","has-post-thumbnail","hentry","product_cat-antiquites"],"acf":[],"yoast_head":"<!-- This site is optimized with the Yoast SEO plugin v21.5 - https:\/\/yoast.com\/wordpress\/plugins\/seo\/ -->\n<title>Jardini\u00e8re, p\u00e9riode Napol\u00e9on III - Boutique Braun Traditions<\/title>\n<meta name=\"robots\" content=\"noindex, follow, max-snippet:-1, max-image-preview:large, max-video-preview:-1\" \/>\n<meta property=\"og:locale\" content=\"sk_SK\" \/>\n<meta property=\"og:type\" content=\"article\" \/>\n<meta property=\"og:title\" content=\"Jardini\u00e8re, p\u00e9riode Napol\u00e9on III - Boutique Braun Traditions\" \/>\n<meta property=\"og:description\" content=\"&nbsp; Jolie jardini\u00e8re couverte en bois noirci, dor\u00e9 dans les motifs d\u00e9coratifs grav\u00e9s. En fa\u00e7ade, une plaque de marbre est peinte d\u2019un paysage de campagne. Ornements en bronze dor\u00e9. Entretoise et tablette. Meuble relativement haut. L\u2019arri\u00e8re n\u2019est pas d\u00e9cor\u00e9 donc il est fait pour \u00eatre mis contre un mur. &nbsp; Dimensions : H 104cm x [&hellip;]\" \/>\n<meta property=\"og:url\" content=\"https:\/\/www.braun-traditions.com\/sk\/product\/jardiniere-periode-napoleon-iii\/\" \/>\n<meta property=\"og:site_name\" content=\"Boutique Braun Traditions\" \/>\n<meta property=\"article:modified_time\" content=\"2023-09-18T21:19:32+00:00\" \/>\n<meta property=\"og:image\" content=\"https:\/\/www.braun-traditions.com\/wp-content\/uploads\/2023\/08\/Jardiniere_Boisnoirci_dore_plaque_marbre_peint_couverte_H104L60P40cm_7-scaled-1.jpg\" \/>\n\t<meta property=\"og:image:width\" content=\"2560\" \/>\n\t<meta property=\"og:image:height\" content=\"1706\" \/>\n\t<meta property=\"og:image:type\" content=\"image\/jpeg\" \/>\n<meta name=\"twitter:card\" content=\"summary_large_image\" \/>\n<meta name=\"twitter:label1\" content=\"Predpokladan\u00fd \u010das \u010d\u00edtania\" \/>\n\t<meta name=\"twitter:data1\" content=\"1 min\u00fata\" \/>\n<script type=\"application\/ld+json\" class=\"yoast-schema-graph\">{\"@context\":\"https:\/\/schema.org\",\"@graph\":[{\"@type\":\"WebPage\",\"@id\":\"https:\/\/www.braun-traditions.com\/produit\/jardiniere-periode-napoleon-iii\/\",\"url\":\"https:\/\/www.braun-traditions.com\/produit\/jardiniere-periode-napoleon-iii\/\",\"name\":\"Jardini\u00e8re, p\u00e9riode Napol\u00e9on III - Boutique Braun Traditions\",\"isPartOf\":{\"@id\":\"https:\/\/www.braun-traditions.com\/#website\"},\"datePublished\":\"2023-08-31T18:01:25+00:00\",\"dateModified\":\"2023-09-18T21:19:32+00:00\",\"breadcrumb\":{\"@id\":\"https:\/\/www.braun-traditions.com\/produit\/jardiniere-periode-napoleon-iii\/#breadcrumb\"},\"inLanguage\":\"sk-SK\",\"potentialAction\":[{\"@type\":\"ReadAction\",\"target\":[\"https:\/\/www.braun-traditions.com\/produit\/jardiniere-periode-napoleon-iii\/\"]}]},{\"@type\":\"BreadcrumbList\",\"@id\":\"https:\/\/www.braun-traditions.com\/produit\/jardiniere-periode-napoleon-iii\/#breadcrumb\",\"itemListElement\":[{\"@type\":\"ListItem\",\"position\":1,\"name\":\"Accueil\",\"item\":\"https:\/\/www.braun-traditions.com\/\"},{\"@type\":\"ListItem\",\"position\":2,\"name\":\"Boutique\",\"item\":\"https:\/\/www.braun-traditions.com\/boutique\/\"},{\"@type\":\"ListItem\",\"position\":3,\"name\":\"Antiquit\u00e9s\",\"item\":\"https:\/\/www.braun-traditions.com\/cat\u00e9gorie-de-produit\/antiquites\/\"},{\"@type\":\"ListItem\",\"position\":4,\"name\":\"Jardini\u00e8re, p\u00e9riode Napol\u00e9on III\"}]},{\"@type\":\"WebSite\",\"@id\":\"https:\/\/www.braun-traditions.com\/#website\",\"url\":\"https:\/\/www.braun-traditions.com\/\",\"name\":\"Boutique Braun Traditions\",\"description\":\"\",\"potentialAction\":[{\"@type\":\"SearchAction\",\"target\":{\"@type\":\"EntryPoint\",\"urlTemplate\":\"https:\/\/www.braun-traditions.com\/?s={search_term_string}\"},\"query-input\":\"required name=search_term_string\"}],\"inLanguage\":\"sk-SK\"}]}<\/script>\n<!-- \/ Yoast SEO plugin. -->","yoast_head_json":{"title":"Jardini\u00e8re, p\u00e9riode Napol\u00e9on III - Boutique Braun Traditions","robots":{"index":"noindex","follow":"follow","max-snippet":"max-snippet:-1","max-image-preview":"max-image-preview:large","max-video-preview":"max-video-preview:-1"},"og_locale":"sk_SK","og_type":"article","og_title":"Jardini\u00e8re, p\u00e9riode Napol\u00e9on III - Boutique Braun Traditions","og_description":"&nbsp; Jolie jardini\u00e8re couverte en bois noirci, dor\u00e9 dans les motifs d\u00e9coratifs grav\u00e9s. En fa\u00e7ade, une plaque de marbre est peinte d\u2019un paysage de campagne. Ornements en bronze dor\u00e9. Entretoise et tablette. Meuble relativement haut. L\u2019arri\u00e8re n\u2019est pas d\u00e9cor\u00e9 donc il est fait pour \u00eatre mis contre un mur. &nbsp; Dimensions : H 104cm x [&hellip;]","og_url":"https:\/\/www.braun-traditions.com\/sk\/product\/jardiniere-periode-napoleon-iii\/","og_site_name":"Boutique Braun Traditions","article_modified_time":"2023-09-18T21:19:32+00:00","og_image":[{"width":2560,"height":1706,"url":"https:\/\/www.braun-traditions.com\/wp-content\/uploads\/2023\/08\/Jardiniere_Boisnoirci_dore_plaque_marbre_peint_couverte_H104L60P40cm_7-scaled-1.jpg","type":"image\/jpeg"}],"twitter_card":"summary_large_image","twitter_misc":{"Predpokladan\u00fd \u010das \u010d\u00edtania":"1 min\u00fata"},"schema":{"@context":"https:\/\/schema.org","@graph":[{"@type":"WebPage","@id":"https:\/\/www.braun-traditions.com\/produit\/jardiniere-periode-napoleon-iii\/","url":"https:\/\/www.braun-traditions.com\/produit\/jardiniere-periode-napoleon-iii\/","name":"Jardini\u00e8re, p\u00e9riode Napol\u00e9on III - Boutique Braun Traditions","isPartOf":{"@id":"https:\/\/www.braun-traditions.com\/#website"},"datePublished":"2023-08-31T18:01:25+00:00","dateModified":"2023-09-18T21:19:32+00:00","breadcrumb":{"@id":"https:\/\/www.braun-traditions.com\/produit\/jardiniere-periode-napoleon-iii\/#breadcrumb"},"inLanguage":"sk-SK","potentialAction":[{"@type":"ReadAction","target":["https:\/\/www.braun-traditions.com\/produit\/jardiniere-periode-napoleon-iii\/"]}]},{"@type":"BreadcrumbList","@id":"https:\/\/www.braun-traditions.com\/produit\/jardiniere-periode-napoleon-iii\/#breadcrumb","itemListElement":[{"@type":"ListItem","position":1,"name":"Accueil","item":"https:\/\/www.braun-traditions.com\/"},{"@type":"ListItem","position":2,"name":"Boutique","item":"https:\/\/www.braun-traditions.com\/boutique\/"},{"@type":"ListItem","position":3,"name":"Antiquit\u00e9s","item":"https:\/\/www.braun-traditions.com\/cat\u00e9gorie-de-produit\/antiquites\/"},{"@type":"ListItem","position":4,"name":"Jardini\u00e8re, p\u00e9riode Napol\u00e9on III"}]},{"@type":"WebSite","@id":"https:\/\/www.braun-traditions.com\/#website","url":"https:\/\/www.braun-traditions.com\/","name":"Boutique Braun Traditions","description":"","potentialAction":[{"@type":"SearchAction","target":{"@type":"EntryPoint","urlTemplate":"https:\/\/www.braun-traditions.com\/?s={search_term_string}"},"query-input":"required name=search_term_string"}],"inLanguage":"sk-SK"}]}},"_links":{"self":[{"href":"https:\/\/www.braun-traditions.com\/sk\/wp-json\/wp\/v2\/product\/780","targetHints":{"allow":["GET"]}}],"collection":[{"href":"https:\/\/www.braun-traditions.com\/sk\/wp-json\/wp\/v2\/product"}],"about":[{"href":"https:\/\/www.braun-traditions.com\/sk\/wp-json\/wp\/v2\/types\/product"}],"replies":[{"embeddable":true,"href":"https:\/\/www.braun-traditions.com\/sk\/wp-json\/wp\/v2\/comments?post=780"}],"wp:featuredmedia":[{"embeddable":true,"href":"https:\/\/www.braun-traditions.com\/sk\/wp-json\/wp\/v2\/media\/781"}],"wp:attachment":[{"href":"https:\/\/www.braun-traditions.com\/sk\/wp-json\/wp\/v2\/media?parent=780"}],"wp:term":[{"taxonomy":"product_cat","embeddable":true,"href":"https:\/\/www.braun-traditions.com\/sk\/wp-json\/wp\/v2\/product_cat?post=780"},{"taxonomy":"product_tag","embeddable":true,"href":"https:\/\/www.braun-traditions.com\/sk\/wp-json\/wp\/v2\/product_tag?post=780"}],"curies":[{"name":"wp","href":"https:\/\/api.w.org\/{rel}","templated":true}]}}