{"id":747,"date":"2023-08-31T08:17:13","date_gmt":"2023-08-31T07:17:13","guid":{"rendered":"https:\/\/www.braun-traditions.com\/?post_type=product&#038;p=747"},"modified":"2023-09-18T22:26:30","modified_gmt":"2023-09-18T21:26:30","slug":"table-de-milieu-de-style-louis-xvi-en-thuya","status":"publish","type":"product","link":"https:\/\/www.braun-traditions.com\/sk\/product\/table-de-milieu-de-style-louis-xvi-en-thuya\/","title":{"rendered":"Table de milieu de style Louis XVI en thuya"},"content":{"rendered":"<p>&nbsp;<\/p>\n<p>Table de milieu de style Louis XVI avec un pla\u00e7age de Thuya et de poirier noirci avec des incrustations de laiton et de nacre. Un tiroir. Bronzes dor\u00e9s. Pieds fusel\u00e9s et cannel\u00e9s \u00e0 l\u2019asperge. Entretoise avec une urne en bronze au centre.<\/p>\n<p>&nbsp;<\/p>\n<p>Dimensions : H 76cm x L 122cm x P 70cm<\/p>\n<p>&nbsp;<\/p>\n<p>\u0152uvre fran\u00e7aise de la p\u00e9riode Napol\u00e9on III.<\/p>\n<p>&nbsp;<\/p>","protected":false},"excerpt":{"rendered":"<p>&nbsp; Table de milieu de style Louis XVI avec un pla\u00e7age de Thuya et de poirier noirci avec des incrustations de laiton et de nacre. Un tiroir. Bronzes dor\u00e9s. Pieds fusel\u00e9s et cannel\u00e9s \u00e0 l\u2019asperge. Entretoise avec une urne en bronze au centre. &nbsp; Dimensions : H 76cm x L 122cm x P 70cm &nbsp; [&hellip;]<\/p>","protected":false},"featured_media":748,"comment_status":"open","ping_status":"closed","template":"","meta":[],"product_cat":[76],"product_tag":[],"class_list":["post-747","product","type-product","status-publish","has-post-thumbnail","hentry","product_cat-antiquites"],"acf":[],"yoast_head":"<!-- This site is optimized with the Yoast SEO plugin v21.5 - https:\/\/yoast.com\/wordpress\/plugins\/seo\/ -->\n<title>Table de milieu de style Louis XVI en thuya - Boutique Braun Traditions<\/title>\n<meta name=\"robots\" content=\"noindex, follow, max-snippet:-1, max-image-preview:large, max-video-preview:-1\" \/>\n<meta property=\"og:locale\" content=\"sk_SK\" \/>\n<meta property=\"og:type\" content=\"article\" \/>\n<meta property=\"og:title\" content=\"Table de milieu de style Louis XVI en thuya - Boutique Braun Traditions\" \/>\n<meta property=\"og:description\" content=\"&nbsp; Table de milieu de style Louis XVI avec un pla\u00e7age de Thuya et de poirier noirci avec des incrustations de laiton et de nacre. Un tiroir. Bronzes dor\u00e9s. Pieds fusel\u00e9s et cannel\u00e9s \u00e0 l\u2019asperge. Entretoise avec une urne en bronze au centre. &nbsp; Dimensions : H 76cm x L 122cm x P 70cm &nbsp; [&hellip;]\" \/>\n<meta property=\"og:url\" content=\"https:\/\/www.braun-traditions.com\/sk\/product\/table-de-milieu-de-style-louis-xvi-en-thuya\/\" \/>\n<meta property=\"og:site_name\" content=\"Boutique Braun Traditions\" \/>\n<meta property=\"article:modified_time\" content=\"2023-09-18T21:26:30+00:00\" \/>\n<meta property=\"og:image\" content=\"https:\/\/www.braun-traditions.com\/wp-content\/uploads\/2023\/08\/Table_milieu_1tiroir_ronce_tuya_nacre_H76L122P70cm_detail1-scaled-1.jpg\" \/>\n\t<meta property=\"og:image:width\" content=\"2560\" \/>\n\t<meta property=\"og:image:height\" content=\"1707\" \/>\n\t<meta property=\"og:image:type\" content=\"image\/jpeg\" \/>\n<meta name=\"twitter:card\" content=\"summary_large_image\" \/>\n<meta name=\"twitter:label1\" content=\"Predpokladan\u00fd \u010das \u010d\u00edtania\" \/>\n\t<meta name=\"twitter:data1\" content=\"1 min\u00fata\" \/>\n<script type=\"application\/ld+json\" class=\"yoast-schema-graph\">{\"@context\":\"https:\/\/schema.org\",\"@graph\":[{\"@type\":\"WebPage\",\"@id\":\"https:\/\/www.braun-traditions.com\/produit\/table-de-milieu-de-style-louis-xvi-en-thuya\/\",\"url\":\"https:\/\/www.braun-traditions.com\/produit\/table-de-milieu-de-style-louis-xvi-en-thuya\/\",\"name\":\"Table de milieu de style Louis XVI en thuya - Boutique Braun Traditions\",\"isPartOf\":{\"@id\":\"https:\/\/www.braun-traditions.com\/#website\"},\"datePublished\":\"2023-08-31T07:17:13+00:00\",\"dateModified\":\"2023-09-18T21:26:30+00:00\",\"breadcrumb\":{\"@id\":\"https:\/\/www.braun-traditions.com\/produit\/table-de-milieu-de-style-louis-xvi-en-thuya\/#breadcrumb\"},\"inLanguage\":\"sk-SK\",\"potentialAction\":[{\"@type\":\"ReadAction\",\"target\":[\"https:\/\/www.braun-traditions.com\/produit\/table-de-milieu-de-style-louis-xvi-en-thuya\/\"]}]},{\"@type\":\"BreadcrumbList\",\"@id\":\"https:\/\/www.braun-traditions.com\/produit\/table-de-milieu-de-style-louis-xvi-en-thuya\/#breadcrumb\",\"itemListElement\":[{\"@type\":\"ListItem\",\"position\":1,\"name\":\"Accueil\",\"item\":\"https:\/\/www.braun-traditions.com\/\"},{\"@type\":\"ListItem\",\"position\":2,\"name\":\"Boutique\",\"item\":\"https:\/\/www.braun-traditions.com\/boutique\/\"},{\"@type\":\"ListItem\",\"position\":3,\"name\":\"Antiquit\u00e9s\",\"item\":\"https:\/\/www.braun-traditions.com\/cat\u00e9gorie-de-produit\/antiquites\/\"},{\"@type\":\"ListItem\",\"position\":4,\"name\":\"Table de milieu de style Louis XVI en thuya\"}]},{\"@type\":\"WebSite\",\"@id\":\"https:\/\/www.braun-traditions.com\/#website\",\"url\":\"https:\/\/www.braun-traditions.com\/\",\"name\":\"Boutique Braun Traditions\",\"description\":\"\",\"potentialAction\":[{\"@type\":\"SearchAction\",\"target\":{\"@type\":\"EntryPoint\",\"urlTemplate\":\"https:\/\/www.braun-traditions.com\/?s={search_term_string}\"},\"query-input\":\"required name=search_term_string\"}],\"inLanguage\":\"sk-SK\"}]}<\/script>\n<!-- \/ Yoast SEO plugin. -->","yoast_head_json":{"title":"Table de milieu de style Louis XVI en thuya - Boutique Braun Traditions","robots":{"index":"noindex","follow":"follow","max-snippet":"max-snippet:-1","max-image-preview":"max-image-preview:large","max-video-preview":"max-video-preview:-1"},"og_locale":"sk_SK","og_type":"article","og_title":"Table de milieu de style Louis XVI en thuya - Boutique Braun Traditions","og_description":"&nbsp; Table de milieu de style Louis XVI avec un pla\u00e7age de Thuya et de poirier noirci avec des incrustations de laiton et de nacre. Un tiroir. Bronzes dor\u00e9s. Pieds fusel\u00e9s et cannel\u00e9s \u00e0 l\u2019asperge. Entretoise avec une urne en bronze au centre. &nbsp; Dimensions : H 76cm x L 122cm x P 70cm &nbsp; [&hellip;]","og_url":"https:\/\/www.braun-traditions.com\/sk\/product\/table-de-milieu-de-style-louis-xvi-en-thuya\/","og_site_name":"Boutique Braun Traditions","article_modified_time":"2023-09-18T21:26:30+00:00","og_image":[{"width":2560,"height":1707,"url":"https:\/\/www.braun-traditions.com\/wp-content\/uploads\/2023\/08\/Table_milieu_1tiroir_ronce_tuya_nacre_H76L122P70cm_detail1-scaled-1.jpg","type":"image\/jpeg"}],"twitter_card":"summary_large_image","twitter_misc":{"Predpokladan\u00fd \u010das \u010d\u00edtania":"1 min\u00fata"},"schema":{"@context":"https:\/\/schema.org","@graph":[{"@type":"WebPage","@id":"https:\/\/www.braun-traditions.com\/produit\/table-de-milieu-de-style-louis-xvi-en-thuya\/","url":"https:\/\/www.braun-traditions.com\/produit\/table-de-milieu-de-style-louis-xvi-en-thuya\/","name":"Table de milieu de style Louis XVI en thuya - Boutique Braun Traditions","isPartOf":{"@id":"https:\/\/www.braun-traditions.com\/#website"},"datePublished":"2023-08-31T07:17:13+00:00","dateModified":"2023-09-18T21:26:30+00:00","breadcrumb":{"@id":"https:\/\/www.braun-traditions.com\/produit\/table-de-milieu-de-style-louis-xvi-en-thuya\/#breadcrumb"},"inLanguage":"sk-SK","potentialAction":[{"@type":"ReadAction","target":["https:\/\/www.braun-traditions.com\/produit\/table-de-milieu-de-style-louis-xvi-en-thuya\/"]}]},{"@type":"BreadcrumbList","@id":"https:\/\/www.braun-traditions.com\/produit\/table-de-milieu-de-style-louis-xvi-en-thuya\/#breadcrumb","itemListElement":[{"@type":"ListItem","position":1,"name":"Accueil","item":"https:\/\/www.braun-traditions.com\/"},{"@type":"ListItem","position":2,"name":"Boutique","item":"https:\/\/www.braun-traditions.com\/boutique\/"},{"@type":"ListItem","position":3,"name":"Antiquit\u00e9s","item":"https:\/\/www.braun-traditions.com\/cat\u00e9gorie-de-produit\/antiquites\/"},{"@type":"ListItem","position":4,"name":"Table de milieu de style Louis XVI en thuya"}]},{"@type":"WebSite","@id":"https:\/\/www.braun-traditions.com\/#website","url":"https:\/\/www.braun-traditions.com\/","name":"Boutique Braun Traditions","description":"","potentialAction":[{"@type":"SearchAction","target":{"@type":"EntryPoint","urlTemplate":"https:\/\/www.braun-traditions.com\/?s={search_term_string}"},"query-input":"required name=search_term_string"}],"inLanguage":"sk-SK"}]}},"_links":{"self":[{"href":"https:\/\/www.braun-traditions.com\/sk\/wp-json\/wp\/v2\/product\/747","targetHints":{"allow":["GET"]}}],"collection":[{"href":"https:\/\/www.braun-traditions.com\/sk\/wp-json\/wp\/v2\/product"}],"about":[{"href":"https:\/\/www.braun-traditions.com\/sk\/wp-json\/wp\/v2\/types\/product"}],"replies":[{"embeddable":true,"href":"https:\/\/www.braun-traditions.com\/sk\/wp-json\/wp\/v2\/comments?post=747"}],"wp:featuredmedia":[{"embeddable":true,"href":"https:\/\/www.braun-traditions.com\/sk\/wp-json\/wp\/v2\/media\/748"}],"wp:attachment":[{"href":"https:\/\/www.braun-traditions.com\/sk\/wp-json\/wp\/v2\/media?parent=747"}],"wp:term":[{"taxonomy":"product_cat","embeddable":true,"href":"https:\/\/www.braun-traditions.com\/sk\/wp-json\/wp\/v2\/product_cat?post=747"},{"taxonomy":"product_tag","embeddable":true,"href":"https:\/\/www.braun-traditions.com\/sk\/wp-json\/wp\/v2\/product_tag?post=747"}],"curies":[{"name":"wp","href":"https:\/\/api.w.org\/{rel}","templated":true}]}}