{"id":717,"date":"2023-08-27T15:46:27","date_gmt":"2023-08-27T14:46:27","guid":{"rendered":"https:\/\/www.braun-traditions.com\/?post_type=product&#038;p=717"},"modified":"2023-09-18T22:08:01","modified_gmt":"2023-09-18T21:08:01","slug":"hebe-et-le-nectar-de-jeunesse-eternelle-madrassi-luca","status":"publish","type":"product","link":"https:\/\/www.braun-traditions.com\/sk\/product\/hebe-et-le-nectar-de-jeunesse-eternelle-madrassi-luca\/","title":{"rendered":"\u00ab H\u00e9b\u00e9 et le nectar de jeunesse \u00e9ternelle \u00bb"},"content":{"rendered":"<p>&nbsp;<\/p>\n<p>\u00ab\u00a0H\u00e9b\u00e9 et le nectar de jeunesse \u00e9ternelle\u00a0\u00bb, Madrassi Luca<\/p>\n<p>&nbsp;<\/p>\n<p>Tricessimo en Italie, 1848 \u2013 1919<\/p>\n<p>&nbsp;<\/p>\n<p>Superbe bronze all\u00e9gorique de l\u2019immortalit\u00e9 ou de la jeunesse \u00e9ternelle. H\u00e9b\u00e9, jeune femme nue, d\u00e9esse de la jeunesse \u00e9ternelle, l\u00e8ve la coupe du nectar des dieux en chevauchant un aigle (Zeus, son p\u00e8re). Belle patine. Sign\u00e9 sur la base pour l\u2019artiste italien Luca Madrassi.<\/p>\n<p>&nbsp;<\/p>\n<p>Dimensions\u00a0: H 77 cm<\/p>\n<p>&nbsp;<\/p>\n<p>H\u00e9b\u00e9 dans la mythologie grecque, est la d\u00e9esse de la jeunesse ou de la fleur de l\u2019\u00e2ge. Elle est la fille de Zeus et sa s\u0153ur a\u00een\u00e9e, H\u00e9ra. H\u00e9b\u00e9 \u00e9tait \u00e9chanson des dieux du mont Olympe, servant leur nectar et ambroisie qui assurent l\u2019immortalit\u00e9. Elle est souvent repr\u00e9sent\u00e9e avec son p\u00e8re Zeus sous l\u2019apparence d\u2019un aigle.<\/p>\n<p>&nbsp;<\/p>\n<p>Luca Madrassi (Tricessimo en Italie 1848 \u2013 1919) est un sculpteur italien qui ira \u00e9tudier \u00e0 l\u2019\u00e9cole des beaux-arts de Paris et prendra la nationalit\u00e9 fran\u00e7aise. Cr\u00e9atif, il ex\u00e9cutera principalement des all\u00e9gories et des sc\u00e8nes de genre en pieds ou en buste. Il enverra r\u00e9guli\u00e8rement au Salon.<\/p>\n<p>&nbsp;<\/p>","protected":false},"excerpt":{"rendered":"<p>&nbsp; \u00ab\u00a0H\u00e9b\u00e9 et le nectar de jeunesse \u00e9ternelle\u00a0\u00bb, Madrassi Luca &nbsp; Tricessimo en Italie, 1848 \u2013 1919 &nbsp; Superbe bronze all\u00e9gorique de l\u2019immortalit\u00e9 ou de la jeunesse \u00e9ternelle. H\u00e9b\u00e9, jeune femme nue, d\u00e9esse de la jeunesse \u00e9ternelle, l\u00e8ve la coupe du nectar des dieux en chevauchant un aigle (Zeus, son p\u00e8re). Belle patine. Sign\u00e9 sur [&hellip;]<\/p>","protected":false},"featured_media":733,"comment_status":"open","ping_status":"closed","template":"","meta":[],"product_cat":[76],"product_tag":[],"class_list":["post-717","product","type-product","status-publish","has-post-thumbnail","hentry","product_cat-antiquites"],"acf":[],"yoast_head":"<!-- This site is optimized with the Yoast SEO plugin v21.5 - https:\/\/yoast.com\/wordpress\/plugins\/seo\/ -->\n<title>\u00ab H\u00e9b\u00e9 et le nectar de jeunesse \u00e9ternelle \u00bb - Boutique Braun Traditions<\/title>\n<meta name=\"robots\" content=\"noindex, follow, max-snippet:-1, max-image-preview:large, max-video-preview:-1\" \/>\n<meta property=\"og:locale\" content=\"sk_SK\" \/>\n<meta property=\"og:type\" content=\"article\" \/>\n<meta property=\"og:title\" content=\"\u00ab H\u00e9b\u00e9 et le nectar de jeunesse \u00e9ternelle \u00bb - Boutique Braun Traditions\" \/>\n<meta property=\"og:description\" content=\"&nbsp; \u00ab\u00a0H\u00e9b\u00e9 et le nectar de jeunesse \u00e9ternelle\u00a0\u00bb, Madrassi Luca &nbsp; Tricessimo en Italie, 1848 \u2013 1919 &nbsp; Superbe bronze all\u00e9gorique de l\u2019immortalit\u00e9 ou de la jeunesse \u00e9ternelle. H\u00e9b\u00e9, jeune femme nue, d\u00e9esse de la jeunesse \u00e9ternelle, l\u00e8ve la coupe du nectar des dieux en chevauchant un aigle (Zeus, son p\u00e8re). Belle patine. Sign\u00e9 sur [&hellip;]\" \/>\n<meta property=\"og:url\" content=\"https:\/\/www.braun-traditions.com\/sk\/product\/hebe-et-le-nectar-de-jeunesse-eternelle-madrassi-luca\/\" \/>\n<meta property=\"og:site_name\" content=\"Boutique Braun Traditions\" \/>\n<meta property=\"article:modified_time\" content=\"2023-09-18T21:08:01+00:00\" \/>\n<meta property=\"og:image\" content=\"https:\/\/www.braun-traditions.com\/wp-content\/uploads\/2023\/08\/Luca-Madrassi-Hebe-Jupiter-bronze-H77cm.jpg\" \/>\n\t<meta property=\"og:image:width\" content=\"2560\" \/>\n\t<meta property=\"og:image:height\" content=\"1706\" \/>\n\t<meta property=\"og:image:type\" content=\"image\/jpeg\" \/>\n<meta name=\"twitter:card\" content=\"summary_large_image\" \/>\n<meta name=\"twitter:label1\" content=\"Predpokladan\u00fd \u010das \u010d\u00edtania\" \/>\n\t<meta name=\"twitter:data1\" content=\"1 min\u00fata\" \/>\n<script type=\"application\/ld+json\" class=\"yoast-schema-graph\">{\"@context\":\"https:\/\/schema.org\",\"@graph\":[{\"@type\":\"WebPage\",\"@id\":\"https:\/\/www.braun-traditions.com\/produit\/hebe-et-le-nectar-de-jeunesse-eternelle-madrassi-luca\/\",\"url\":\"https:\/\/www.braun-traditions.com\/produit\/hebe-et-le-nectar-de-jeunesse-eternelle-madrassi-luca\/\",\"name\":\"\u00ab H\u00e9b\u00e9 et le nectar de jeunesse \u00e9ternelle \u00bb - Boutique Braun Traditions\",\"isPartOf\":{\"@id\":\"https:\/\/www.braun-traditions.com\/#website\"},\"datePublished\":\"2023-08-27T14:46:27+00:00\",\"dateModified\":\"2023-09-18T21:08:01+00:00\",\"breadcrumb\":{\"@id\":\"https:\/\/www.braun-traditions.com\/produit\/hebe-et-le-nectar-de-jeunesse-eternelle-madrassi-luca\/#breadcrumb\"},\"inLanguage\":\"sk-SK\",\"potentialAction\":[{\"@type\":\"ReadAction\",\"target\":[\"https:\/\/www.braun-traditions.com\/produit\/hebe-et-le-nectar-de-jeunesse-eternelle-madrassi-luca\/\"]}]},{\"@type\":\"BreadcrumbList\",\"@id\":\"https:\/\/www.braun-traditions.com\/produit\/hebe-et-le-nectar-de-jeunesse-eternelle-madrassi-luca\/#breadcrumb\",\"itemListElement\":[{\"@type\":\"ListItem\",\"position\":1,\"name\":\"Accueil\",\"item\":\"https:\/\/www.braun-traditions.com\/\"},{\"@type\":\"ListItem\",\"position\":2,\"name\":\"Boutique\",\"item\":\"https:\/\/www.braun-traditions.com\/boutique\/\"},{\"@type\":\"ListItem\",\"position\":3,\"name\":\"Antiquit\u00e9s\",\"item\":\"https:\/\/www.braun-traditions.com\/cat\u00e9gorie-de-produit\/antiquites\/\"},{\"@type\":\"ListItem\",\"position\":4,\"name\":\"\u00ab H\u00e9b\u00e9 et le nectar de jeunesse \u00e9ternelle \u00bb\"}]},{\"@type\":\"WebSite\",\"@id\":\"https:\/\/www.braun-traditions.com\/#website\",\"url\":\"https:\/\/www.braun-traditions.com\/\",\"name\":\"Boutique Braun Traditions\",\"description\":\"\",\"potentialAction\":[{\"@type\":\"SearchAction\",\"target\":{\"@type\":\"EntryPoint\",\"urlTemplate\":\"https:\/\/www.braun-traditions.com\/?s={search_term_string}\"},\"query-input\":\"required name=search_term_string\"}],\"inLanguage\":\"sk-SK\"}]}<\/script>\n<!-- \/ Yoast SEO plugin. -->","yoast_head_json":{"title":"\u00ab H\u00e9b\u00e9 et le nectar de jeunesse \u00e9ternelle \u00bb - Boutique Braun Traditions","robots":{"index":"noindex","follow":"follow","max-snippet":"max-snippet:-1","max-image-preview":"max-image-preview:large","max-video-preview":"max-video-preview:-1"},"og_locale":"sk_SK","og_type":"article","og_title":"\u00ab H\u00e9b\u00e9 et le nectar de jeunesse \u00e9ternelle \u00bb - Boutique Braun Traditions","og_description":"&nbsp; \u00ab\u00a0H\u00e9b\u00e9 et le nectar de jeunesse \u00e9ternelle\u00a0\u00bb, Madrassi Luca &nbsp; Tricessimo en Italie, 1848 \u2013 1919 &nbsp; Superbe bronze all\u00e9gorique de l\u2019immortalit\u00e9 ou de la jeunesse \u00e9ternelle. H\u00e9b\u00e9, jeune femme nue, d\u00e9esse de la jeunesse \u00e9ternelle, l\u00e8ve la coupe du nectar des dieux en chevauchant un aigle (Zeus, son p\u00e8re). Belle patine. Sign\u00e9 sur [&hellip;]","og_url":"https:\/\/www.braun-traditions.com\/sk\/product\/hebe-et-le-nectar-de-jeunesse-eternelle-madrassi-luca\/","og_site_name":"Boutique Braun Traditions","article_modified_time":"2023-09-18T21:08:01+00:00","og_image":[{"width":2560,"height":1706,"url":"https:\/\/www.braun-traditions.com\/wp-content\/uploads\/2023\/08\/Luca-Madrassi-Hebe-Jupiter-bronze-H77cm.jpg","type":"image\/jpeg"}],"twitter_card":"summary_large_image","twitter_misc":{"Predpokladan\u00fd \u010das \u010d\u00edtania":"1 min\u00fata"},"schema":{"@context":"https:\/\/schema.org","@graph":[{"@type":"WebPage","@id":"https:\/\/www.braun-traditions.com\/produit\/hebe-et-le-nectar-de-jeunesse-eternelle-madrassi-luca\/","url":"https:\/\/www.braun-traditions.com\/produit\/hebe-et-le-nectar-de-jeunesse-eternelle-madrassi-luca\/","name":"\u00ab H\u00e9b\u00e9 et le nectar de jeunesse \u00e9ternelle \u00bb - Boutique Braun Traditions","isPartOf":{"@id":"https:\/\/www.braun-traditions.com\/#website"},"datePublished":"2023-08-27T14:46:27+00:00","dateModified":"2023-09-18T21:08:01+00:00","breadcrumb":{"@id":"https:\/\/www.braun-traditions.com\/produit\/hebe-et-le-nectar-de-jeunesse-eternelle-madrassi-luca\/#breadcrumb"},"inLanguage":"sk-SK","potentialAction":[{"@type":"ReadAction","target":["https:\/\/www.braun-traditions.com\/produit\/hebe-et-le-nectar-de-jeunesse-eternelle-madrassi-luca\/"]}]},{"@type":"BreadcrumbList","@id":"https:\/\/www.braun-traditions.com\/produit\/hebe-et-le-nectar-de-jeunesse-eternelle-madrassi-luca\/#breadcrumb","itemListElement":[{"@type":"ListItem","position":1,"name":"Accueil","item":"https:\/\/www.braun-traditions.com\/"},{"@type":"ListItem","position":2,"name":"Boutique","item":"https:\/\/www.braun-traditions.com\/boutique\/"},{"@type":"ListItem","position":3,"name":"Antiquit\u00e9s","item":"https:\/\/www.braun-traditions.com\/cat\u00e9gorie-de-produit\/antiquites\/"},{"@type":"ListItem","position":4,"name":"\u00ab H\u00e9b\u00e9 et le nectar de jeunesse \u00e9ternelle \u00bb"}]},{"@type":"WebSite","@id":"https:\/\/www.braun-traditions.com\/#website","url":"https:\/\/www.braun-traditions.com\/","name":"Boutique Braun Traditions","description":"","potentialAction":[{"@type":"SearchAction","target":{"@type":"EntryPoint","urlTemplate":"https:\/\/www.braun-traditions.com\/?s={search_term_string}"},"query-input":"required name=search_term_string"}],"inLanguage":"sk-SK"}]}},"_links":{"self":[{"href":"https:\/\/www.braun-traditions.com\/sk\/wp-json\/wp\/v2\/product\/717","targetHints":{"allow":["GET"]}}],"collection":[{"href":"https:\/\/www.braun-traditions.com\/sk\/wp-json\/wp\/v2\/product"}],"about":[{"href":"https:\/\/www.braun-traditions.com\/sk\/wp-json\/wp\/v2\/types\/product"}],"replies":[{"embeddable":true,"href":"https:\/\/www.braun-traditions.com\/sk\/wp-json\/wp\/v2\/comments?post=717"}],"wp:featuredmedia":[{"embeddable":true,"href":"https:\/\/www.braun-traditions.com\/sk\/wp-json\/wp\/v2\/media\/733"}],"wp:attachment":[{"href":"https:\/\/www.braun-traditions.com\/sk\/wp-json\/wp\/v2\/media?parent=717"}],"wp:term":[{"taxonomy":"product_cat","embeddable":true,"href":"https:\/\/www.braun-traditions.com\/sk\/wp-json\/wp\/v2\/product_cat?post=717"},{"taxonomy":"product_tag","embeddable":true,"href":"https:\/\/www.braun-traditions.com\/sk\/wp-json\/wp\/v2\/product_tag?post=717"}],"curies":[{"name":"wp","href":"https:\/\/api.w.org\/{rel}","templated":true}]}}