{"id":702,"date":"2023-08-27T15:19:26","date_gmt":"2023-08-27T14:19:26","guid":{"rendered":"https:\/\/www.braun-traditions.com\/?post_type=product&#038;p=702"},"modified":"2023-09-18T22:24:31","modified_gmt":"2023-09-18T21:24:31","slug":"pendule-de-deniere-paris-1850","status":"publish","type":"product","link":"https:\/\/www.braun-traditions.com\/sk\/product\/pendule-de-deniere-paris-1850\/","title":{"rendered":"Pendule de Deni\u00e8re Paris, 1850"},"content":{"rendered":"<p>Pendule aux muses, Erato et Calliope, Deni\u00e8re Paris<\/p>\n<p>&nbsp;<\/p>\n<p>Vers 1850<\/p>\n<p>&nbsp;<\/p>\n<p>Mouvement sign\u00e9 Deni\u00e8re \u00e0 Paris.<br \/>\nUne pendule de Deni\u00e8re est conserv\u00e9e \u00e0 la Maison Blanche \u00e0 Washington.<\/p>\n<p>&nbsp;<\/p>\n<p>Grande et belle pendule figurative en bronze et en marbre blanc. Deux muses antiques, Erato et Calliope, d\u00e9esses de la poesie lyrique et \u00e9pique, se tiennent gracieusement ensemble main dans la main. Erato est pr\u00e9sent\u00e9 avec sa lyre, Calliope a une couronne de laurier et des livres. Base en marbre blanc decor\u00e9e de perl\u00e9s en bronze dor\u00e9. cadran en \u00e9mail.<\/p>\n<p>&nbsp;<\/p>\n<p>Deni\u00e8re est un fabricant de bronzes tr\u00e8s important \u00e0 Paris, actif de 1804 jusqu\u2019\u00e0 1890. Il pr\u00e9sente des bronzes de haute qualit\u00e9 aux Expositions Universelles. Commandes officielles en 1852 et 1854 pour l\u2019Empereur (ch\u00e2teau des Tuileries).<\/p>\n<p>&nbsp;<\/p>\n<p>Dimensions : H 73 cm \/ base 32cm x 26cm<\/p>\n<p>&nbsp;<\/p>","protected":false},"excerpt":{"rendered":"<p>Pendule aux muses, Erato et Calliope, Deni\u00e8re Paris &nbsp; Vers 1850 &nbsp; Mouvement sign\u00e9 Deni\u00e8re \u00e0 Paris. Une pendule de Deni\u00e8re est conserv\u00e9e \u00e0 la Maison Blanche \u00e0 Washington. &nbsp; Grande et belle pendule figurative en bronze et en marbre blanc. Deux muses antiques, Erato et Calliope, d\u00e9esses de la poesie lyrique et \u00e9pique, se [&hellip;]<\/p>","protected":false},"featured_media":703,"comment_status":"open","ping_status":"closed","template":"","meta":[],"product_cat":[76],"product_tag":[],"class_list":["post-702","product","type-product","status-publish","has-post-thumbnail","hentry","product_cat-antiquites"],"acf":[],"yoast_head":"<!-- This site is optimized with the Yoast SEO plugin v21.5 - https:\/\/yoast.com\/wordpress\/plugins\/seo\/ -->\n<title>Pendule de Deni\u00e8re Paris, 1850 - Boutique Braun Traditions<\/title>\n<meta name=\"robots\" content=\"noindex, follow, max-snippet:-1, max-image-preview:large, max-video-preview:-1\" \/>\n<meta property=\"og:locale\" content=\"sk_SK\" \/>\n<meta property=\"og:type\" content=\"article\" \/>\n<meta property=\"og:title\" content=\"Pendule de Deni\u00e8re Paris, 1850 - Boutique Braun Traditions\" \/>\n<meta property=\"og:description\" content=\"Pendule aux muses, Erato et Calliope, Deni\u00e8re Paris &nbsp; Vers 1850 &nbsp; Mouvement sign\u00e9 Deni\u00e8re \u00e0 Paris. Une pendule de Deni\u00e8re est conserv\u00e9e \u00e0 la Maison Blanche \u00e0 Washington. &nbsp; Grande et belle pendule figurative en bronze et en marbre blanc. Deux muses antiques, Erato et Calliope, d\u00e9esses de la poesie lyrique et \u00e9pique, se [&hellip;]\" \/>\n<meta property=\"og:url\" content=\"https:\/\/www.braun-traditions.com\/sk\/product\/pendule-de-deniere-paris-1850\/\" \/>\n<meta property=\"og:site_name\" content=\"Boutique Braun Traditions\" \/>\n<meta property=\"article:modified_time\" content=\"2023-09-18T21:24:31+00:00\" \/>\n<meta property=\"og:image\" content=\"https:\/\/www.braun-traditions.com\/wp-content\/uploads\/2023\/08\/Pendule-Erato-et-Calliope-H73cm-L32cm-P26cm-Deniere-Paris.jpg\" \/>\n\t<meta property=\"og:image:width\" content=\"2560\" \/>\n\t<meta property=\"og:image:height\" content=\"1706\" \/>\n\t<meta property=\"og:image:type\" content=\"image\/jpeg\" \/>\n<meta name=\"twitter:card\" content=\"summary_large_image\" \/>\n<meta name=\"twitter:label1\" content=\"Predpokladan\u00fd \u010das \u010d\u00edtania\" \/>\n\t<meta name=\"twitter:data1\" content=\"1 min\u00fata\" \/>\n<script type=\"application\/ld+json\" class=\"yoast-schema-graph\">{\"@context\":\"https:\/\/schema.org\",\"@graph\":[{\"@type\":\"WebPage\",\"@id\":\"https:\/\/www.braun-traditions.com\/produit\/pendule-de-deniere-paris-1850\/\",\"url\":\"https:\/\/www.braun-traditions.com\/produit\/pendule-de-deniere-paris-1850\/\",\"name\":\"Pendule de Deni\u00e8re Paris, 1850 - Boutique Braun Traditions\",\"isPartOf\":{\"@id\":\"https:\/\/www.braun-traditions.com\/#website\"},\"datePublished\":\"2023-08-27T14:19:26+00:00\",\"dateModified\":\"2023-09-18T21:24:31+00:00\",\"breadcrumb\":{\"@id\":\"https:\/\/www.braun-traditions.com\/produit\/pendule-de-deniere-paris-1850\/#breadcrumb\"},\"inLanguage\":\"sk-SK\",\"potentialAction\":[{\"@type\":\"ReadAction\",\"target\":[\"https:\/\/www.braun-traditions.com\/produit\/pendule-de-deniere-paris-1850\/\"]}]},{\"@type\":\"BreadcrumbList\",\"@id\":\"https:\/\/www.braun-traditions.com\/produit\/pendule-de-deniere-paris-1850\/#breadcrumb\",\"itemListElement\":[{\"@type\":\"ListItem\",\"position\":1,\"name\":\"Accueil\",\"item\":\"https:\/\/www.braun-traditions.com\/\"},{\"@type\":\"ListItem\",\"position\":2,\"name\":\"Boutique\",\"item\":\"https:\/\/www.braun-traditions.com\/boutique\/\"},{\"@type\":\"ListItem\",\"position\":3,\"name\":\"Antiquit\u00e9s\",\"item\":\"https:\/\/www.braun-traditions.com\/cat\u00e9gorie-de-produit\/antiquites\/\"},{\"@type\":\"ListItem\",\"position\":4,\"name\":\"Pendule de Deni\u00e8re Paris, 1850\"}]},{\"@type\":\"WebSite\",\"@id\":\"https:\/\/www.braun-traditions.com\/#website\",\"url\":\"https:\/\/www.braun-traditions.com\/\",\"name\":\"Boutique Braun Traditions\",\"description\":\"\",\"potentialAction\":[{\"@type\":\"SearchAction\",\"target\":{\"@type\":\"EntryPoint\",\"urlTemplate\":\"https:\/\/www.braun-traditions.com\/?s={search_term_string}\"},\"query-input\":\"required name=search_term_string\"}],\"inLanguage\":\"sk-SK\"}]}<\/script>\n<!-- \/ Yoast SEO plugin. -->","yoast_head_json":{"title":"Pendule de Deni\u00e8re Paris, 1850 - Boutique Braun Traditions","robots":{"index":"noindex","follow":"follow","max-snippet":"max-snippet:-1","max-image-preview":"max-image-preview:large","max-video-preview":"max-video-preview:-1"},"og_locale":"sk_SK","og_type":"article","og_title":"Pendule de Deni\u00e8re Paris, 1850 - Boutique Braun Traditions","og_description":"Pendule aux muses, Erato et Calliope, Deni\u00e8re Paris &nbsp; Vers 1850 &nbsp; Mouvement sign\u00e9 Deni\u00e8re \u00e0 Paris. Une pendule de Deni\u00e8re est conserv\u00e9e \u00e0 la Maison Blanche \u00e0 Washington. &nbsp; Grande et belle pendule figurative en bronze et en marbre blanc. Deux muses antiques, Erato et Calliope, d\u00e9esses de la poesie lyrique et \u00e9pique, se [&hellip;]","og_url":"https:\/\/www.braun-traditions.com\/sk\/product\/pendule-de-deniere-paris-1850\/","og_site_name":"Boutique Braun Traditions","article_modified_time":"2023-09-18T21:24:31+00:00","og_image":[{"width":2560,"height":1706,"url":"https:\/\/www.braun-traditions.com\/wp-content\/uploads\/2023\/08\/Pendule-Erato-et-Calliope-H73cm-L32cm-P26cm-Deniere-Paris.jpg","type":"image\/jpeg"}],"twitter_card":"summary_large_image","twitter_misc":{"Predpokladan\u00fd \u010das \u010d\u00edtania":"1 min\u00fata"},"schema":{"@context":"https:\/\/schema.org","@graph":[{"@type":"WebPage","@id":"https:\/\/www.braun-traditions.com\/produit\/pendule-de-deniere-paris-1850\/","url":"https:\/\/www.braun-traditions.com\/produit\/pendule-de-deniere-paris-1850\/","name":"Pendule de Deni\u00e8re Paris, 1850 - Boutique Braun Traditions","isPartOf":{"@id":"https:\/\/www.braun-traditions.com\/#website"},"datePublished":"2023-08-27T14:19:26+00:00","dateModified":"2023-09-18T21:24:31+00:00","breadcrumb":{"@id":"https:\/\/www.braun-traditions.com\/produit\/pendule-de-deniere-paris-1850\/#breadcrumb"},"inLanguage":"sk-SK","potentialAction":[{"@type":"ReadAction","target":["https:\/\/www.braun-traditions.com\/produit\/pendule-de-deniere-paris-1850\/"]}]},{"@type":"BreadcrumbList","@id":"https:\/\/www.braun-traditions.com\/produit\/pendule-de-deniere-paris-1850\/#breadcrumb","itemListElement":[{"@type":"ListItem","position":1,"name":"Accueil","item":"https:\/\/www.braun-traditions.com\/"},{"@type":"ListItem","position":2,"name":"Boutique","item":"https:\/\/www.braun-traditions.com\/boutique\/"},{"@type":"ListItem","position":3,"name":"Antiquit\u00e9s","item":"https:\/\/www.braun-traditions.com\/cat\u00e9gorie-de-produit\/antiquites\/"},{"@type":"ListItem","position":4,"name":"Pendule de Deni\u00e8re Paris, 1850"}]},{"@type":"WebSite","@id":"https:\/\/www.braun-traditions.com\/#website","url":"https:\/\/www.braun-traditions.com\/","name":"Boutique Braun Traditions","description":"","potentialAction":[{"@type":"SearchAction","target":{"@type":"EntryPoint","urlTemplate":"https:\/\/www.braun-traditions.com\/?s={search_term_string}"},"query-input":"required name=search_term_string"}],"inLanguage":"sk-SK"}]}},"_links":{"self":[{"href":"https:\/\/www.braun-traditions.com\/sk\/wp-json\/wp\/v2\/product\/702","targetHints":{"allow":["GET"]}}],"collection":[{"href":"https:\/\/www.braun-traditions.com\/sk\/wp-json\/wp\/v2\/product"}],"about":[{"href":"https:\/\/www.braun-traditions.com\/sk\/wp-json\/wp\/v2\/types\/product"}],"replies":[{"embeddable":true,"href":"https:\/\/www.braun-traditions.com\/sk\/wp-json\/wp\/v2\/comments?post=702"}],"wp:featuredmedia":[{"embeddable":true,"href":"https:\/\/www.braun-traditions.com\/sk\/wp-json\/wp\/v2\/media\/703"}],"wp:attachment":[{"href":"https:\/\/www.braun-traditions.com\/sk\/wp-json\/wp\/v2\/media?parent=702"}],"wp:term":[{"taxonomy":"product_cat","embeddable":true,"href":"https:\/\/www.braun-traditions.com\/sk\/wp-json\/wp\/v2\/product_cat?post=702"},{"taxonomy":"product_tag","embeddable":true,"href":"https:\/\/www.braun-traditions.com\/sk\/wp-json\/wp\/v2\/product_tag?post=702"}],"curies":[{"name":"wp","href":"https:\/\/api.w.org\/{rel}","templated":true}]}}