{"id":696,"date":"2023-08-27T15:02:48","date_gmt":"2023-08-27T14:02:48","guid":{"rendered":"https:\/\/www.braun-traditions.com\/?post_type=product&#038;p=696"},"modified":"2023-09-18T22:10:54","modified_gmt":"2023-09-18T21:10:54","slug":"cave-a-liqueur-fin-du-19e-siecle","status":"publish","type":"product","link":"https:\/\/www.braun-traditions.com\/sk\/product\/cave-a-liqueur-fin-du-19e-siecle\/","title":{"rendered":"Cave \u00e0 liqueurs, Paris, fin du 19e si\u00e8cle"},"content":{"rendered":"<p>&nbsp;<\/p>\n<p>Cave \u00e0 liqueurs en verre et bronze, verrerie en cristal<\/p>\n<p>&nbsp;<\/p>\n<p>Paris, fin du 19\u00e8me si\u00e8cle.<\/p>\n<p>&nbsp;<\/p>\n<p>Superbe cave \u00e0 liqueurs en verre biseaut\u00e9, bronzes argent\u00e9 et dor\u00e9 avec la verrerie en cristal compl\u00e8te. Quatre t\u00eates d\u2019\u00e9l\u00e9phant en guise de pieds, les montures en faux bambou dor\u00e9 sont d\u00e9cor\u00e9es de dragons et de papillons sur le dessus. Les panneaux de verre avant et sup\u00e9rieur sont grav\u00e9s d\u2019initiales. La verrerie, quatre carafes et quatorze verres, est \u00e9galement magnifiquement grav\u00e9e. Excellent \u00e9tat.<\/p>\n<p>&nbsp;<\/p>\n<p>Dimensions : H 31cm x L 36cm x P 29cm<\/p>\n<p>&nbsp;<\/p>\n<p>Un mod\u00e8le tr\u00e8s rare et \u00e9l\u00e9gant qui est repr\u00e9sentatif de l\u2019influence orientale dans les arts d\u00e9coratifs de la fin du 19\u00e8me si\u00e8cle.<\/p>\n<p>&nbsp;<\/p>","protected":false},"excerpt":{"rendered":"<p>&nbsp; Cave \u00e0 liqueurs en verre et bronze, verrerie en cristal &nbsp; Paris, fin du 19\u00e8me si\u00e8cle. &nbsp; Superbe cave \u00e0 liqueurs en verre biseaut\u00e9, bronzes argent\u00e9 et dor\u00e9 avec la verrerie en cristal compl\u00e8te. Quatre t\u00eates d\u2019\u00e9l\u00e9phant en guise de pieds, les montures en faux bambou dor\u00e9 sont d\u00e9cor\u00e9es de dragons et de papillons [&hellip;]<\/p>","protected":false},"featured_media":697,"comment_status":"open","ping_status":"closed","template":"","meta":[],"product_cat":[76],"product_tag":[],"class_list":["post-696","product","type-product","status-publish","has-post-thumbnail","hentry","product_cat-antiquites"],"acf":[],"yoast_head":"<!-- This site is optimized with the Yoast SEO plugin v21.5 - https:\/\/yoast.com\/wordpress\/plugins\/seo\/ -->\n<title>Cave \u00e0 liqueurs, Paris, fin du 19e si\u00e8cle - Boutique Braun Traditions<\/title>\n<meta name=\"robots\" content=\"noindex, follow, max-snippet:-1, max-image-preview:large, max-video-preview:-1\" \/>\n<meta property=\"og:locale\" content=\"sk_SK\" \/>\n<meta property=\"og:type\" content=\"article\" \/>\n<meta property=\"og:title\" content=\"Cave \u00e0 liqueurs, Paris, fin du 19e si\u00e8cle - Boutique Braun Traditions\" \/>\n<meta property=\"og:description\" content=\"&nbsp; Cave \u00e0 liqueurs en verre et bronze, verrerie en cristal &nbsp; Paris, fin du 19\u00e8me si\u00e8cle. &nbsp; Superbe cave \u00e0 liqueurs en verre biseaut\u00e9, bronzes argent\u00e9 et dor\u00e9 avec la verrerie en cristal compl\u00e8te. Quatre t\u00eates d\u2019\u00e9l\u00e9phant en guise de pieds, les montures en faux bambou dor\u00e9 sont d\u00e9cor\u00e9es de dragons et de papillons [&hellip;]\" \/>\n<meta property=\"og:url\" content=\"https:\/\/www.braun-traditions.com\/sk\/product\/cave-a-liqueur-fin-du-19e-siecle\/\" \/>\n<meta property=\"og:site_name\" content=\"Boutique Braun Traditions\" \/>\n<meta property=\"article:modified_time\" content=\"2023-09-18T21:10:54+00:00\" \/>\n<meta property=\"og:image\" content=\"https:\/\/www.braun-traditions.com\/wp-content\/uploads\/2023\/08\/PARIS_cave_a_liqueur_cristal_14verres_4falcons_bronze_dore_argent_dragons_teteselephants_HD_1-scaled-1.jpg\" \/>\n\t<meta property=\"og:image:width\" content=\"2560\" \/>\n\t<meta property=\"og:image:height\" content=\"1706\" \/>\n\t<meta property=\"og:image:type\" content=\"image\/jpeg\" \/>\n<meta name=\"twitter:card\" content=\"summary_large_image\" \/>\n<meta name=\"twitter:label1\" content=\"Predpokladan\u00fd \u010das \u010d\u00edtania\" \/>\n\t<meta name=\"twitter:data1\" content=\"1 min\u00fata\" \/>\n<script type=\"application\/ld+json\" class=\"yoast-schema-graph\">{\"@context\":\"https:\/\/schema.org\",\"@graph\":[{\"@type\":\"WebPage\",\"@id\":\"https:\/\/www.braun-traditions.com\/produit\/cave-a-liqueur-fin-du-19e-siecle\/\",\"url\":\"https:\/\/www.braun-traditions.com\/produit\/cave-a-liqueur-fin-du-19e-siecle\/\",\"name\":\"Cave \u00e0 liqueurs, Paris, fin du 19e si\u00e8cle - Boutique Braun Traditions\",\"isPartOf\":{\"@id\":\"https:\/\/www.braun-traditions.com\/#website\"},\"datePublished\":\"2023-08-27T14:02:48+00:00\",\"dateModified\":\"2023-09-18T21:10:54+00:00\",\"breadcrumb\":{\"@id\":\"https:\/\/www.braun-traditions.com\/produit\/cave-a-liqueur-fin-du-19e-siecle\/#breadcrumb\"},\"inLanguage\":\"sk-SK\",\"potentialAction\":[{\"@type\":\"ReadAction\",\"target\":[\"https:\/\/www.braun-traditions.com\/produit\/cave-a-liqueur-fin-du-19e-siecle\/\"]}]},{\"@type\":\"BreadcrumbList\",\"@id\":\"https:\/\/www.braun-traditions.com\/produit\/cave-a-liqueur-fin-du-19e-siecle\/#breadcrumb\",\"itemListElement\":[{\"@type\":\"ListItem\",\"position\":1,\"name\":\"Accueil\",\"item\":\"https:\/\/www.braun-traditions.com\/\"},{\"@type\":\"ListItem\",\"position\":2,\"name\":\"Boutique\",\"item\":\"https:\/\/www.braun-traditions.com\/boutique\/\"},{\"@type\":\"ListItem\",\"position\":3,\"name\":\"Antiquit\u00e9s\",\"item\":\"https:\/\/www.braun-traditions.com\/cat\u00e9gorie-de-produit\/antiquites\/\"},{\"@type\":\"ListItem\",\"position\":4,\"name\":\"Cave \u00e0 liqueurs, Paris, fin du 19e si\u00e8cle\"}]},{\"@type\":\"WebSite\",\"@id\":\"https:\/\/www.braun-traditions.com\/#website\",\"url\":\"https:\/\/www.braun-traditions.com\/\",\"name\":\"Boutique Braun Traditions\",\"description\":\"\",\"potentialAction\":[{\"@type\":\"SearchAction\",\"target\":{\"@type\":\"EntryPoint\",\"urlTemplate\":\"https:\/\/www.braun-traditions.com\/?s={search_term_string}\"},\"query-input\":\"required name=search_term_string\"}],\"inLanguage\":\"sk-SK\"}]}<\/script>\n<!-- \/ Yoast SEO plugin. -->","yoast_head_json":{"title":"Cave \u00e0 liqueurs, Paris, fin du 19e si\u00e8cle - Boutique Braun Traditions","robots":{"index":"noindex","follow":"follow","max-snippet":"max-snippet:-1","max-image-preview":"max-image-preview:large","max-video-preview":"max-video-preview:-1"},"og_locale":"sk_SK","og_type":"article","og_title":"Cave \u00e0 liqueurs, Paris, fin du 19e si\u00e8cle - Boutique Braun Traditions","og_description":"&nbsp; Cave \u00e0 liqueurs en verre et bronze, verrerie en cristal &nbsp; Paris, fin du 19\u00e8me si\u00e8cle. &nbsp; Superbe cave \u00e0 liqueurs en verre biseaut\u00e9, bronzes argent\u00e9 et dor\u00e9 avec la verrerie en cristal compl\u00e8te. Quatre t\u00eates d\u2019\u00e9l\u00e9phant en guise de pieds, les montures en faux bambou dor\u00e9 sont d\u00e9cor\u00e9es de dragons et de papillons [&hellip;]","og_url":"https:\/\/www.braun-traditions.com\/sk\/product\/cave-a-liqueur-fin-du-19e-siecle\/","og_site_name":"Boutique Braun Traditions","article_modified_time":"2023-09-18T21:10:54+00:00","og_image":[{"width":2560,"height":1706,"url":"https:\/\/www.braun-traditions.com\/wp-content\/uploads\/2023\/08\/PARIS_cave_a_liqueur_cristal_14verres_4falcons_bronze_dore_argent_dragons_teteselephants_HD_1-scaled-1.jpg","type":"image\/jpeg"}],"twitter_card":"summary_large_image","twitter_misc":{"Predpokladan\u00fd \u010das \u010d\u00edtania":"1 min\u00fata"},"schema":{"@context":"https:\/\/schema.org","@graph":[{"@type":"WebPage","@id":"https:\/\/www.braun-traditions.com\/produit\/cave-a-liqueur-fin-du-19e-siecle\/","url":"https:\/\/www.braun-traditions.com\/produit\/cave-a-liqueur-fin-du-19e-siecle\/","name":"Cave \u00e0 liqueurs, Paris, fin du 19e si\u00e8cle - Boutique Braun Traditions","isPartOf":{"@id":"https:\/\/www.braun-traditions.com\/#website"},"datePublished":"2023-08-27T14:02:48+00:00","dateModified":"2023-09-18T21:10:54+00:00","breadcrumb":{"@id":"https:\/\/www.braun-traditions.com\/produit\/cave-a-liqueur-fin-du-19e-siecle\/#breadcrumb"},"inLanguage":"sk-SK","potentialAction":[{"@type":"ReadAction","target":["https:\/\/www.braun-traditions.com\/produit\/cave-a-liqueur-fin-du-19e-siecle\/"]}]},{"@type":"BreadcrumbList","@id":"https:\/\/www.braun-traditions.com\/produit\/cave-a-liqueur-fin-du-19e-siecle\/#breadcrumb","itemListElement":[{"@type":"ListItem","position":1,"name":"Accueil","item":"https:\/\/www.braun-traditions.com\/"},{"@type":"ListItem","position":2,"name":"Boutique","item":"https:\/\/www.braun-traditions.com\/boutique\/"},{"@type":"ListItem","position":3,"name":"Antiquit\u00e9s","item":"https:\/\/www.braun-traditions.com\/cat\u00e9gorie-de-produit\/antiquites\/"},{"@type":"ListItem","position":4,"name":"Cave \u00e0 liqueurs, Paris, fin du 19e si\u00e8cle"}]},{"@type":"WebSite","@id":"https:\/\/www.braun-traditions.com\/#website","url":"https:\/\/www.braun-traditions.com\/","name":"Boutique Braun Traditions","description":"","potentialAction":[{"@type":"SearchAction","target":{"@type":"EntryPoint","urlTemplate":"https:\/\/www.braun-traditions.com\/?s={search_term_string}"},"query-input":"required name=search_term_string"}],"inLanguage":"sk-SK"}]}},"_links":{"self":[{"href":"https:\/\/www.braun-traditions.com\/sk\/wp-json\/wp\/v2\/product\/696","targetHints":{"allow":["GET"]}}],"collection":[{"href":"https:\/\/www.braun-traditions.com\/sk\/wp-json\/wp\/v2\/product"}],"about":[{"href":"https:\/\/www.braun-traditions.com\/sk\/wp-json\/wp\/v2\/types\/product"}],"replies":[{"embeddable":true,"href":"https:\/\/www.braun-traditions.com\/sk\/wp-json\/wp\/v2\/comments?post=696"}],"wp:featuredmedia":[{"embeddable":true,"href":"https:\/\/www.braun-traditions.com\/sk\/wp-json\/wp\/v2\/media\/697"}],"wp:attachment":[{"href":"https:\/\/www.braun-traditions.com\/sk\/wp-json\/wp\/v2\/media?parent=696"}],"wp:term":[{"taxonomy":"product_cat","embeddable":true,"href":"https:\/\/www.braun-traditions.com\/sk\/wp-json\/wp\/v2\/product_cat?post=696"},{"taxonomy":"product_tag","embeddable":true,"href":"https:\/\/www.braun-traditions.com\/sk\/wp-json\/wp\/v2\/product_tag?post=696"}],"curies":[{"name":"wp","href":"https:\/\/api.w.org\/{rel}","templated":true}]}}