{"id":688,"date":"2023-08-27T14:47:48","date_gmt":"2023-08-27T13:47:48","guid":{"rendered":"https:\/\/www.braun-traditions.com\/?post_type=product&#038;p=688"},"modified":"2023-09-18T22:22:47","modified_gmt":"2023-09-18T21:22:47","slug":"paire-de-scenes-galantes-autour-dun-chateau-francais","status":"publish","type":"product","link":"https:\/\/www.braun-traditions.com\/sk\/product\/paire-de-scenes-galantes-autour-dun-chateau-francais\/","title":{"rendered":"Paire de sc\u00e8nes galantes autour d\u2019un ch\u00e2teau fran\u00e7ais"},"content":{"rendered":"<p>&nbsp;<\/p>\n<p>Belle paire de sc\u00e8nes de style XVIIIe si\u00e8cle autour et dans un ch\u00e2teau fran\u00e7ais. Huiles sur panneaux.<\/p>\n<p>&nbsp;<\/p>\n<p>Alonso-P\u00e9rez, Espagne 1881- 1914. D\u2019\u00e9cole espagnole, le peintre a principalement travaill\u00e9 en France.<\/p>\n<p>&nbsp;<\/p>\n<p>Dimensions : H 61cm x L 49cm \u2013 H 74cm x L 63cm<\/p>\n<p>&nbsp;<\/p>\n<p>Alonso-P\u00e9rez est n\u00e9 dans une famille d\u2019artistes en 1881 \u00e0 Saragosse, en Espagne. Son p\u00e8re, Mariano, \u00e9tait \u00e9galement peintre et a tr\u00e8s certainement pris son fils comme \u00e9l\u00e8ve. Le style de Mariano comprenait des sc\u00e8nes de costumes anecdotiques. Alonso-P\u00e9rez a 20 ans lorsqu\u2019il participe au Salon de Paris en 1901. Sur le plan artistique, Alonso-P\u00e9rez suit les traces de son p\u00e8re en peignant des sc\u00e8nes de genre l\u00e9g\u00e8res qui s\u2019inspirent de mod\u00e8les du XVIIIe si\u00e8cle. P\u00e9rez a \u00e9galement peint la vie contemporaine \u00e0 Paris, en utilisant souvent un m\u00e9lange de d\u00e9cors de la fin du XIXe si\u00e8cle et de costumes \u00e0 la mode d\u2019une p\u00e9riode ant\u00e9rieure.\u00a0 P\u00e9rez a \u00e9galement con\u00e7u des mod\u00e8les de tapisserie pour Neyret Fr\u00e8res et Cie de Saint-\u00c9tienne dans la r\u00e9gion de la vall\u00e9e du Rh\u00f4ne. P\u00e9rez \u00e9tait un graveur, cr\u00e9ant des lithographies telles que le Bal \u00e9poque Louis XV qui se trouve maintenant dans la collection du Louvre, et des estampes pour la publication dans une vari\u00e9t\u00e9 de journaux d\u2019art. Il meurt en 1914 \u00e0 l\u2019\u00e2ge de 33 ans.<\/p>\n<p>&nbsp;<\/p>\n<p>\u00c0 cette \u00e9poque, les collectionneurs d\u2019art europ\u00e9ens et am\u00e9ricains sont fascin\u00e9s par les \u00e9vocations du 18e si\u00e8cle des peintures de genre du 19<sup>e<\/sup>\u00a0si\u00e8cle. Cette tendance appel\u00e9e \u00ab\u00a0le renouveau rococo\u00a0\u00bb conduira finalement au d\u00e9veloppement de l\u2019art nouveau dans les ann\u00e9es 1880.<\/p>\n<p>&nbsp;<\/p>","protected":false},"excerpt":{"rendered":"<p>&nbsp; Belle paire de sc\u00e8nes de style XVIIIe si\u00e8cle autour et dans un ch\u00e2teau fran\u00e7ais. Huiles sur panneaux. &nbsp; Alonso-P\u00e9rez, Espagne 1881- 1914. D\u2019\u00e9cole espagnole, le peintre a principalement travaill\u00e9 en France. &nbsp; Dimensions : H 61cm x L 49cm \u2013 H 74cm x L 63cm &nbsp; Alonso-P\u00e9rez est n\u00e9 dans une famille d\u2019artistes en [&hellip;]<\/p>","protected":false},"featured_media":689,"comment_status":"open","ping_status":"closed","template":"","meta":[],"product_cat":[76],"product_tag":[],"class_list":["post-688","product","type-product","status-publish","has-post-thumbnail","hentry","product_cat-antiquites"],"acf":[],"yoast_head":"<!-- This site is optimized with the Yoast SEO plugin v21.5 - https:\/\/yoast.com\/wordpress\/plugins\/seo\/ -->\n<title>Paire de sc\u00e8nes galantes autour d\u2019un ch\u00e2teau fran\u00e7ais - Boutique Braun Traditions<\/title>\n<meta name=\"robots\" content=\"noindex, follow, max-snippet:-1, max-image-preview:large, max-video-preview:-1\" \/>\n<meta property=\"og:locale\" content=\"sk_SK\" \/>\n<meta property=\"og:type\" content=\"article\" \/>\n<meta property=\"og:title\" content=\"Paire de sc\u00e8nes galantes autour d\u2019un ch\u00e2teau fran\u00e7ais - Boutique Braun Traditions\" \/>\n<meta property=\"og:description\" content=\"&nbsp; Belle paire de sc\u00e8nes de style XVIIIe si\u00e8cle autour et dans un ch\u00e2teau fran\u00e7ais. Huiles sur panneaux. &nbsp; Alonso-P\u00e9rez, Espagne 1881- 1914. D\u2019\u00e9cole espagnole, le peintre a principalement travaill\u00e9 en France. &nbsp; Dimensions : H 61cm x L 49cm \u2013 H 74cm x L 63cm &nbsp; Alonso-P\u00e9rez est n\u00e9 dans une famille d\u2019artistes en [&hellip;]\" \/>\n<meta property=\"og:url\" content=\"https:\/\/www.braun-traditions.com\/sk\/product\/paire-de-scenes-galantes-autour-dun-chateau-francais\/\" \/>\n<meta property=\"og:site_name\" content=\"Boutique Braun Traditions\" \/>\n<meta property=\"article:modified_time\" content=\"2023-09-18T21:22:47+00:00\" \/>\n<meta property=\"og:image\" content=\"https:\/\/www.braun-traditions.com\/wp-content\/uploads\/2023\/08\/ALONSO-PEREZ_Pair_pannels_Garden_show_chateau_life_1-scaled-1.jpg\" \/>\n\t<meta property=\"og:image:width\" content=\"2560\" \/>\n\t<meta property=\"og:image:height\" content=\"1707\" \/>\n\t<meta property=\"og:image:type\" content=\"image\/jpeg\" \/>\n<meta name=\"twitter:card\" content=\"summary_large_image\" \/>\n<meta name=\"twitter:label1\" content=\"Predpokladan\u00fd \u010das \u010d\u00edtania\" \/>\n\t<meta name=\"twitter:data1\" content=\"2 min\u00faty\" \/>\n<script type=\"application\/ld+json\" class=\"yoast-schema-graph\">{\"@context\":\"https:\/\/schema.org\",\"@graph\":[{\"@type\":\"WebPage\",\"@id\":\"https:\/\/www.braun-traditions.com\/produit\/paire-de-scenes-galantes-autour-dun-chateau-francais\/\",\"url\":\"https:\/\/www.braun-traditions.com\/produit\/paire-de-scenes-galantes-autour-dun-chateau-francais\/\",\"name\":\"Paire de sc\u00e8nes galantes autour d\u2019un ch\u00e2teau fran\u00e7ais - Boutique Braun Traditions\",\"isPartOf\":{\"@id\":\"https:\/\/www.braun-traditions.com\/#website\"},\"datePublished\":\"2023-08-27T13:47:48+00:00\",\"dateModified\":\"2023-09-18T21:22:47+00:00\",\"breadcrumb\":{\"@id\":\"https:\/\/www.braun-traditions.com\/produit\/paire-de-scenes-galantes-autour-dun-chateau-francais\/#breadcrumb\"},\"inLanguage\":\"sk-SK\",\"potentialAction\":[{\"@type\":\"ReadAction\",\"target\":[\"https:\/\/www.braun-traditions.com\/produit\/paire-de-scenes-galantes-autour-dun-chateau-francais\/\"]}]},{\"@type\":\"BreadcrumbList\",\"@id\":\"https:\/\/www.braun-traditions.com\/produit\/paire-de-scenes-galantes-autour-dun-chateau-francais\/#breadcrumb\",\"itemListElement\":[{\"@type\":\"ListItem\",\"position\":1,\"name\":\"Accueil\",\"item\":\"https:\/\/www.braun-traditions.com\/\"},{\"@type\":\"ListItem\",\"position\":2,\"name\":\"Boutique\",\"item\":\"https:\/\/www.braun-traditions.com\/boutique\/\"},{\"@type\":\"ListItem\",\"position\":3,\"name\":\"Antiquit\u00e9s\",\"item\":\"https:\/\/www.braun-traditions.com\/cat\u00e9gorie-de-produit\/antiquites\/\"},{\"@type\":\"ListItem\",\"position\":4,\"name\":\"Paire de sc\u00e8nes galantes autour d\u2019un ch\u00e2teau fran\u00e7ais\"}]},{\"@type\":\"WebSite\",\"@id\":\"https:\/\/www.braun-traditions.com\/#website\",\"url\":\"https:\/\/www.braun-traditions.com\/\",\"name\":\"Boutique Braun Traditions\",\"description\":\"\",\"potentialAction\":[{\"@type\":\"SearchAction\",\"target\":{\"@type\":\"EntryPoint\",\"urlTemplate\":\"https:\/\/www.braun-traditions.com\/?s={search_term_string}\"},\"query-input\":\"required name=search_term_string\"}],\"inLanguage\":\"sk-SK\"}]}<\/script>\n<!-- \/ Yoast SEO plugin. -->","yoast_head_json":{"title":"Paire de sc\u00e8nes galantes autour d\u2019un ch\u00e2teau fran\u00e7ais - Boutique Braun Traditions","robots":{"index":"noindex","follow":"follow","max-snippet":"max-snippet:-1","max-image-preview":"max-image-preview:large","max-video-preview":"max-video-preview:-1"},"og_locale":"sk_SK","og_type":"article","og_title":"Paire de sc\u00e8nes galantes autour d\u2019un ch\u00e2teau fran\u00e7ais - Boutique Braun Traditions","og_description":"&nbsp; Belle paire de sc\u00e8nes de style XVIIIe si\u00e8cle autour et dans un ch\u00e2teau fran\u00e7ais. Huiles sur panneaux. &nbsp; Alonso-P\u00e9rez, Espagne 1881- 1914. D\u2019\u00e9cole espagnole, le peintre a principalement travaill\u00e9 en France. &nbsp; Dimensions : H 61cm x L 49cm \u2013 H 74cm x L 63cm &nbsp; Alonso-P\u00e9rez est n\u00e9 dans une famille d\u2019artistes en [&hellip;]","og_url":"https:\/\/www.braun-traditions.com\/sk\/product\/paire-de-scenes-galantes-autour-dun-chateau-francais\/","og_site_name":"Boutique Braun Traditions","article_modified_time":"2023-09-18T21:22:47+00:00","og_image":[{"width":2560,"height":1707,"url":"https:\/\/www.braun-traditions.com\/wp-content\/uploads\/2023\/08\/ALONSO-PEREZ_Pair_pannels_Garden_show_chateau_life_1-scaled-1.jpg","type":"image\/jpeg"}],"twitter_card":"summary_large_image","twitter_misc":{"Predpokladan\u00fd \u010das \u010d\u00edtania":"2 min\u00faty"},"schema":{"@context":"https:\/\/schema.org","@graph":[{"@type":"WebPage","@id":"https:\/\/www.braun-traditions.com\/produit\/paire-de-scenes-galantes-autour-dun-chateau-francais\/","url":"https:\/\/www.braun-traditions.com\/produit\/paire-de-scenes-galantes-autour-dun-chateau-francais\/","name":"Paire de sc\u00e8nes galantes autour d\u2019un ch\u00e2teau fran\u00e7ais - Boutique Braun Traditions","isPartOf":{"@id":"https:\/\/www.braun-traditions.com\/#website"},"datePublished":"2023-08-27T13:47:48+00:00","dateModified":"2023-09-18T21:22:47+00:00","breadcrumb":{"@id":"https:\/\/www.braun-traditions.com\/produit\/paire-de-scenes-galantes-autour-dun-chateau-francais\/#breadcrumb"},"inLanguage":"sk-SK","potentialAction":[{"@type":"ReadAction","target":["https:\/\/www.braun-traditions.com\/produit\/paire-de-scenes-galantes-autour-dun-chateau-francais\/"]}]},{"@type":"BreadcrumbList","@id":"https:\/\/www.braun-traditions.com\/produit\/paire-de-scenes-galantes-autour-dun-chateau-francais\/#breadcrumb","itemListElement":[{"@type":"ListItem","position":1,"name":"Accueil","item":"https:\/\/www.braun-traditions.com\/"},{"@type":"ListItem","position":2,"name":"Boutique","item":"https:\/\/www.braun-traditions.com\/boutique\/"},{"@type":"ListItem","position":3,"name":"Antiquit\u00e9s","item":"https:\/\/www.braun-traditions.com\/cat\u00e9gorie-de-produit\/antiquites\/"},{"@type":"ListItem","position":4,"name":"Paire de sc\u00e8nes galantes autour d\u2019un ch\u00e2teau fran\u00e7ais"}]},{"@type":"WebSite","@id":"https:\/\/www.braun-traditions.com\/#website","url":"https:\/\/www.braun-traditions.com\/","name":"Boutique Braun Traditions","description":"","potentialAction":[{"@type":"SearchAction","target":{"@type":"EntryPoint","urlTemplate":"https:\/\/www.braun-traditions.com\/?s={search_term_string}"},"query-input":"required name=search_term_string"}],"inLanguage":"sk-SK"}]}},"_links":{"self":[{"href":"https:\/\/www.braun-traditions.com\/sk\/wp-json\/wp\/v2\/product\/688","targetHints":{"allow":["GET"]}}],"collection":[{"href":"https:\/\/www.braun-traditions.com\/sk\/wp-json\/wp\/v2\/product"}],"about":[{"href":"https:\/\/www.braun-traditions.com\/sk\/wp-json\/wp\/v2\/types\/product"}],"replies":[{"embeddable":true,"href":"https:\/\/www.braun-traditions.com\/sk\/wp-json\/wp\/v2\/comments?post=688"}],"wp:featuredmedia":[{"embeddable":true,"href":"https:\/\/www.braun-traditions.com\/sk\/wp-json\/wp\/v2\/media\/689"}],"wp:attachment":[{"href":"https:\/\/www.braun-traditions.com\/sk\/wp-json\/wp\/v2\/media?parent=688"}],"wp:term":[{"taxonomy":"product_cat","embeddable":true,"href":"https:\/\/www.braun-traditions.com\/sk\/wp-json\/wp\/v2\/product_cat?post=688"},{"taxonomy":"product_tag","embeddable":true,"href":"https:\/\/www.braun-traditions.com\/sk\/wp-json\/wp\/v2\/product_tag?post=688"}],"curies":[{"name":"wp","href":"https:\/\/api.w.org\/{rel}","templated":true}]}}