{"id":569,"date":"2023-07-24T21:14:44","date_gmt":"2023-07-24T20:14:44","guid":{"rendered":"https:\/\/www.braun-traditions.com\/?post_type=product&#038;p=569"},"modified":"2023-09-18T21:30:50","modified_gmt":"2023-09-18T20:30:50","slug":"bb-tradition-brut","status":"publish","type":"product","link":"https:\/\/www.braun-traditions.com\/sk\/product\/bb-tradition-brut\/","title":{"rendered":"BB Tradition Brut"},"content":{"rendered":"<p>&nbsp;<\/p>\n<p>Cel\u00e1 okr\u00fahlos\u0165 dominantnej odrody vini\u010da, Pinot Meunier, je vyjadren\u00e1 v na\u0161ej trad\u00edcii \u0161ampansk\u00e9ho. Na oku n\u00e1jdeme jeho \u017eiariv\u00fd zlat\u00fd odtie\u0148 a jeho \u017eiv\u00e9 \u0161umenie, zatia\u013e \u010do nos vyd\u00e1va gurm\u00e1nske parfumy. Pr\u00e1ve v \u00fastach sa odha\u013euje t\u00e1to dokonal\u00e1 harm\u00f3nia.<\/p>\n<p>&nbsp;<\/p>\n<p>Produkt Franc\u00fazska<\/p>\n<p>&nbsp;<\/p>","protected":false},"excerpt":{"rendered":"<p>&nbsp; Toute la rondeur du c\u00e9page dominant, le Pinot Meunier, s\u2019exprime \u00e0 travers notre Champagne Tradition. Nous retrouvons \u00e0 l\u2019oeil sa teinte or brillant et sa vive effervescence, alors que se d\u00e9gage au nez des parfums gourmands. C\u2019est en bouche que se r\u00e9v\u00e8le cette parfaite harmonie. &nbsp; Produit de France &nbsp;<\/p>","protected":false},"featured_media":570,"comment_status":"open","ping_status":"closed","template":"","meta":[],"product_cat":[15,66,30],"product_tag":[],"class_list":["post-569","product","type-product","status-publish","has-post-thumbnail","hentry","product_cat-derniers-produits","product_cat-champagne","product_cat-produits-recommandes"],"acf":[],"yoast_head":"<!-- This site is optimized with the Yoast SEO plugin v21.5 - https:\/\/yoast.com\/wordpress\/plugins\/seo\/ -->\n<title>BB Tradition Brut - Boutique Braun Traditions<\/title>\n<meta name=\"robots\" content=\"noindex, follow, max-snippet:-1, max-image-preview:large, max-video-preview:-1\" \/>\n<meta property=\"og:locale\" content=\"sk_SK\" \/>\n<meta property=\"og:type\" content=\"article\" \/>\n<meta property=\"og:title\" content=\"BB Tradition Brut - Boutique Braun Traditions\" \/>\n<meta property=\"og:description\" content=\"&nbsp; Toute la rondeur du c\u00e9page dominant, le Pinot Meunier, s\u2019exprime \u00e0 travers notre Champagne Tradition. Nous retrouvons \u00e0 l\u2019oeil sa teinte or brillant et sa vive effervescence, alors que se d\u00e9gage au nez des parfums gourmands. C\u2019est en bouche que se r\u00e9v\u00e8le cette parfaite harmonie. &nbsp; Produit de France &nbsp;\" \/>\n<meta property=\"og:url\" content=\"https:\/\/www.braun-traditions.com\/sk\/product\/bb-tradition-brut\/\" \/>\n<meta property=\"og:site_name\" content=\"Boutique Braun Traditions\" \/>\n<meta property=\"article:modified_time\" content=\"2023-09-18T20:30:50+00:00\" \/>\n<meta property=\"og:image\" content=\"https:\/\/www.braun-traditions.com\/wp-content\/uploads\/2023\/07\/Champagne-D-1-scaled.jpg\" \/>\n\t<meta property=\"og:image:width\" content=\"1707\" \/>\n\t<meta property=\"og:image:height\" content=\"2560\" \/>\n\t<meta property=\"og:image:type\" content=\"image\/jpeg\" \/>\n<meta name=\"twitter:card\" content=\"summary_large_image\" \/>\n<meta name=\"twitter:label1\" content=\"Predpokladan\u00fd \u010das \u010d\u00edtania\" \/>\n\t<meta name=\"twitter:data1\" content=\"1 min\u00fata\" \/>\n<script type=\"application\/ld+json\" class=\"yoast-schema-graph\">{\"@context\":\"https:\/\/schema.org\",\"@graph\":[{\"@type\":\"WebPage\",\"@id\":\"https:\/\/www.braun-traditions.com\/produit\/bb-tradition-brut\/\",\"url\":\"https:\/\/www.braun-traditions.com\/produit\/bb-tradition-brut\/\",\"name\":\"BB Tradition Brut - Boutique Braun Traditions\",\"isPartOf\":{\"@id\":\"https:\/\/www.braun-traditions.com\/#website\"},\"datePublished\":\"2023-07-24T20:14:44+00:00\",\"dateModified\":\"2023-09-18T20:30:50+00:00\",\"breadcrumb\":{\"@id\":\"https:\/\/www.braun-traditions.com\/produit\/bb-tradition-brut\/#breadcrumb\"},\"inLanguage\":\"sk-SK\",\"potentialAction\":[{\"@type\":\"ReadAction\",\"target\":[\"https:\/\/www.braun-traditions.com\/produit\/bb-tradition-brut\/\"]}]},{\"@type\":\"BreadcrumbList\",\"@id\":\"https:\/\/www.braun-traditions.com\/produit\/bb-tradition-brut\/#breadcrumb\",\"itemListElement\":[{\"@type\":\"ListItem\",\"position\":1,\"name\":\"Accueil\",\"item\":\"https:\/\/www.braun-traditions.com\/\"},{\"@type\":\"ListItem\",\"position\":2,\"name\":\"Boutique\",\"item\":\"https:\/\/www.braun-traditions.com\/boutique\/\"},{\"@type\":\"ListItem\",\"position\":3,\"name\":\"Derniers produits\",\"item\":\"https:\/\/www.braun-traditions.com\/cat\u00e9gorie-de-produit\/derniers-produits\/\"},{\"@type\":\"ListItem\",\"position\":4,\"name\":\"BB Tradition Brut\"}]},{\"@type\":\"WebSite\",\"@id\":\"https:\/\/www.braun-traditions.com\/#website\",\"url\":\"https:\/\/www.braun-traditions.com\/\",\"name\":\"Boutique Braun Traditions\",\"description\":\"\",\"potentialAction\":[{\"@type\":\"SearchAction\",\"target\":{\"@type\":\"EntryPoint\",\"urlTemplate\":\"https:\/\/www.braun-traditions.com\/?s={search_term_string}\"},\"query-input\":\"required name=search_term_string\"}],\"inLanguage\":\"sk-SK\"}]}<\/script>\n<!-- \/ Yoast SEO plugin. -->","yoast_head_json":{"title":"BB Tradition Brut - Boutique Braun Traditions","robots":{"index":"noindex","follow":"follow","max-snippet":"max-snippet:-1","max-image-preview":"max-image-preview:large","max-video-preview":"max-video-preview:-1"},"og_locale":"sk_SK","og_type":"article","og_title":"BB Tradition Brut - Boutique Braun Traditions","og_description":"&nbsp; Toute la rondeur du c\u00e9page dominant, le Pinot Meunier, s\u2019exprime \u00e0 travers notre Champagne Tradition. Nous retrouvons \u00e0 l\u2019oeil sa teinte or brillant et sa vive effervescence, alors que se d\u00e9gage au nez des parfums gourmands. C\u2019est en bouche que se r\u00e9v\u00e8le cette parfaite harmonie. &nbsp; Produit de France &nbsp;","og_url":"https:\/\/www.braun-traditions.com\/sk\/product\/bb-tradition-brut\/","og_site_name":"Boutique Braun Traditions","article_modified_time":"2023-09-18T20:30:50+00:00","og_image":[{"width":1707,"height":2560,"url":"https:\/\/www.braun-traditions.com\/wp-content\/uploads\/2023\/07\/Champagne-D-1-scaled.jpg","type":"image\/jpeg"}],"twitter_card":"summary_large_image","twitter_misc":{"Predpokladan\u00fd \u010das \u010d\u00edtania":"1 min\u00fata"},"schema":{"@context":"https:\/\/schema.org","@graph":[{"@type":"WebPage","@id":"https:\/\/www.braun-traditions.com\/produit\/bb-tradition-brut\/","url":"https:\/\/www.braun-traditions.com\/produit\/bb-tradition-brut\/","name":"BB Tradition Brut - Boutique Braun Traditions","isPartOf":{"@id":"https:\/\/www.braun-traditions.com\/#website"},"datePublished":"2023-07-24T20:14:44+00:00","dateModified":"2023-09-18T20:30:50+00:00","breadcrumb":{"@id":"https:\/\/www.braun-traditions.com\/produit\/bb-tradition-brut\/#breadcrumb"},"inLanguage":"sk-SK","potentialAction":[{"@type":"ReadAction","target":["https:\/\/www.braun-traditions.com\/produit\/bb-tradition-brut\/"]}]},{"@type":"BreadcrumbList","@id":"https:\/\/www.braun-traditions.com\/produit\/bb-tradition-brut\/#breadcrumb","itemListElement":[{"@type":"ListItem","position":1,"name":"Accueil","item":"https:\/\/www.braun-traditions.com\/"},{"@type":"ListItem","position":2,"name":"Boutique","item":"https:\/\/www.braun-traditions.com\/boutique\/"},{"@type":"ListItem","position":3,"name":"Derniers produits","item":"https:\/\/www.braun-traditions.com\/cat\u00e9gorie-de-produit\/derniers-produits\/"},{"@type":"ListItem","position":4,"name":"BB Tradition Brut"}]},{"@type":"WebSite","@id":"https:\/\/www.braun-traditions.com\/#website","url":"https:\/\/www.braun-traditions.com\/","name":"Boutique Braun Traditions","description":"","potentialAction":[{"@type":"SearchAction","target":{"@type":"EntryPoint","urlTemplate":"https:\/\/www.braun-traditions.com\/?s={search_term_string}"},"query-input":"required name=search_term_string"}],"inLanguage":"sk-SK"}]}},"_links":{"self":[{"href":"https:\/\/www.braun-traditions.com\/sk\/wp-json\/wp\/v2\/product\/569","targetHints":{"allow":["GET"]}}],"collection":[{"href":"https:\/\/www.braun-traditions.com\/sk\/wp-json\/wp\/v2\/product"}],"about":[{"href":"https:\/\/www.braun-traditions.com\/sk\/wp-json\/wp\/v2\/types\/product"}],"replies":[{"embeddable":true,"href":"https:\/\/www.braun-traditions.com\/sk\/wp-json\/wp\/v2\/comments?post=569"}],"wp:featuredmedia":[{"embeddable":true,"href":"https:\/\/www.braun-traditions.com\/sk\/wp-json\/wp\/v2\/media\/570"}],"wp:attachment":[{"href":"https:\/\/www.braun-traditions.com\/sk\/wp-json\/wp\/v2\/media?parent=569"}],"wp:term":[{"taxonomy":"product_cat","embeddable":true,"href":"https:\/\/www.braun-traditions.com\/sk\/wp-json\/wp\/v2\/product_cat?post=569"},{"taxonomy":"product_tag","embeddable":true,"href":"https:\/\/www.braun-traditions.com\/sk\/wp-json\/wp\/v2\/product_tag?post=569"}],"curies":[{"name":"wp","href":"https:\/\/api.w.org\/{rel}","templated":true}]}}