{"id":561,"date":"2023-07-24T20:47:10","date_gmt":"2023-07-24T19:47:10","guid":{"rendered":"https:\/\/www.braun-traditions.com\/?post_type=product&#038;p=561"},"modified":"2023-09-18T21:34:21","modified_gmt":"2023-09-18T20:34:21","slug":"bb-euphorie","status":"publish","type":"product","link":"https:\/\/www.braun-traditions.com\/sk\/product\/bb-euphorie\/","title":{"rendered":"BB Euphory"},"content":{"rendered":"<p>La dominance du Chardonnay donne \u00e0 ce champagne une belle robe or clair au nez d\u00e9licat.<\/p>\n<p>En bouche, des ar\u00f4mes croquants se r\u00e9v\u00e8lent pour laisser s\u2019exprimer des fruits blancs avec beaucoup de fraicheur.<\/p>\n<p>&nbsp;<\/p>\n<p>Produkt Franc\u00fazska<\/p>\n<p>&nbsp;<\/p>","protected":false},"excerpt":{"rendered":"<p>La dominance du Chardonnay donne \u00e0 ce champagne une belle robe or clair au nez d\u00e9licat. En bouche, des ar\u00f4mes croquants se r\u00e9v\u00e8lent pour laisser s\u2019exprimer des fruits blancs avec beaucoup de fraicheur. &nbsp; Produit de France &nbsp;<\/p>","protected":false},"featured_media":563,"comment_status":"open","ping_status":"closed","template":"","meta":[],"product_cat":[15,66,30],"product_tag":[],"class_list":["post-561","product","type-product","status-publish","has-post-thumbnail","hentry","product_cat-derniers-produits","product_cat-champagne","product_cat-produits-recommandes"],"acf":[],"yoast_head":"<!-- This site is optimized with the Yoast SEO plugin v21.5 - https:\/\/yoast.com\/wordpress\/plugins\/seo\/ -->\n<title>BB Euphorie - Boutique Braun Traditions<\/title>\n<meta name=\"robots\" content=\"noindex, follow, max-snippet:-1, max-image-preview:large, max-video-preview:-1\" \/>\n<meta property=\"og:locale\" content=\"sk_SK\" \/>\n<meta property=\"og:type\" content=\"article\" \/>\n<meta property=\"og:title\" content=\"BB Euphorie - Boutique Braun Traditions\" \/>\n<meta property=\"og:description\" content=\"La dominance du Chardonnay donne \u00e0 ce champagne une belle robe or clair au nez d\u00e9licat. En bouche, des ar\u00f4mes croquants se r\u00e9v\u00e8lent pour laisser s\u2019exprimer des fruits blancs avec beaucoup de fraicheur. &nbsp; Produit de France &nbsp;\" \/>\n<meta property=\"og:url\" content=\"https:\/\/www.braun-traditions.com\/sk\/product\/bb-euphorie\/\" \/>\n<meta property=\"og:site_name\" content=\"Boutique Braun Traditions\" \/>\n<meta property=\"article:modified_time\" content=\"2023-09-18T20:34:21+00:00\" \/>\n<meta property=\"og:image\" content=\"https:\/\/www.braun-traditions.com\/wp-content\/uploads\/2023\/07\/Champagne-D-4-scaled.jpg\" \/>\n\t<meta property=\"og:image:width\" content=\"1707\" \/>\n\t<meta property=\"og:image:height\" content=\"2560\" \/>\n\t<meta property=\"og:image:type\" content=\"image\/jpeg\" \/>\n<meta name=\"twitter:card\" content=\"summary_large_image\" \/>\n<meta name=\"twitter:label1\" content=\"Predpokladan\u00fd \u010das \u010d\u00edtania\" \/>\n\t<meta name=\"twitter:data1\" content=\"1 min\u00fata\" \/>\n<script type=\"application\/ld+json\" class=\"yoast-schema-graph\">{\"@context\":\"https:\/\/schema.org\",\"@graph\":[{\"@type\":\"WebPage\",\"@id\":\"https:\/\/www.braun-traditions.com\/produit\/bb-euphorie\/\",\"url\":\"https:\/\/www.braun-traditions.com\/produit\/bb-euphorie\/\",\"name\":\"BB Euphorie - Boutique Braun Traditions\",\"isPartOf\":{\"@id\":\"https:\/\/www.braun-traditions.com\/#website\"},\"datePublished\":\"2023-07-24T19:47:10+00:00\",\"dateModified\":\"2023-09-18T20:34:21+00:00\",\"breadcrumb\":{\"@id\":\"https:\/\/www.braun-traditions.com\/produit\/bb-euphorie\/#breadcrumb\"},\"inLanguage\":\"sk-SK\",\"potentialAction\":[{\"@type\":\"ReadAction\",\"target\":[\"https:\/\/www.braun-traditions.com\/produit\/bb-euphorie\/\"]}]},{\"@type\":\"BreadcrumbList\",\"@id\":\"https:\/\/www.braun-traditions.com\/produit\/bb-euphorie\/#breadcrumb\",\"itemListElement\":[{\"@type\":\"ListItem\",\"position\":1,\"name\":\"Accueil\",\"item\":\"https:\/\/www.braun-traditions.com\/\"},{\"@type\":\"ListItem\",\"position\":2,\"name\":\"Boutique\",\"item\":\"https:\/\/www.braun-traditions.com\/boutique\/\"},{\"@type\":\"ListItem\",\"position\":3,\"name\":\"Derniers produits\",\"item\":\"https:\/\/www.braun-traditions.com\/cat\u00e9gorie-de-produit\/derniers-produits\/\"},{\"@type\":\"ListItem\",\"position\":4,\"name\":\"BB Euphorie\"}]},{\"@type\":\"WebSite\",\"@id\":\"https:\/\/www.braun-traditions.com\/#website\",\"url\":\"https:\/\/www.braun-traditions.com\/\",\"name\":\"Boutique Braun Traditions\",\"description\":\"\",\"potentialAction\":[{\"@type\":\"SearchAction\",\"target\":{\"@type\":\"EntryPoint\",\"urlTemplate\":\"https:\/\/www.braun-traditions.com\/?s={search_term_string}\"},\"query-input\":\"required name=search_term_string\"}],\"inLanguage\":\"sk-SK\"}]}<\/script>\n<!-- \/ Yoast SEO plugin. -->","yoast_head_json":{"title":"BB Euphorie - Boutique Braun Traditions","robots":{"index":"noindex","follow":"follow","max-snippet":"max-snippet:-1","max-image-preview":"max-image-preview:large","max-video-preview":"max-video-preview:-1"},"og_locale":"sk_SK","og_type":"article","og_title":"BB Euphorie - Boutique Braun Traditions","og_description":"La dominance du Chardonnay donne \u00e0 ce champagne une belle robe or clair au nez d\u00e9licat. En bouche, des ar\u00f4mes croquants se r\u00e9v\u00e8lent pour laisser s\u2019exprimer des fruits blancs avec beaucoup de fraicheur. &nbsp; Produit de France &nbsp;","og_url":"https:\/\/www.braun-traditions.com\/sk\/product\/bb-euphorie\/","og_site_name":"Boutique Braun Traditions","article_modified_time":"2023-09-18T20:34:21+00:00","og_image":[{"width":1707,"height":2560,"url":"https:\/\/www.braun-traditions.com\/wp-content\/uploads\/2023\/07\/Champagne-D-4-scaled.jpg","type":"image\/jpeg"}],"twitter_card":"summary_large_image","twitter_misc":{"Predpokladan\u00fd \u010das \u010d\u00edtania":"1 min\u00fata"},"schema":{"@context":"https:\/\/schema.org","@graph":[{"@type":"WebPage","@id":"https:\/\/www.braun-traditions.com\/produit\/bb-euphorie\/","url":"https:\/\/www.braun-traditions.com\/produit\/bb-euphorie\/","name":"BB Euphorie - Boutique Braun Traditions","isPartOf":{"@id":"https:\/\/www.braun-traditions.com\/#website"},"datePublished":"2023-07-24T19:47:10+00:00","dateModified":"2023-09-18T20:34:21+00:00","breadcrumb":{"@id":"https:\/\/www.braun-traditions.com\/produit\/bb-euphorie\/#breadcrumb"},"inLanguage":"sk-SK","potentialAction":[{"@type":"ReadAction","target":["https:\/\/www.braun-traditions.com\/produit\/bb-euphorie\/"]}]},{"@type":"BreadcrumbList","@id":"https:\/\/www.braun-traditions.com\/produit\/bb-euphorie\/#breadcrumb","itemListElement":[{"@type":"ListItem","position":1,"name":"Accueil","item":"https:\/\/www.braun-traditions.com\/"},{"@type":"ListItem","position":2,"name":"Boutique","item":"https:\/\/www.braun-traditions.com\/boutique\/"},{"@type":"ListItem","position":3,"name":"Derniers produits","item":"https:\/\/www.braun-traditions.com\/cat\u00e9gorie-de-produit\/derniers-produits\/"},{"@type":"ListItem","position":4,"name":"BB Euphorie"}]},{"@type":"WebSite","@id":"https:\/\/www.braun-traditions.com\/#website","url":"https:\/\/www.braun-traditions.com\/","name":"Boutique Braun Traditions","description":"","potentialAction":[{"@type":"SearchAction","target":{"@type":"EntryPoint","urlTemplate":"https:\/\/www.braun-traditions.com\/?s={search_term_string}"},"query-input":"required name=search_term_string"}],"inLanguage":"sk-SK"}]}},"_links":{"self":[{"href":"https:\/\/www.braun-traditions.com\/sk\/wp-json\/wp\/v2\/product\/561","targetHints":{"allow":["GET"]}}],"collection":[{"href":"https:\/\/www.braun-traditions.com\/sk\/wp-json\/wp\/v2\/product"}],"about":[{"href":"https:\/\/www.braun-traditions.com\/sk\/wp-json\/wp\/v2\/types\/product"}],"replies":[{"embeddable":true,"href":"https:\/\/www.braun-traditions.com\/sk\/wp-json\/wp\/v2\/comments?post=561"}],"wp:featuredmedia":[{"embeddable":true,"href":"https:\/\/www.braun-traditions.com\/sk\/wp-json\/wp\/v2\/media\/563"}],"wp:attachment":[{"href":"https:\/\/www.braun-traditions.com\/sk\/wp-json\/wp\/v2\/media?parent=561"}],"wp:term":[{"taxonomy":"product_cat","embeddable":true,"href":"https:\/\/www.braun-traditions.com\/sk\/wp-json\/wp\/v2\/product_cat?post=561"},{"taxonomy":"product_tag","embeddable":true,"href":"https:\/\/www.braun-traditions.com\/sk\/wp-json\/wp\/v2\/product_tag?post=561"}],"curies":[{"name":"wp","href":"https:\/\/api.w.org\/{rel}","templated":true}]}}