{"id":548,"date":"2023-07-23T19:33:10","date_gmt":"2023-07-23T18:33:10","guid":{"rendered":"https:\/\/www.braun-traditions.com\/?post_type=product&#038;p=548"},"modified":"2023-09-19T06:45:02","modified_gmt":"2023-09-19T05:45:02","slug":"bb-cabernet-sauvignon","status":"publish","type":"product","link":"https:\/\/www.braun-traditions.com\/sk\/product\/bb-cabernet-sauvignon\/","title":{"rendered":"BB Cabernet Sauvignon"},"content":{"rendered":"<p>Vin rouge BB Cabernet Sauvignon<\/p>\n<p>2019<\/p>\n<p><span class=\"x_ContentPasted2\" lang=\"FR-BE\">C<\/span><span class=\"x_ContentPasted2\" lang=\"en-BE\">e Cabernet Sauvignon, \u00e0 maturation tardive, est\u00a0<\/span><span class=\"x_ContentPasted2\" lang=\"FR-BE\">issu\u00a0<\/span><span class=\"x_ContentPasted2\" lang=\"en-BE\">des endroits chauds du sud de la Slovaquie. Le vin est de couleur grenat fonc\u00e9<\/span><span class=\"x_ContentPasted2\" lang=\"en-BE\">\u00a0<\/span><span class=\"x_ContentPasted2\" lang=\"FR-BE\">et,<\/span><span class=\"x_ContentPasted2\" lang=\"en-BE\">\u00a0au nez<\/span><span class=\"x_ContentPasted2\" lang=\"FR-BE\">,<\/span><span class=\"x_ContentPasted2\" lang=\"en-BE\">\u00a0il est caract\u00e9ris\u00e9 par des tons classiques de cassis, de bois de c\u00e8dre, mais aussi d<\/span><span class=\"x_ContentPasted2\" lang=\"FR-BE\">\u2019une<\/span><span class=\"x_ContentPasted2\" lang=\"en-BE\">\u00a0gamme d'ar\u00f4mes tels qu<\/span><span class=\"x_ContentPasted2\" lang=\"FR-BE\">e ceux de la<\/span><span class=\"x_ContentPasted2\" lang=\"en-BE\">\u00a0menthe ou\u00a0<\/span><span class=\"x_ContentPasted2\" lang=\"FR-BE\">de<\/span><span class=\"x_ContentPasted2\" lang=\"FR-BE\">\u00a0<\/span><span class=\"x_ContentPasted2\" lang=\"FR-BE\">l<\/span><span class=\"x_ContentPasted2\" lang=\"en-BE\">'eucalyptus.\u00a0<\/span><span class=\"x_ContentPasted2\" lang=\"FR-BE\">Vous d\u00e9gusterez ici un\u00a0<\/span><span class=\"x_ContentPasted2\" lang=\"en-BE\">vin cors\u00e9 et opulent, avec une longue persistance.<\/span><span lang=\"en-BE\">\u00a0<\/span><\/p>\n<p>Produit de Slovaquie<\/p>","protected":false},"excerpt":{"rendered":"<p>Vin rouge BB Cabernet Sauvignon 2019 Ce Cabernet Sauvignon, \u00e0 maturation tardive, est\u00a0issu\u00a0des endroits chauds du sud de la Slovaquie. Le vin est de couleur grenat fonc\u00e9\u00a0et,\u00a0au nez,\u00a0il est caract\u00e9ris\u00e9 par des tons classiques de cassis, de bois de c\u00e8dre, mais aussi d\u2019une\u00a0gamme d'ar\u00f4mes tels que ceux de la\u00a0menthe ou\u00a0de\u00a0l'eucalyptus.\u00a0Vous d\u00e9gusterez ici un\u00a0vin cors\u00e9 et [&hellip;]<\/p>","protected":false},"featured_media":549,"comment_status":"open","ping_status":"closed","template":"","meta":[],"product_cat":[16],"product_tag":[],"class_list":["post-548","product","type-product","status-publish","has-post-thumbnail","hentry","product_cat-vins"],"acf":[],"yoast_head":"<!-- This site is optimized with the Yoast SEO plugin v21.5 - https:\/\/yoast.com\/wordpress\/plugins\/seo\/ -->\n<title>BB Cabernet Sauvignon - Boutique Braun Traditions<\/title>\n<meta name=\"robots\" content=\"noindex, follow, max-snippet:-1, max-image-preview:large, max-video-preview:-1\" \/>\n<meta property=\"og:locale\" content=\"sk_SK\" \/>\n<meta property=\"og:type\" content=\"article\" \/>\n<meta property=\"og:title\" content=\"BB Cabernet Sauvignon - Boutique Braun Traditions\" \/>\n<meta property=\"og:description\" content=\"Vin rouge BB Cabernet Sauvignon 2019 Ce Cabernet Sauvignon, \u00e0 maturation tardive, est\u00a0issu\u00a0des endroits chauds du sud de la Slovaquie. Le vin est de couleur grenat fonc\u00e9\u00a0et,\u00a0au nez,\u00a0il est caract\u00e9ris\u00e9 par des tons classiques de cassis, de bois de c\u00e8dre, mais aussi d\u2019une\u00a0gamme d&#039;ar\u00f4mes tels que ceux de la\u00a0menthe ou\u00a0de\u00a0l&#039;eucalyptus.\u00a0Vous d\u00e9gusterez ici un\u00a0vin cors\u00e9 et [&hellip;]\" \/>\n<meta property=\"og:url\" content=\"https:\/\/www.braun-traditions.com\/sk\/product\/bb-cabernet-sauvignon\/\" \/>\n<meta property=\"og:site_name\" content=\"Boutique Braun Traditions\" \/>\n<meta property=\"article:modified_time\" content=\"2023-09-19T05:45:02+00:00\" \/>\n<meta property=\"og:image\" content=\"https:\/\/www.braun-traditions.com\/wp-content\/uploads\/2023\/07\/Vin-chez-Bernd-4-scaled.jpg\" \/>\n\t<meta property=\"og:image:width\" content=\"1710\" \/>\n\t<meta property=\"og:image:height\" content=\"2560\" \/>\n\t<meta property=\"og:image:type\" content=\"image\/jpeg\" \/>\n<meta name=\"twitter:card\" content=\"summary_large_image\" \/>\n<meta name=\"twitter:label1\" content=\"Predpokladan\u00fd \u010das \u010d\u00edtania\" \/>\n\t<meta name=\"twitter:data1\" content=\"1 min\u00fata\" \/>\n<script type=\"application\/ld+json\" class=\"yoast-schema-graph\">{\"@context\":\"https:\/\/schema.org\",\"@graph\":[{\"@type\":\"WebPage\",\"@id\":\"https:\/\/www.braun-traditions.com\/produit\/bb-cabernet-sauvignon\/\",\"url\":\"https:\/\/www.braun-traditions.com\/produit\/bb-cabernet-sauvignon\/\",\"name\":\"BB Cabernet Sauvignon - Boutique Braun Traditions\",\"isPartOf\":{\"@id\":\"https:\/\/www.braun-traditions.com\/#website\"},\"datePublished\":\"2023-07-23T18:33:10+00:00\",\"dateModified\":\"2023-09-19T05:45:02+00:00\",\"breadcrumb\":{\"@id\":\"https:\/\/www.braun-traditions.com\/produit\/bb-cabernet-sauvignon\/#breadcrumb\"},\"inLanguage\":\"sk-SK\",\"potentialAction\":[{\"@type\":\"ReadAction\",\"target\":[\"https:\/\/www.braun-traditions.com\/produit\/bb-cabernet-sauvignon\/\"]}]},{\"@type\":\"BreadcrumbList\",\"@id\":\"https:\/\/www.braun-traditions.com\/produit\/bb-cabernet-sauvignon\/#breadcrumb\",\"itemListElement\":[{\"@type\":\"ListItem\",\"position\":1,\"name\":\"Accueil\",\"item\":\"https:\/\/www.braun-traditions.com\/\"},{\"@type\":\"ListItem\",\"position\":2,\"name\":\"Boutique\",\"item\":\"https:\/\/www.braun-traditions.com\/boutique\/\"},{\"@type\":\"ListItem\",\"position\":3,\"name\":\"Vins\",\"item\":\"https:\/\/www.braun-traditions.com\/cat\u00e9gorie-de-produit\/vins\/\"},{\"@type\":\"ListItem\",\"position\":4,\"name\":\"BB Cabernet Sauvignon\"}]},{\"@type\":\"WebSite\",\"@id\":\"https:\/\/www.braun-traditions.com\/#website\",\"url\":\"https:\/\/www.braun-traditions.com\/\",\"name\":\"Boutique Braun Traditions\",\"description\":\"\",\"potentialAction\":[{\"@type\":\"SearchAction\",\"target\":{\"@type\":\"EntryPoint\",\"urlTemplate\":\"https:\/\/www.braun-traditions.com\/?s={search_term_string}\"},\"query-input\":\"required name=search_term_string\"}],\"inLanguage\":\"sk-SK\"}]}<\/script>\n<!-- \/ Yoast SEO plugin. -->","yoast_head_json":{"title":"BB Cabernet Sauvignon - Boutique Braun Traditions","robots":{"index":"noindex","follow":"follow","max-snippet":"max-snippet:-1","max-image-preview":"max-image-preview:large","max-video-preview":"max-video-preview:-1"},"og_locale":"sk_SK","og_type":"article","og_title":"BB Cabernet Sauvignon - Boutique Braun Traditions","og_description":"Vin rouge BB Cabernet Sauvignon 2019 Ce Cabernet Sauvignon, \u00e0 maturation tardive, est\u00a0issu\u00a0des endroits chauds du sud de la Slovaquie. Le vin est de couleur grenat fonc\u00e9\u00a0et,\u00a0au nez,\u00a0il est caract\u00e9ris\u00e9 par des tons classiques de cassis, de bois de c\u00e8dre, mais aussi d\u2019une\u00a0gamme d'ar\u00f4mes tels que ceux de la\u00a0menthe ou\u00a0de\u00a0l'eucalyptus.\u00a0Vous d\u00e9gusterez ici un\u00a0vin cors\u00e9 et [&hellip;]","og_url":"https:\/\/www.braun-traditions.com\/sk\/product\/bb-cabernet-sauvignon\/","og_site_name":"Boutique Braun Traditions","article_modified_time":"2023-09-19T05:45:02+00:00","og_image":[{"width":1710,"height":2560,"url":"https:\/\/www.braun-traditions.com\/wp-content\/uploads\/2023\/07\/Vin-chez-Bernd-4-scaled.jpg","type":"image\/jpeg"}],"twitter_card":"summary_large_image","twitter_misc":{"Predpokladan\u00fd \u010das \u010d\u00edtania":"1 min\u00fata"},"schema":{"@context":"https:\/\/schema.org","@graph":[{"@type":"WebPage","@id":"https:\/\/www.braun-traditions.com\/produit\/bb-cabernet-sauvignon\/","url":"https:\/\/www.braun-traditions.com\/produit\/bb-cabernet-sauvignon\/","name":"BB Cabernet Sauvignon - Boutique Braun Traditions","isPartOf":{"@id":"https:\/\/www.braun-traditions.com\/#website"},"datePublished":"2023-07-23T18:33:10+00:00","dateModified":"2023-09-19T05:45:02+00:00","breadcrumb":{"@id":"https:\/\/www.braun-traditions.com\/produit\/bb-cabernet-sauvignon\/#breadcrumb"},"inLanguage":"sk-SK","potentialAction":[{"@type":"ReadAction","target":["https:\/\/www.braun-traditions.com\/produit\/bb-cabernet-sauvignon\/"]}]},{"@type":"BreadcrumbList","@id":"https:\/\/www.braun-traditions.com\/produit\/bb-cabernet-sauvignon\/#breadcrumb","itemListElement":[{"@type":"ListItem","position":1,"name":"Accueil","item":"https:\/\/www.braun-traditions.com\/"},{"@type":"ListItem","position":2,"name":"Boutique","item":"https:\/\/www.braun-traditions.com\/boutique\/"},{"@type":"ListItem","position":3,"name":"Vins","item":"https:\/\/www.braun-traditions.com\/cat\u00e9gorie-de-produit\/vins\/"},{"@type":"ListItem","position":4,"name":"BB Cabernet Sauvignon"}]},{"@type":"WebSite","@id":"https:\/\/www.braun-traditions.com\/#website","url":"https:\/\/www.braun-traditions.com\/","name":"Boutique Braun Traditions","description":"","potentialAction":[{"@type":"SearchAction","target":{"@type":"EntryPoint","urlTemplate":"https:\/\/www.braun-traditions.com\/?s={search_term_string}"},"query-input":"required name=search_term_string"}],"inLanguage":"sk-SK"}]}},"_links":{"self":[{"href":"https:\/\/www.braun-traditions.com\/sk\/wp-json\/wp\/v2\/product\/548","targetHints":{"allow":["GET"]}}],"collection":[{"href":"https:\/\/www.braun-traditions.com\/sk\/wp-json\/wp\/v2\/product"}],"about":[{"href":"https:\/\/www.braun-traditions.com\/sk\/wp-json\/wp\/v2\/types\/product"}],"replies":[{"embeddable":true,"href":"https:\/\/www.braun-traditions.com\/sk\/wp-json\/wp\/v2\/comments?post=548"}],"wp:featuredmedia":[{"embeddable":true,"href":"https:\/\/www.braun-traditions.com\/sk\/wp-json\/wp\/v2\/media\/549"}],"wp:attachment":[{"href":"https:\/\/www.braun-traditions.com\/sk\/wp-json\/wp\/v2\/media?parent=548"}],"wp:term":[{"taxonomy":"product_cat","embeddable":true,"href":"https:\/\/www.braun-traditions.com\/sk\/wp-json\/wp\/v2\/product_cat?post=548"},{"taxonomy":"product_tag","embeddable":true,"href":"https:\/\/www.braun-traditions.com\/sk\/wp-json\/wp\/v2\/product_tag?post=548"}],"curies":[{"name":"wp","href":"https:\/\/api.w.org\/{rel}","templated":true}]}}