{"id":544,"date":"2023-07-24T19:26:45","date_gmt":"2023-07-24T18:26:45","guid":{"rendered":"https:\/\/www.braun-traditions.com\/?post_type=product&#038;p=544"},"modified":"2023-08-31T18:47:49","modified_gmt":"2023-08-31T17:47:49","slug":"bb-cuvee-cabernet-sauvignon","status":"publish","type":"product","link":"https:\/\/www.braun-traditions.com\/sk\/product\/bb-cuvee-cabernet-sauvignon\/","title":{"rendered":"BB Cuv\u00e9e Cabernet Sauvignon"},"content":{"rendered":"<p>Vin rouge BB Cuv\u00e9e Cabernet Sauvignon<\/p>\n<p>2020<\/p>\n<p><span class=\"x_ContentPasted0\" lang=\"en-BE\">Dot\u00e9 d'une robe pourpre et profonde, ce vin se r\u00e9v\u00e8le riche, et des notes bois\u00e9es et \u00e9pic\u00e9es viennent renforcer sa complexit\u00e9. Vous y d\u00e9c\u00e9l\u00e9rez \u00e9galement quelques notes de framboises et de fraises des bois, associ\u00e9es \u00e0 des touches de violette et de tabac doux. Le r\u00e9sultat de cette alchimie Cuv\u00e9e Cabernet Sauvignon donne un r\u00e9sultat \u00e9quilibr\u00e9 et \u00e9l\u00e9gant qui saura ravir vos papilles.<\/span><\/p>\n<p>Produit de Slovaquie<\/p>","protected":false},"excerpt":{"rendered":"<p>Vin rouge BB Cuv\u00e9e Cabernet Sauvignon 2020 Dot\u00e9 d'une robe pourpre et profonde, ce vin se r\u00e9v\u00e8le riche, et des notes bois\u00e9es et \u00e9pic\u00e9es viennent renforcer sa complexit\u00e9. Vous y d\u00e9c\u00e9l\u00e9rez \u00e9galement quelques notes de framboises et de fraises des bois, associ\u00e9es \u00e0 des touches de violette et de tabac doux. Le r\u00e9sultat de cette [&hellip;]<\/p>","protected":false},"featured_media":545,"comment_status":"open","ping_status":"closed","template":"","meta":[],"product_cat":[16],"product_tag":[],"class_list":["post-544","product","type-product","status-publish","has-post-thumbnail","hentry","product_cat-vins"],"acf":[],"yoast_head":"<!-- This site is optimized with the Yoast SEO plugin v21.5 - https:\/\/yoast.com\/wordpress\/plugins\/seo\/ -->\n<title>BB Cuv\u00e9e Cabernet Sauvignon - Boutique Braun Traditions<\/title>\n<meta name=\"robots\" content=\"noindex, follow, max-snippet:-1, max-image-preview:large, max-video-preview:-1\" \/>\n<meta property=\"og:locale\" content=\"sk_SK\" \/>\n<meta property=\"og:type\" content=\"article\" \/>\n<meta property=\"og:title\" content=\"BB Cuv\u00e9e Cabernet Sauvignon - Boutique Braun Traditions\" \/>\n<meta property=\"og:description\" content=\"Vin rouge BB Cuv\u00e9e Cabernet Sauvignon 2020 Dot\u00e9 d&#039;une robe pourpre et profonde, ce vin se r\u00e9v\u00e8le riche, et des notes bois\u00e9es et \u00e9pic\u00e9es viennent renforcer sa complexit\u00e9. Vous y d\u00e9c\u00e9l\u00e9rez \u00e9galement quelques notes de framboises et de fraises des bois, associ\u00e9es \u00e0 des touches de violette et de tabac doux. Le r\u00e9sultat de cette [&hellip;]\" \/>\n<meta property=\"og:url\" content=\"https:\/\/www.braun-traditions.com\/sk\/product\/bb-cuvee-cabernet-sauvignon\/\" \/>\n<meta property=\"og:site_name\" content=\"Boutique Braun Traditions\" \/>\n<meta property=\"article:modified_time\" content=\"2023-08-31T17:47:49+00:00\" \/>\n<meta property=\"og:image\" content=\"https:\/\/www.braun-traditions.com\/wp-content\/uploads\/2023\/07\/Vin-chez-Bernd-7-scaled.jpg\" \/>\n\t<meta property=\"og:image:width\" content=\"1710\" \/>\n\t<meta property=\"og:image:height\" content=\"2560\" \/>\n\t<meta property=\"og:image:type\" content=\"image\/jpeg\" \/>\n<meta name=\"twitter:card\" content=\"summary_large_image\" \/>\n<meta name=\"twitter:label1\" content=\"Predpokladan\u00fd \u010das \u010d\u00edtania\" \/>\n\t<meta name=\"twitter:data1\" content=\"1 min\u00fata\" \/>\n<script type=\"application\/ld+json\" class=\"yoast-schema-graph\">{\"@context\":\"https:\/\/schema.org\",\"@graph\":[{\"@type\":\"WebPage\",\"@id\":\"https:\/\/www.braun-traditions.com\/produit\/bb-cuvee-cabernet-sauvignon\/\",\"url\":\"https:\/\/www.braun-traditions.com\/produit\/bb-cuvee-cabernet-sauvignon\/\",\"name\":\"BB Cuv\u00e9e Cabernet Sauvignon - Boutique Braun Traditions\",\"isPartOf\":{\"@id\":\"https:\/\/www.braun-traditions.com\/#website\"},\"datePublished\":\"2023-07-24T18:26:45+00:00\",\"dateModified\":\"2023-08-31T17:47:49+00:00\",\"breadcrumb\":{\"@id\":\"https:\/\/www.braun-traditions.com\/produit\/bb-cuvee-cabernet-sauvignon\/#breadcrumb\"},\"inLanguage\":\"sk-SK\",\"potentialAction\":[{\"@type\":\"ReadAction\",\"target\":[\"https:\/\/www.braun-traditions.com\/produit\/bb-cuvee-cabernet-sauvignon\/\"]}]},{\"@type\":\"BreadcrumbList\",\"@id\":\"https:\/\/www.braun-traditions.com\/produit\/bb-cuvee-cabernet-sauvignon\/#breadcrumb\",\"itemListElement\":[{\"@type\":\"ListItem\",\"position\":1,\"name\":\"Accueil\",\"item\":\"https:\/\/www.braun-traditions.com\/\"},{\"@type\":\"ListItem\",\"position\":2,\"name\":\"Boutique\",\"item\":\"https:\/\/www.braun-traditions.com\/boutique\/\"},{\"@type\":\"ListItem\",\"position\":3,\"name\":\"Vins\",\"item\":\"https:\/\/www.braun-traditions.com\/cat\u00e9gorie-de-produit\/vins\/\"},{\"@type\":\"ListItem\",\"position\":4,\"name\":\"BB Cuv\u00e9e Cabernet Sauvignon\"}]},{\"@type\":\"WebSite\",\"@id\":\"https:\/\/www.braun-traditions.com\/#website\",\"url\":\"https:\/\/www.braun-traditions.com\/\",\"name\":\"Boutique Braun Traditions\",\"description\":\"\",\"potentialAction\":[{\"@type\":\"SearchAction\",\"target\":{\"@type\":\"EntryPoint\",\"urlTemplate\":\"https:\/\/www.braun-traditions.com\/?s={search_term_string}\"},\"query-input\":\"required name=search_term_string\"}],\"inLanguage\":\"sk-SK\"}]}<\/script>\n<!-- \/ Yoast SEO plugin. -->","yoast_head_json":{"title":"BB Cuv\u00e9e Cabernet Sauvignon - Boutique Braun Traditions","robots":{"index":"noindex","follow":"follow","max-snippet":"max-snippet:-1","max-image-preview":"max-image-preview:large","max-video-preview":"max-video-preview:-1"},"og_locale":"sk_SK","og_type":"article","og_title":"BB Cuv\u00e9e Cabernet Sauvignon - Boutique Braun Traditions","og_description":"Vin rouge BB Cuv\u00e9e Cabernet Sauvignon 2020 Dot\u00e9 d'une robe pourpre et profonde, ce vin se r\u00e9v\u00e8le riche, et des notes bois\u00e9es et \u00e9pic\u00e9es viennent renforcer sa complexit\u00e9. Vous y d\u00e9c\u00e9l\u00e9rez \u00e9galement quelques notes de framboises et de fraises des bois, associ\u00e9es \u00e0 des touches de violette et de tabac doux. Le r\u00e9sultat de cette [&hellip;]","og_url":"https:\/\/www.braun-traditions.com\/sk\/product\/bb-cuvee-cabernet-sauvignon\/","og_site_name":"Boutique Braun Traditions","article_modified_time":"2023-08-31T17:47:49+00:00","og_image":[{"width":1710,"height":2560,"url":"https:\/\/www.braun-traditions.com\/wp-content\/uploads\/2023\/07\/Vin-chez-Bernd-7-scaled.jpg","type":"image\/jpeg"}],"twitter_card":"summary_large_image","twitter_misc":{"Predpokladan\u00fd \u010das \u010d\u00edtania":"1 min\u00fata"},"schema":{"@context":"https:\/\/schema.org","@graph":[{"@type":"WebPage","@id":"https:\/\/www.braun-traditions.com\/produit\/bb-cuvee-cabernet-sauvignon\/","url":"https:\/\/www.braun-traditions.com\/produit\/bb-cuvee-cabernet-sauvignon\/","name":"BB Cuv\u00e9e Cabernet Sauvignon - Boutique Braun Traditions","isPartOf":{"@id":"https:\/\/www.braun-traditions.com\/#website"},"datePublished":"2023-07-24T18:26:45+00:00","dateModified":"2023-08-31T17:47:49+00:00","breadcrumb":{"@id":"https:\/\/www.braun-traditions.com\/produit\/bb-cuvee-cabernet-sauvignon\/#breadcrumb"},"inLanguage":"sk-SK","potentialAction":[{"@type":"ReadAction","target":["https:\/\/www.braun-traditions.com\/produit\/bb-cuvee-cabernet-sauvignon\/"]}]},{"@type":"BreadcrumbList","@id":"https:\/\/www.braun-traditions.com\/produit\/bb-cuvee-cabernet-sauvignon\/#breadcrumb","itemListElement":[{"@type":"ListItem","position":1,"name":"Accueil","item":"https:\/\/www.braun-traditions.com\/"},{"@type":"ListItem","position":2,"name":"Boutique","item":"https:\/\/www.braun-traditions.com\/boutique\/"},{"@type":"ListItem","position":3,"name":"Vins","item":"https:\/\/www.braun-traditions.com\/cat\u00e9gorie-de-produit\/vins\/"},{"@type":"ListItem","position":4,"name":"BB Cuv\u00e9e Cabernet Sauvignon"}]},{"@type":"WebSite","@id":"https:\/\/www.braun-traditions.com\/#website","url":"https:\/\/www.braun-traditions.com\/","name":"Boutique Braun Traditions","description":"","potentialAction":[{"@type":"SearchAction","target":{"@type":"EntryPoint","urlTemplate":"https:\/\/www.braun-traditions.com\/?s={search_term_string}"},"query-input":"required name=search_term_string"}],"inLanguage":"sk-SK"}]}},"_links":{"self":[{"href":"https:\/\/www.braun-traditions.com\/sk\/wp-json\/wp\/v2\/product\/544","targetHints":{"allow":["GET"]}}],"collection":[{"href":"https:\/\/www.braun-traditions.com\/sk\/wp-json\/wp\/v2\/product"}],"about":[{"href":"https:\/\/www.braun-traditions.com\/sk\/wp-json\/wp\/v2\/types\/product"}],"replies":[{"embeddable":true,"href":"https:\/\/www.braun-traditions.com\/sk\/wp-json\/wp\/v2\/comments?post=544"}],"wp:featuredmedia":[{"embeddable":true,"href":"https:\/\/www.braun-traditions.com\/sk\/wp-json\/wp\/v2\/media\/545"}],"wp:attachment":[{"href":"https:\/\/www.braun-traditions.com\/sk\/wp-json\/wp\/v2\/media?parent=544"}],"wp:term":[{"taxonomy":"product_cat","embeddable":true,"href":"https:\/\/www.braun-traditions.com\/sk\/wp-json\/wp\/v2\/product_cat?post=544"},{"taxonomy":"product_tag","embeddable":true,"href":"https:\/\/www.braun-traditions.com\/sk\/wp-json\/wp\/v2\/product_tag?post=544"}],"curies":[{"name":"wp","href":"https:\/\/api.w.org\/{rel}","templated":true}]}}