{"id":78,"date":"2022-02-09T16:32:37","date_gmt":"2022-02-09T15:32:37","guid":{"rendered":"https:\/\/www.braun-traditions.com\/wishlist\/"},"modified":"2022-06-30T13:06:40","modified_gmt":"2022-06-30T12:06:40","slug":"ma-liste","status":"publish","type":"page","link":"https:\/\/www.braun-traditions.com\/sk\/ma-liste\/","title":{"rendered":"M\u00f4j list ob\u013e\u00faben\u00fdch produktov"},"content":{"rendered":"","protected":false},"excerpt":{"rendered":"","protected":false},"author":1,"featured_media":0,"parent":0,"menu_order":0,"comment_status":"closed","ping_status":"closed","template":"","meta":{"footnotes":""},"class_list":["post-78","page","type-page","status-publish","hentry"],"acf":[],"yoast_head":"<!-- This site is optimized with the Yoast SEO plugin v21.5 - https:\/\/yoast.com\/wordpress\/plugins\/seo\/ -->\n<title>Ma liste de favoris - Boutique Braun Traditions<\/title>\n<meta name=\"robots\" content=\"noindex, follow, max-snippet:-1, max-image-preview:large, max-video-preview:-1\" \/>\n<meta property=\"og:locale\" content=\"sk_SK\" \/>\n<meta property=\"og:type\" content=\"article\" \/>\n<meta property=\"og:title\" content=\"Ma liste de favoris - Boutique Braun Traditions\" \/>\n<meta property=\"og:url\" content=\"https:\/\/www.braun-traditions.com\/sk\/ma-liste\/\" \/>\n<meta property=\"og:site_name\" content=\"Boutique Braun Traditions\" \/>\n<meta property=\"article:modified_time\" content=\"2022-06-30T12:06:40+00:00\" \/>\n<meta name=\"twitter:card\" content=\"summary_large_image\" \/>\n<script type=\"application\/ld+json\" class=\"yoast-schema-graph\">{\"@context\":\"https:\/\/schema.org\",\"@graph\":[{\"@type\":\"WebPage\",\"@id\":\"https:\/\/www.braun-traditions.com\/ma-liste\/\",\"url\":\"https:\/\/www.braun-traditions.com\/ma-liste\/\",\"name\":\"Ma liste de favoris - Boutique Braun Traditions\",\"isPartOf\":{\"@id\":\"https:\/\/www.braun-traditions.com\/#website\"},\"datePublished\":\"2022-02-09T15:32:37+00:00\",\"dateModified\":\"2022-06-30T12:06:40+00:00\",\"breadcrumb\":{\"@id\":\"https:\/\/www.braun-traditions.com\/ma-liste\/#breadcrumb\"},\"inLanguage\":\"sk-SK\",\"potentialAction\":[{\"@type\":\"ReadAction\",\"target\":[\"https:\/\/www.braun-traditions.com\/ma-liste\/\"]}]},{\"@type\":\"BreadcrumbList\",\"@id\":\"https:\/\/www.braun-traditions.com\/ma-liste\/#breadcrumb\",\"itemListElement\":[{\"@type\":\"ListItem\",\"position\":1,\"name\":\"Accueil\",\"item\":\"https:\/\/www.braun-traditions.com\/\"},{\"@type\":\"ListItem\",\"position\":2,\"name\":\"Ma liste de favoris\"}]},{\"@type\":\"WebSite\",\"@id\":\"https:\/\/www.braun-traditions.com\/#website\",\"url\":\"https:\/\/www.braun-traditions.com\/\",\"name\":\"Boutique Braun Traditions\",\"description\":\"\",\"potentialAction\":[{\"@type\":\"SearchAction\",\"target\":{\"@type\":\"EntryPoint\",\"urlTemplate\":\"https:\/\/www.braun-traditions.com\/?s={search_term_string}\"},\"query-input\":\"required name=search_term_string\"}],\"inLanguage\":\"sk-SK\"}]}<\/script>\n<!-- \/ Yoast SEO plugin. -->","yoast_head_json":{"title":"Ma liste de favoris - Boutique Braun Traditions","robots":{"index":"noindex","follow":"follow","max-snippet":"max-snippet:-1","max-image-preview":"max-image-preview:large","max-video-preview":"max-video-preview:-1"},"og_locale":"sk_SK","og_type":"article","og_title":"Ma liste de favoris - Boutique Braun Traditions","og_url":"https:\/\/www.braun-traditions.com\/sk\/ma-liste\/","og_site_name":"Boutique Braun Traditions","article_modified_time":"2022-06-30T12:06:40+00:00","twitter_card":"summary_large_image","schema":{"@context":"https:\/\/schema.org","@graph":[{"@type":"WebPage","@id":"https:\/\/www.braun-traditions.com\/ma-liste\/","url":"https:\/\/www.braun-traditions.com\/ma-liste\/","name":"Ma liste de favoris - Boutique Braun Traditions","isPartOf":{"@id":"https:\/\/www.braun-traditions.com\/#website"},"datePublished":"2022-02-09T15:32:37+00:00","dateModified":"2022-06-30T12:06:40+00:00","breadcrumb":{"@id":"https:\/\/www.braun-traditions.com\/ma-liste\/#breadcrumb"},"inLanguage":"sk-SK","potentialAction":[{"@type":"ReadAction","target":["https:\/\/www.braun-traditions.com\/ma-liste\/"]}]},{"@type":"BreadcrumbList","@id":"https:\/\/www.braun-traditions.com\/ma-liste\/#breadcrumb","itemListElement":[{"@type":"ListItem","position":1,"name":"Accueil","item":"https:\/\/www.braun-traditions.com\/"},{"@type":"ListItem","position":2,"name":"Ma liste de favoris"}]},{"@type":"WebSite","@id":"https:\/\/www.braun-traditions.com\/#website","url":"https:\/\/www.braun-traditions.com\/","name":"Boutique Braun Traditions","description":"","potentialAction":[{"@type":"SearchAction","target":{"@type":"EntryPoint","urlTemplate":"https:\/\/www.braun-traditions.com\/?s={search_term_string}"},"query-input":"required name=search_term_string"}],"inLanguage":"sk-SK"}]}},"_links":{"self":[{"href":"https:\/\/www.braun-traditions.com\/sk\/wp-json\/wp\/v2\/pages\/78","targetHints":{"allow":["GET"]}}],"collection":[{"href":"https:\/\/www.braun-traditions.com\/sk\/wp-json\/wp\/v2\/pages"}],"about":[{"href":"https:\/\/www.braun-traditions.com\/sk\/wp-json\/wp\/v2\/types\/page"}],"author":[{"embeddable":true,"href":"https:\/\/www.braun-traditions.com\/sk\/wp-json\/wp\/v2\/users\/1"}],"replies":[{"embeddable":true,"href":"https:\/\/www.braun-traditions.com\/sk\/wp-json\/wp\/v2\/comments?post=78"}],"version-history":[{"count":4,"href":"https:\/\/www.braun-traditions.com\/sk\/wp-json\/wp\/v2\/pages\/78\/revisions"}],"predecessor-version":[{"id":376,"href":"https:\/\/www.braun-traditions.com\/sk\/wp-json\/wp\/v2\/pages\/78\/revisions\/376"}],"wp:attachment":[{"href":"https:\/\/www.braun-traditions.com\/sk\/wp-json\/wp\/v2\/media?parent=78"}],"curies":[{"name":"wp","href":"https:\/\/api.w.org\/{rel}","templated":true}]}}