{"id":755,"date":"2023-08-31T08:32:21","date_gmt":"2023-08-31T07:32:21","guid":{"rendered":"https:\/\/www.braun-traditions.com\/?post_type=product&#038;p=755"},"modified":"2023-09-18T22:12:09","modified_gmt":"2023-09-18T21:12:09","slug":"dresse-dappui-une-porte-noire-a-medaillon-bronze-dore","status":"publish","type":"product","link":"https:\/\/www.braun-traditions.com\/en\/product\/dresse-dappui-une-porte-noire-a-medaillon-bronze-dore\/","title":{"rendered":"\"Dresse d\u2019appui\u201d with gilt bronze medaillon, second part of the 19th century"},"content":{"rendered":"<p>&nbsp;<\/p>\n<p>A one door cabinet in blacked veneer and brass inlays called \u201cdresse d\u2019appui\u201d. Richely decorated with refined gilt bronzes with in the center of the door a large gilt bronze medaillon with an angle holding up a flower garland. White marble top. \n\nSize: H 110cm x W 88cm x D 40cm\n\nFrench work of the second part of the 19th century.<\/p>\n<p>&nbsp;<\/p>\n<p>Dimensions: H 110cm x L 88cm x P 40cm<\/p>\n<p>&nbsp;<\/p>\n<p>French work of the second part of the 19th century.<\/p>\n<p>&nbsp;<\/p>","protected":false},"excerpt":{"rendered":"<p>&nbsp; Une dresse d\u2019appui \u00e0 une porte en placage noirci et des incrustations en laiton.\u00a0Richement d\u00e9cor\u00e9e de bronzes dor\u00e9s raffin\u00e9s avec au centre de la porte un grand m\u00e9daillon en bronze dor\u00e9 avec un angle soulevant une guirlande de fleurs.\u00a0Dessus en marbre blanc. &nbsp; Dimensions: H 110cm x L 88cm x P 40cm &nbsp; Travail [&hellip;]<\/p>","protected":false},"featured_media":756,"comment_status":"open","ping_status":"closed","template":"","meta":[],"product_cat":[76],"product_tag":[],"class_list":["post-755","product","type-product","status-publish","has-post-thumbnail","hentry","product_cat-antiquites"],"acf":[],"yoast_head":"<!-- This site is optimized with the Yoast SEO plugin v21.5 - https:\/\/yoast.com\/wordpress\/plugins\/seo\/ -->\n<title>Dresse d\u2019appui \u00e0 m\u00e9daillon bronze dor\u00e9, seconde partie du 19e si\u00e8cle - Boutique Braun Traditions<\/title>\n<meta name=\"robots\" content=\"noindex, follow, max-snippet:-1, max-image-preview:large, max-video-preview:-1\" \/>\n<meta property=\"og:locale\" content=\"en_GB\" \/>\n<meta property=\"og:type\" content=\"article\" \/>\n<meta property=\"og:title\" content=\"Dresse d\u2019appui \u00e0 m\u00e9daillon bronze dor\u00e9, seconde partie du 19e si\u00e8cle - Boutique Braun Traditions\" \/>\n<meta property=\"og:description\" content=\"&nbsp; Une dresse d\u2019appui \u00e0 une porte en placage noirci et des incrustations en laiton.\u00a0Richement d\u00e9cor\u00e9e de bronzes dor\u00e9s raffin\u00e9s avec au centre de la porte un grand m\u00e9daillon en bronze dor\u00e9 avec un angle soulevant une guirlande de fleurs.\u00a0Dessus en marbre blanc. &nbsp; Dimensions: H 110cm x L 88cm x P 40cm &nbsp; Travail [&hellip;]\" \/>\n<meta property=\"og:url\" content=\"https:\/\/www.braun-traditions.com\/en\/product\/dresse-dappui-une-porte-noire-a-medaillon-bronze-dore\/\" \/>\n<meta property=\"og:site_name\" content=\"Boutique Braun Traditions\" \/>\n<meta property=\"article:modified_time\" content=\"2023-09-18T21:12:09+00:00\" \/>\n<meta property=\"og:image\" content=\"https:\/\/www.braun-traditions.com\/wp-content\/uploads\/2023\/08\/DRESSE_hauteur_dappui_noir_medaillon_ange_bronzedore_H110L88P40cm_6-scaled-1.jpg\" \/>\n\t<meta property=\"og:image:width\" content=\"2560\" \/>\n\t<meta property=\"og:image:height\" content=\"1707\" \/>\n\t<meta property=\"og:image:type\" content=\"image\/jpeg\" \/>\n<meta name=\"twitter:card\" content=\"summary_large_image\" \/>\n<meta name=\"twitter:label1\" content=\"Estimated reading time\" \/>\n\t<meta name=\"twitter:data1\" content=\"1 minute\" \/>\n<script type=\"application\/ld+json\" class=\"yoast-schema-graph\">{\"@context\":\"https:\/\/schema.org\",\"@graph\":[{\"@type\":\"WebPage\",\"@id\":\"https:\/\/www.braun-traditions.com\/produit\/dresse-dappui-une-porte-noire-a-medaillon-bronze-dore\/\",\"url\":\"https:\/\/www.braun-traditions.com\/produit\/dresse-dappui-une-porte-noire-a-medaillon-bronze-dore\/\",\"name\":\"Dresse d\u2019appui \u00e0 m\u00e9daillon bronze dor\u00e9, seconde partie du 19e si\u00e8cle - Boutique Braun Traditions\",\"isPartOf\":{\"@id\":\"https:\/\/www.braun-traditions.com\/#website\"},\"datePublished\":\"2023-08-31T07:32:21+00:00\",\"dateModified\":\"2023-09-18T21:12:09+00:00\",\"breadcrumb\":{\"@id\":\"https:\/\/www.braun-traditions.com\/produit\/dresse-dappui-une-porte-noire-a-medaillon-bronze-dore\/#breadcrumb\"},\"inLanguage\":\"en-GB\",\"potentialAction\":[{\"@type\":\"ReadAction\",\"target\":[\"https:\/\/www.braun-traditions.com\/produit\/dresse-dappui-une-porte-noire-a-medaillon-bronze-dore\/\"]}]},{\"@type\":\"BreadcrumbList\",\"@id\":\"https:\/\/www.braun-traditions.com\/produit\/dresse-dappui-une-porte-noire-a-medaillon-bronze-dore\/#breadcrumb\",\"itemListElement\":[{\"@type\":\"ListItem\",\"position\":1,\"name\":\"Accueil\",\"item\":\"https:\/\/www.braun-traditions.com\/\"},{\"@type\":\"ListItem\",\"position\":2,\"name\":\"Boutique\",\"item\":\"https:\/\/www.braun-traditions.com\/boutique\/\"},{\"@type\":\"ListItem\",\"position\":3,\"name\":\"Antiquit\u00e9s\",\"item\":\"https:\/\/www.braun-traditions.com\/cat\u00e9gorie-de-produit\/antiquites\/\"},{\"@type\":\"ListItem\",\"position\":4,\"name\":\"Dresse d\u2019appui \u00e0 m\u00e9daillon bronze dor\u00e9, seconde partie du 19e si\u00e8cle\"}]},{\"@type\":\"WebSite\",\"@id\":\"https:\/\/www.braun-traditions.com\/#website\",\"url\":\"https:\/\/www.braun-traditions.com\/\",\"name\":\"Boutique Braun Traditions\",\"description\":\"\",\"potentialAction\":[{\"@type\":\"SearchAction\",\"target\":{\"@type\":\"EntryPoint\",\"urlTemplate\":\"https:\/\/www.braun-traditions.com\/?s={search_term_string}\"},\"query-input\":\"required name=search_term_string\"}],\"inLanguage\":\"en-GB\"}]}<\/script>\n<!-- \/ Yoast SEO plugin. -->","yoast_head_json":{"title":"Dresse d\u2019appui \u00e0 m\u00e9daillon bronze dor\u00e9, seconde partie du 19e si\u00e8cle - Boutique Braun Traditions","robots":{"index":"noindex","follow":"follow","max-snippet":"max-snippet:-1","max-image-preview":"max-image-preview:large","max-video-preview":"max-video-preview:-1"},"og_locale":"en_GB","og_type":"article","og_title":"Dresse d\u2019appui \u00e0 m\u00e9daillon bronze dor\u00e9, seconde partie du 19e si\u00e8cle - Boutique Braun Traditions","og_description":"&nbsp; Une dresse d\u2019appui \u00e0 une porte en placage noirci et des incrustations en laiton.\u00a0Richement d\u00e9cor\u00e9e de bronzes dor\u00e9s raffin\u00e9s avec au centre de la porte un grand m\u00e9daillon en bronze dor\u00e9 avec un angle soulevant une guirlande de fleurs.\u00a0Dessus en marbre blanc. &nbsp; Dimensions: H 110cm x L 88cm x P 40cm &nbsp; Travail [&hellip;]","og_url":"https:\/\/www.braun-traditions.com\/en\/product\/dresse-dappui-une-porte-noire-a-medaillon-bronze-dore\/","og_site_name":"Boutique Braun Traditions","article_modified_time":"2023-09-18T21:12:09+00:00","og_image":[{"width":2560,"height":1707,"url":"https:\/\/www.braun-traditions.com\/wp-content\/uploads\/2023\/08\/DRESSE_hauteur_dappui_noir_medaillon_ange_bronzedore_H110L88P40cm_6-scaled-1.jpg","type":"image\/jpeg"}],"twitter_card":"summary_large_image","twitter_misc":{"Estimated reading time":"1 minute"},"schema":{"@context":"https:\/\/schema.org","@graph":[{"@type":"WebPage","@id":"https:\/\/www.braun-traditions.com\/produit\/dresse-dappui-une-porte-noire-a-medaillon-bronze-dore\/","url":"https:\/\/www.braun-traditions.com\/produit\/dresse-dappui-une-porte-noire-a-medaillon-bronze-dore\/","name":"Dresse d\u2019appui \u00e0 m\u00e9daillon bronze dor\u00e9, seconde partie du 19e si\u00e8cle - Boutique Braun Traditions","isPartOf":{"@id":"https:\/\/www.braun-traditions.com\/#website"},"datePublished":"2023-08-31T07:32:21+00:00","dateModified":"2023-09-18T21:12:09+00:00","breadcrumb":{"@id":"https:\/\/www.braun-traditions.com\/produit\/dresse-dappui-une-porte-noire-a-medaillon-bronze-dore\/#breadcrumb"},"inLanguage":"en-GB","potentialAction":[{"@type":"ReadAction","target":["https:\/\/www.braun-traditions.com\/produit\/dresse-dappui-une-porte-noire-a-medaillon-bronze-dore\/"]}]},{"@type":"BreadcrumbList","@id":"https:\/\/www.braun-traditions.com\/produit\/dresse-dappui-une-porte-noire-a-medaillon-bronze-dore\/#breadcrumb","itemListElement":[{"@type":"ListItem","position":1,"name":"Accueil","item":"https:\/\/www.braun-traditions.com\/"},{"@type":"ListItem","position":2,"name":"Boutique","item":"https:\/\/www.braun-traditions.com\/boutique\/"},{"@type":"ListItem","position":3,"name":"Antiquit\u00e9s","item":"https:\/\/www.braun-traditions.com\/cat\u00e9gorie-de-produit\/antiquites\/"},{"@type":"ListItem","position":4,"name":"Dresse d\u2019appui \u00e0 m\u00e9daillon bronze dor\u00e9, seconde partie du 19e si\u00e8cle"}]},{"@type":"WebSite","@id":"https:\/\/www.braun-traditions.com\/#website","url":"https:\/\/www.braun-traditions.com\/","name":"Boutique Braun Traditions","description":"","potentialAction":[{"@type":"SearchAction","target":{"@type":"EntryPoint","urlTemplate":"https:\/\/www.braun-traditions.com\/?s={search_term_string}"},"query-input":"required name=search_term_string"}],"inLanguage":"en-GB"}]}},"_links":{"self":[{"href":"https:\/\/www.braun-traditions.com\/en\/wp-json\/wp\/v2\/product\/755","targetHints":{"allow":["GET"]}}],"collection":[{"href":"https:\/\/www.braun-traditions.com\/en\/wp-json\/wp\/v2\/product"}],"about":[{"href":"https:\/\/www.braun-traditions.com\/en\/wp-json\/wp\/v2\/types\/product"}],"replies":[{"embeddable":true,"href":"https:\/\/www.braun-traditions.com\/en\/wp-json\/wp\/v2\/comments?post=755"}],"wp:featuredmedia":[{"embeddable":true,"href":"https:\/\/www.braun-traditions.com\/en\/wp-json\/wp\/v2\/media\/756"}],"wp:attachment":[{"href":"https:\/\/www.braun-traditions.com\/en\/wp-json\/wp\/v2\/media?parent=755"}],"wp:term":[{"taxonomy":"product_cat","embeddable":true,"href":"https:\/\/www.braun-traditions.com\/en\/wp-json\/wp\/v2\/product_cat?post=755"},{"taxonomy":"product_tag","embeddable":true,"href":"https:\/\/www.braun-traditions.com\/en\/wp-json\/wp\/v2\/product_tag?post=755"}],"curies":[{"name":"wp","href":"https:\/\/api.w.org\/{rel}","templated":true}]}}