{"id":734,"date":"2023-08-27T16:34:36","date_gmt":"2023-08-27T15:34:36","guid":{"rendered":"https:\/\/www.braun-traditions.com\/?post_type=product&#038;p=734"},"modified":"2023-09-18T22:18:08","modified_gmt":"2023-09-18T21:18:08","slug":"grande-coupe-copenhague-vers-1870-1880","status":"publish","type":"product","link":"https:\/\/www.braun-traditions.com\/en\/product\/grande-coupe-copenhague-vers-1870-1880\/","title":{"rendered":"Grande coupe, Copenhague, 1870-1880"},"content":{"rendered":"<p>&nbsp;<\/p>\n<p>Grande coupe sur pi\u00e9douche et femme en biscuit, Copenhague, Danemark<\/p>\n<p>&nbsp;<\/p>\n<p>Manufacture de Copenhague vers 1870-1880<\/p>\n<p>&nbsp;<\/p>\n<p>Sculpteur de la femme en biscuit : H.O.B. Olrik<\/p>\n<p>&nbsp;<\/p>\n<p>Tall basket on a pieddouche. A beautiful and refined Antique female figure in bisque is holding the large cup with both arm above her head. The base and the cup are decorated with painted yellow roses and gilded. Marked with the three waves of Copenhagen on the bisque and under the base. Sculptor of the biscuit lady: H.O.B. Olrik.<\/p>\n<p>&nbsp;<\/p>\n<p>Dimensions : H 41cm \u2013 diam\u00e8tre coupe : 30cm<\/p>\n<p>&nbsp;<\/p>\n<p>&nbsp;<\/p>","protected":false},"excerpt":{"rendered":"<p>&nbsp; Grande coupe sur pi\u00e9douche et femme en biscuit, Copenhague, Danemark &nbsp; Manufacture de Copenhague vers 1870-1880 &nbsp; Sculpteur de la femme en biscuit : H.O.B. Olrik &nbsp; Grande coupe\u00a0sur pi\u00e9douche. Une belle et raffin\u00e9e figure f\u00e9minine mi-nue \u00e0 l\u2019Antique en biscuit supporte tel Atlas la grande coupe\u00a0sup\u00e9rieure. La base et la coupe sont d\u00e9cor\u00e9es [&hellip;]<\/p>","protected":false},"featured_media":735,"comment_status":"open","ping_status":"closed","template":"","meta":[],"product_cat":[76],"product_tag":[],"class_list":["post-734","product","type-product","status-publish","has-post-thumbnail","hentry","product_cat-antiquites"],"acf":[],"yoast_head":"<!-- This site is optimized with the Yoast SEO plugin v21.5 - https:\/\/yoast.com\/wordpress\/plugins\/seo\/ -->\n<title>Grande coupe, Copenhague, 1870-1880 - Boutique Braun Traditions<\/title>\n<meta name=\"robots\" content=\"noindex, follow, max-snippet:-1, max-image-preview:large, max-video-preview:-1\" \/>\n<meta property=\"og:locale\" content=\"en_GB\" \/>\n<meta property=\"og:type\" content=\"article\" \/>\n<meta property=\"og:title\" content=\"Grande coupe, Copenhague, 1870-1880 - Boutique Braun Traditions\" \/>\n<meta property=\"og:description\" content=\"&nbsp; Grande coupe sur pi\u00e9douche et femme en biscuit, Copenhague, Danemark &nbsp; Manufacture de Copenhague vers 1870-1880 &nbsp; Sculpteur de la femme en biscuit : H.O.B. Olrik &nbsp; Grande coupe\u00a0sur pi\u00e9douche. Une belle et raffin\u00e9e figure f\u00e9minine mi-nue \u00e0 l\u2019Antique en biscuit supporte tel Atlas la grande coupe\u00a0sup\u00e9rieure. La base et la coupe sont d\u00e9cor\u00e9es [&hellip;]\" \/>\n<meta property=\"og:url\" content=\"https:\/\/www.braun-traditions.com\/en\/product\/grande-coupe-copenhague-vers-1870-1880\/\" \/>\n<meta property=\"og:site_name\" content=\"Boutique Braun Traditions\" \/>\n<meta property=\"article:modified_time\" content=\"2023-09-18T21:18:08+00:00\" \/>\n<meta property=\"og:image\" content=\"https:\/\/www.braun-traditions.com\/wp-content\/uploads\/2023\/08\/Coupe-Copenhague-femme.jpg\" \/>\n\t<meta property=\"og:image:width\" content=\"2560\" \/>\n\t<meta property=\"og:image:height\" content=\"1707\" \/>\n\t<meta property=\"og:image:type\" content=\"image\/jpeg\" \/>\n<meta name=\"twitter:card\" content=\"summary_large_image\" \/>\n<meta name=\"twitter:label1\" content=\"Estimated reading time\" \/>\n\t<meta name=\"twitter:data1\" content=\"1 minute\" \/>\n<script type=\"application\/ld+json\" class=\"yoast-schema-graph\">{\"@context\":\"https:\/\/schema.org\",\"@graph\":[{\"@type\":\"WebPage\",\"@id\":\"https:\/\/www.braun-traditions.com\/produit\/grande-coupe-copenhague-vers-1870-1880\/\",\"url\":\"https:\/\/www.braun-traditions.com\/produit\/grande-coupe-copenhague-vers-1870-1880\/\",\"name\":\"Grande coupe, Copenhague, 1870-1880 - Boutique Braun Traditions\",\"isPartOf\":{\"@id\":\"https:\/\/www.braun-traditions.com\/#website\"},\"datePublished\":\"2023-08-27T15:34:36+00:00\",\"dateModified\":\"2023-09-18T21:18:08+00:00\",\"breadcrumb\":{\"@id\":\"https:\/\/www.braun-traditions.com\/produit\/grande-coupe-copenhague-vers-1870-1880\/#breadcrumb\"},\"inLanguage\":\"en-GB\",\"potentialAction\":[{\"@type\":\"ReadAction\",\"target\":[\"https:\/\/www.braun-traditions.com\/produit\/grande-coupe-copenhague-vers-1870-1880\/\"]}]},{\"@type\":\"BreadcrumbList\",\"@id\":\"https:\/\/www.braun-traditions.com\/produit\/grande-coupe-copenhague-vers-1870-1880\/#breadcrumb\",\"itemListElement\":[{\"@type\":\"ListItem\",\"position\":1,\"name\":\"Accueil\",\"item\":\"https:\/\/www.braun-traditions.com\/\"},{\"@type\":\"ListItem\",\"position\":2,\"name\":\"Boutique\",\"item\":\"https:\/\/www.braun-traditions.com\/boutique\/\"},{\"@type\":\"ListItem\",\"position\":3,\"name\":\"Antiquit\u00e9s\",\"item\":\"https:\/\/www.braun-traditions.com\/cat\u00e9gorie-de-produit\/antiquites\/\"},{\"@type\":\"ListItem\",\"position\":4,\"name\":\"Grande coupe, Copenhague, 1870-1880\"}]},{\"@type\":\"WebSite\",\"@id\":\"https:\/\/www.braun-traditions.com\/#website\",\"url\":\"https:\/\/www.braun-traditions.com\/\",\"name\":\"Boutique Braun Traditions\",\"description\":\"\",\"potentialAction\":[{\"@type\":\"SearchAction\",\"target\":{\"@type\":\"EntryPoint\",\"urlTemplate\":\"https:\/\/www.braun-traditions.com\/?s={search_term_string}\"},\"query-input\":\"required name=search_term_string\"}],\"inLanguage\":\"en-GB\"}]}<\/script>\n<!-- \/ Yoast SEO plugin. -->","yoast_head_json":{"title":"Grande coupe, Copenhague, 1870-1880 - Boutique Braun Traditions","robots":{"index":"noindex","follow":"follow","max-snippet":"max-snippet:-1","max-image-preview":"max-image-preview:large","max-video-preview":"max-video-preview:-1"},"og_locale":"en_GB","og_type":"article","og_title":"Grande coupe, Copenhague, 1870-1880 - Boutique Braun Traditions","og_description":"&nbsp; Grande coupe sur pi\u00e9douche et femme en biscuit, Copenhague, Danemark &nbsp; Manufacture de Copenhague vers 1870-1880 &nbsp; Sculpteur de la femme en biscuit : H.O.B. Olrik &nbsp; Grande coupe\u00a0sur pi\u00e9douche. Une belle et raffin\u00e9e figure f\u00e9minine mi-nue \u00e0 l\u2019Antique en biscuit supporte tel Atlas la grande coupe\u00a0sup\u00e9rieure. La base et la coupe sont d\u00e9cor\u00e9es [&hellip;]","og_url":"https:\/\/www.braun-traditions.com\/en\/product\/grande-coupe-copenhague-vers-1870-1880\/","og_site_name":"Boutique Braun Traditions","article_modified_time":"2023-09-18T21:18:08+00:00","og_image":[{"width":2560,"height":1707,"url":"https:\/\/www.braun-traditions.com\/wp-content\/uploads\/2023\/08\/Coupe-Copenhague-femme.jpg","type":"image\/jpeg"}],"twitter_card":"summary_large_image","twitter_misc":{"Estimated reading time":"1 minute"},"schema":{"@context":"https:\/\/schema.org","@graph":[{"@type":"WebPage","@id":"https:\/\/www.braun-traditions.com\/produit\/grande-coupe-copenhague-vers-1870-1880\/","url":"https:\/\/www.braun-traditions.com\/produit\/grande-coupe-copenhague-vers-1870-1880\/","name":"Grande coupe, Copenhague, 1870-1880 - Boutique Braun Traditions","isPartOf":{"@id":"https:\/\/www.braun-traditions.com\/#website"},"datePublished":"2023-08-27T15:34:36+00:00","dateModified":"2023-09-18T21:18:08+00:00","breadcrumb":{"@id":"https:\/\/www.braun-traditions.com\/produit\/grande-coupe-copenhague-vers-1870-1880\/#breadcrumb"},"inLanguage":"en-GB","potentialAction":[{"@type":"ReadAction","target":["https:\/\/www.braun-traditions.com\/produit\/grande-coupe-copenhague-vers-1870-1880\/"]}]},{"@type":"BreadcrumbList","@id":"https:\/\/www.braun-traditions.com\/produit\/grande-coupe-copenhague-vers-1870-1880\/#breadcrumb","itemListElement":[{"@type":"ListItem","position":1,"name":"Accueil","item":"https:\/\/www.braun-traditions.com\/"},{"@type":"ListItem","position":2,"name":"Boutique","item":"https:\/\/www.braun-traditions.com\/boutique\/"},{"@type":"ListItem","position":3,"name":"Antiquit\u00e9s","item":"https:\/\/www.braun-traditions.com\/cat\u00e9gorie-de-produit\/antiquites\/"},{"@type":"ListItem","position":4,"name":"Grande coupe, Copenhague, 1870-1880"}]},{"@type":"WebSite","@id":"https:\/\/www.braun-traditions.com\/#website","url":"https:\/\/www.braun-traditions.com\/","name":"Boutique Braun Traditions","description":"","potentialAction":[{"@type":"SearchAction","target":{"@type":"EntryPoint","urlTemplate":"https:\/\/www.braun-traditions.com\/?s={search_term_string}"},"query-input":"required name=search_term_string"}],"inLanguage":"en-GB"}]}},"_links":{"self":[{"href":"https:\/\/www.braun-traditions.com\/en\/wp-json\/wp\/v2\/product\/734","targetHints":{"allow":["GET"]}}],"collection":[{"href":"https:\/\/www.braun-traditions.com\/en\/wp-json\/wp\/v2\/product"}],"about":[{"href":"https:\/\/www.braun-traditions.com\/en\/wp-json\/wp\/v2\/types\/product"}],"replies":[{"embeddable":true,"href":"https:\/\/www.braun-traditions.com\/en\/wp-json\/wp\/v2\/comments?post=734"}],"wp:featuredmedia":[{"embeddable":true,"href":"https:\/\/www.braun-traditions.com\/en\/wp-json\/wp\/v2\/media\/735"}],"wp:attachment":[{"href":"https:\/\/www.braun-traditions.com\/en\/wp-json\/wp\/v2\/media?parent=734"}],"wp:term":[{"taxonomy":"product_cat","embeddable":true,"href":"https:\/\/www.braun-traditions.com\/en\/wp-json\/wp\/v2\/product_cat?post=734"},{"taxonomy":"product_tag","embeddable":true,"href":"https:\/\/www.braun-traditions.com\/en\/wp-json\/wp\/v2\/product_tag?post=734"}],"curies":[{"name":"wp","href":"https:\/\/api.w.org\/{rel}","templated":true}]}}