{"id":575,"date":"2023-07-24T21:36:21","date_gmt":"2023-07-24T20:36:21","guid":{"rendered":"https:\/\/www.braun-traditions.com\/?post_type=product&#038;p=575"},"modified":"2023-09-18T21:23:27","modified_gmt":"2023-09-18T20:23:27","slug":"bb-rose","status":"publish","type":"product","link":"https:\/\/www.braun-traditions.com\/en\/product\/bb-rose\/","title":{"rendered":"BB Ros\u00e9"},"content":{"rendered":"<p>&nbsp;<\/p>\n<p>After having vinified black grapes from the pinots in red, we make our blend to obtain this beautiful salmon color. The black grapes are the framework of this wine, they give it its roundness and its fruity notes.<\/p>\n<p>&nbsp;<\/p>\n<p>Product of France<\/p>\n<p>&nbsp;<\/p>","protected":false},"excerpt":{"rendered":"<p>&nbsp; Apr\u00e8s avoir vinifi\u00e9 en rouge des raisins noirs issus des pinots, nous faisons notre assemblage pour obtenir cette belle robe saumon\u00e9e. Les raisins noirs sont la charpente de ce vin, ils lui conf\u00e8rent sa rondeur et ses notes fruit\u00e9es. &nbsp; Produit de France &nbsp;<\/p>","protected":false},"featured_media":576,"comment_status":"open","ping_status":"closed","template":"","meta":[],"product_cat":[15,66,30],"product_tag":[],"class_list":["post-575","product","type-product","status-publish","has-post-thumbnail","hentry","product_cat-derniers-produits","product_cat-champagne","product_cat-produits-recommandes"],"acf":[],"yoast_head":"<!-- This site is optimized with the Yoast SEO plugin v21.5 - https:\/\/yoast.com\/wordpress\/plugins\/seo\/ -->\n<title>BB Ros\u00e9 - Boutique Braun Traditions<\/title>\n<meta name=\"robots\" content=\"noindex, follow, max-snippet:-1, max-image-preview:large, max-video-preview:-1\" \/>\n<meta property=\"og:locale\" content=\"en_GB\" \/>\n<meta property=\"og:type\" content=\"article\" \/>\n<meta property=\"og:title\" content=\"BB Ros\u00e9 - Boutique Braun Traditions\" \/>\n<meta property=\"og:description\" content=\"&nbsp; Apr\u00e8s avoir vinifi\u00e9 en rouge des raisins noirs issus des pinots, nous faisons notre assemblage pour obtenir cette belle robe saumon\u00e9e. Les raisins noirs sont la charpente de ce vin, ils lui conf\u00e8rent sa rondeur et ses notes fruit\u00e9es. &nbsp; Produit de France &nbsp;\" \/>\n<meta property=\"og:url\" content=\"https:\/\/www.braun-traditions.com\/en\/product\/bb-rose\/\" \/>\n<meta property=\"og:site_name\" content=\"Boutique Braun Traditions\" \/>\n<meta property=\"article:modified_time\" content=\"2023-09-18T20:23:27+00:00\" \/>\n<meta property=\"og:image\" content=\"https:\/\/www.braun-traditions.com\/wp-content\/uploads\/2023\/07\/Champagne-D-3-scaled.jpg\" \/>\n\t<meta property=\"og:image:width\" content=\"1707\" \/>\n\t<meta property=\"og:image:height\" content=\"2560\" \/>\n\t<meta property=\"og:image:type\" content=\"image\/jpeg\" \/>\n<meta name=\"twitter:card\" content=\"summary_large_image\" \/>\n<meta name=\"twitter:label1\" content=\"Estimated reading time\" \/>\n\t<meta name=\"twitter:data1\" content=\"1 minute\" \/>\n<script type=\"application\/ld+json\" class=\"yoast-schema-graph\">{\"@context\":\"https:\/\/schema.org\",\"@graph\":[{\"@type\":\"WebPage\",\"@id\":\"https:\/\/www.braun-traditions.com\/produit\/bb-rose\/\",\"url\":\"https:\/\/www.braun-traditions.com\/produit\/bb-rose\/\",\"name\":\"BB Ros\u00e9 - Boutique Braun Traditions\",\"isPartOf\":{\"@id\":\"https:\/\/www.braun-traditions.com\/#website\"},\"datePublished\":\"2023-07-24T20:36:21+00:00\",\"dateModified\":\"2023-09-18T20:23:27+00:00\",\"breadcrumb\":{\"@id\":\"https:\/\/www.braun-traditions.com\/produit\/bb-rose\/#breadcrumb\"},\"inLanguage\":\"en-GB\",\"potentialAction\":[{\"@type\":\"ReadAction\",\"target\":[\"https:\/\/www.braun-traditions.com\/produit\/bb-rose\/\"]}]},{\"@type\":\"BreadcrumbList\",\"@id\":\"https:\/\/www.braun-traditions.com\/produit\/bb-rose\/#breadcrumb\",\"itemListElement\":[{\"@type\":\"ListItem\",\"position\":1,\"name\":\"Accueil\",\"item\":\"https:\/\/www.braun-traditions.com\/\"},{\"@type\":\"ListItem\",\"position\":2,\"name\":\"Boutique\",\"item\":\"https:\/\/www.braun-traditions.com\/boutique\/\"},{\"@type\":\"ListItem\",\"position\":3,\"name\":\"Derniers produits\",\"item\":\"https:\/\/www.braun-traditions.com\/cat\u00e9gorie-de-produit\/derniers-produits\/\"},{\"@type\":\"ListItem\",\"position\":4,\"name\":\"BB Ros\u00e9\"}]},{\"@type\":\"WebSite\",\"@id\":\"https:\/\/www.braun-traditions.com\/#website\",\"url\":\"https:\/\/www.braun-traditions.com\/\",\"name\":\"Boutique Braun Traditions\",\"description\":\"\",\"potentialAction\":[{\"@type\":\"SearchAction\",\"target\":{\"@type\":\"EntryPoint\",\"urlTemplate\":\"https:\/\/www.braun-traditions.com\/?s={search_term_string}\"},\"query-input\":\"required name=search_term_string\"}],\"inLanguage\":\"en-GB\"}]}<\/script>\n<!-- \/ Yoast SEO plugin. -->","yoast_head_json":{"title":"BB Ros\u00e9 - Boutique Braun Traditions","robots":{"index":"noindex","follow":"follow","max-snippet":"max-snippet:-1","max-image-preview":"max-image-preview:large","max-video-preview":"max-video-preview:-1"},"og_locale":"en_GB","og_type":"article","og_title":"BB Ros\u00e9 - Boutique Braun Traditions","og_description":"&nbsp; Apr\u00e8s avoir vinifi\u00e9 en rouge des raisins noirs issus des pinots, nous faisons notre assemblage pour obtenir cette belle robe saumon\u00e9e. Les raisins noirs sont la charpente de ce vin, ils lui conf\u00e8rent sa rondeur et ses notes fruit\u00e9es. &nbsp; Produit de France &nbsp;","og_url":"https:\/\/www.braun-traditions.com\/en\/product\/bb-rose\/","og_site_name":"Boutique Braun Traditions","article_modified_time":"2023-09-18T20:23:27+00:00","og_image":[{"width":1707,"height":2560,"url":"https:\/\/www.braun-traditions.com\/wp-content\/uploads\/2023\/07\/Champagne-D-3-scaled.jpg","type":"image\/jpeg"}],"twitter_card":"summary_large_image","twitter_misc":{"Estimated reading time":"1 minute"},"schema":{"@context":"https:\/\/schema.org","@graph":[{"@type":"WebPage","@id":"https:\/\/www.braun-traditions.com\/produit\/bb-rose\/","url":"https:\/\/www.braun-traditions.com\/produit\/bb-rose\/","name":"BB Ros\u00e9 - Boutique Braun Traditions","isPartOf":{"@id":"https:\/\/www.braun-traditions.com\/#website"},"datePublished":"2023-07-24T20:36:21+00:00","dateModified":"2023-09-18T20:23:27+00:00","breadcrumb":{"@id":"https:\/\/www.braun-traditions.com\/produit\/bb-rose\/#breadcrumb"},"inLanguage":"en-GB","potentialAction":[{"@type":"ReadAction","target":["https:\/\/www.braun-traditions.com\/produit\/bb-rose\/"]}]},{"@type":"BreadcrumbList","@id":"https:\/\/www.braun-traditions.com\/produit\/bb-rose\/#breadcrumb","itemListElement":[{"@type":"ListItem","position":1,"name":"Accueil","item":"https:\/\/www.braun-traditions.com\/"},{"@type":"ListItem","position":2,"name":"Boutique","item":"https:\/\/www.braun-traditions.com\/boutique\/"},{"@type":"ListItem","position":3,"name":"Derniers produits","item":"https:\/\/www.braun-traditions.com\/cat\u00e9gorie-de-produit\/derniers-produits\/"},{"@type":"ListItem","position":4,"name":"BB Ros\u00e9"}]},{"@type":"WebSite","@id":"https:\/\/www.braun-traditions.com\/#website","url":"https:\/\/www.braun-traditions.com\/","name":"Boutique Braun Traditions","description":"","potentialAction":[{"@type":"SearchAction","target":{"@type":"EntryPoint","urlTemplate":"https:\/\/www.braun-traditions.com\/?s={search_term_string}"},"query-input":"required name=search_term_string"}],"inLanguage":"en-GB"}]}},"_links":{"self":[{"href":"https:\/\/www.braun-traditions.com\/en\/wp-json\/wp\/v2\/product\/575","targetHints":{"allow":["GET"]}}],"collection":[{"href":"https:\/\/www.braun-traditions.com\/en\/wp-json\/wp\/v2\/product"}],"about":[{"href":"https:\/\/www.braun-traditions.com\/en\/wp-json\/wp\/v2\/types\/product"}],"replies":[{"embeddable":true,"href":"https:\/\/www.braun-traditions.com\/en\/wp-json\/wp\/v2\/comments?post=575"}],"wp:featuredmedia":[{"embeddable":true,"href":"https:\/\/www.braun-traditions.com\/en\/wp-json\/wp\/v2\/media\/576"}],"wp:attachment":[{"href":"https:\/\/www.braun-traditions.com\/en\/wp-json\/wp\/v2\/media?parent=575"}],"wp:term":[{"taxonomy":"product_cat","embeddable":true,"href":"https:\/\/www.braun-traditions.com\/en\/wp-json\/wp\/v2\/product_cat?post=575"},{"taxonomy":"product_tag","embeddable":true,"href":"https:\/\/www.braun-traditions.com\/en\/wp-json\/wp\/v2\/product_tag?post=575"}],"curies":[{"name":"wp","href":"https:\/\/api.w.org\/{rel}","templated":true}]}}