{"id":572,"date":"2023-07-24T21:24:23","date_gmt":"2023-07-24T20:24:23","guid":{"rendered":"https:\/\/www.braun-traditions.com\/?post_type=product&#038;p=572"},"modified":"2023-09-18T21:29:08","modified_gmt":"2023-09-18T20:29:08","slug":"bb-tradition-demi-sec","status":"publish","type":"product","link":"https:\/\/www.braun-traditions.com\/en\/product\/bb-tradition-demi-sec\/","title":{"rendered":"BB Tradition Demi Sec"},"content":{"rendered":"<p>&nbsp;<\/p>\n<p>Le succ\u00e8s est assur\u00e9 avec ce Champagne issu de la collection limit\u00e9e Bernd Braun. Expressif au nez et l\u00e9g\u00e8rement fruit\u00e9, vous serez imm\u00e9diatement s\u00e9duit par sa rondeur et sa fra\u00eecheur en bouche.<\/p>\n<p>Id\u00e9al en ap\u00e9ritif, il accompagnera aussi avec d\u00e9licatesse vos desserts fruit\u00e9s ou cr\u00e9meux.<\/p>\n<p>&nbsp;<\/p>\n<p>Product of France<\/p>\n<p>&nbsp;<\/p>","protected":false},"excerpt":{"rendered":"<p>&nbsp; Le succ\u00e8s est assur\u00e9 avec ce Champagne issu de la collection limit\u00e9e Bernd Braun. Expressif au nez et l\u00e9g\u00e8rement fruit\u00e9, vous serez imm\u00e9diatement s\u00e9duit par sa rondeur et sa fra\u00eecheur en bouche. Id\u00e9al en ap\u00e9ritif, il accompagnera aussi avec d\u00e9licatesse vos desserts fruit\u00e9s ou cr\u00e9meux. &nbsp; Produit de France &nbsp;<\/p>","protected":false},"featured_media":573,"comment_status":"open","ping_status":"closed","template":"","meta":[],"product_cat":[15,66,30],"product_tag":[],"class_list":["post-572","product","type-product","status-publish","has-post-thumbnail","hentry","product_cat-derniers-produits","product_cat-champagne","product_cat-produits-recommandes"],"acf":[],"yoast_head":"<!-- This site is optimized with the Yoast SEO plugin v21.5 - https:\/\/yoast.com\/wordpress\/plugins\/seo\/ -->\n<title>BB Tradition Demi Sec - Boutique Braun Traditions<\/title>\n<meta name=\"robots\" content=\"noindex, follow, max-snippet:-1, max-image-preview:large, max-video-preview:-1\" \/>\n<meta property=\"og:locale\" content=\"en_GB\" \/>\n<meta property=\"og:type\" content=\"article\" \/>\n<meta property=\"og:title\" content=\"BB Tradition Demi Sec - Boutique Braun Traditions\" \/>\n<meta property=\"og:description\" content=\"&nbsp; Le succ\u00e8s est assur\u00e9 avec ce Champagne issu de la collection limit\u00e9e Bernd Braun. Expressif au nez et l\u00e9g\u00e8rement fruit\u00e9, vous serez imm\u00e9diatement s\u00e9duit par sa rondeur et sa fra\u00eecheur en bouche. Id\u00e9al en ap\u00e9ritif, il accompagnera aussi avec d\u00e9licatesse vos desserts fruit\u00e9s ou cr\u00e9meux. &nbsp; Produit de France &nbsp;\" \/>\n<meta property=\"og:url\" content=\"https:\/\/www.braun-traditions.com\/en\/product\/bb-tradition-demi-sec\/\" \/>\n<meta property=\"og:site_name\" content=\"Boutique Braun Traditions\" \/>\n<meta property=\"article:modified_time\" content=\"2023-09-18T20:29:08+00:00\" \/>\n<meta property=\"og:image\" content=\"https:\/\/www.braun-traditions.com\/wp-content\/uploads\/2023\/07\/Champagne-D-2-1-scaled.jpg\" \/>\n\t<meta property=\"og:image:width\" content=\"1707\" \/>\n\t<meta property=\"og:image:height\" content=\"2560\" \/>\n\t<meta property=\"og:image:type\" content=\"image\/jpeg\" \/>\n<meta name=\"twitter:card\" content=\"summary_large_image\" \/>\n<meta name=\"twitter:label1\" content=\"Estimated reading time\" \/>\n\t<meta name=\"twitter:data1\" content=\"1 minute\" \/>\n<script type=\"application\/ld+json\" class=\"yoast-schema-graph\">{\"@context\":\"https:\/\/schema.org\",\"@graph\":[{\"@type\":\"WebPage\",\"@id\":\"https:\/\/www.braun-traditions.com\/produit\/bb-tradition-demi-sec\/\",\"url\":\"https:\/\/www.braun-traditions.com\/produit\/bb-tradition-demi-sec\/\",\"name\":\"BB Tradition Demi Sec - Boutique Braun Traditions\",\"isPartOf\":{\"@id\":\"https:\/\/www.braun-traditions.com\/#website\"},\"datePublished\":\"2023-07-24T20:24:23+00:00\",\"dateModified\":\"2023-09-18T20:29:08+00:00\",\"breadcrumb\":{\"@id\":\"https:\/\/www.braun-traditions.com\/produit\/bb-tradition-demi-sec\/#breadcrumb\"},\"inLanguage\":\"en-GB\",\"potentialAction\":[{\"@type\":\"ReadAction\",\"target\":[\"https:\/\/www.braun-traditions.com\/produit\/bb-tradition-demi-sec\/\"]}]},{\"@type\":\"BreadcrumbList\",\"@id\":\"https:\/\/www.braun-traditions.com\/produit\/bb-tradition-demi-sec\/#breadcrumb\",\"itemListElement\":[{\"@type\":\"ListItem\",\"position\":1,\"name\":\"Accueil\",\"item\":\"https:\/\/www.braun-traditions.com\/\"},{\"@type\":\"ListItem\",\"position\":2,\"name\":\"Boutique\",\"item\":\"https:\/\/www.braun-traditions.com\/boutique\/\"},{\"@type\":\"ListItem\",\"position\":3,\"name\":\"Derniers produits\",\"item\":\"https:\/\/www.braun-traditions.com\/cat\u00e9gorie-de-produit\/derniers-produits\/\"},{\"@type\":\"ListItem\",\"position\":4,\"name\":\"BB Tradition Demi Sec\"}]},{\"@type\":\"WebSite\",\"@id\":\"https:\/\/www.braun-traditions.com\/#website\",\"url\":\"https:\/\/www.braun-traditions.com\/\",\"name\":\"Boutique Braun Traditions\",\"description\":\"\",\"potentialAction\":[{\"@type\":\"SearchAction\",\"target\":{\"@type\":\"EntryPoint\",\"urlTemplate\":\"https:\/\/www.braun-traditions.com\/?s={search_term_string}\"},\"query-input\":\"required name=search_term_string\"}],\"inLanguage\":\"en-GB\"}]}<\/script>\n<!-- \/ Yoast SEO plugin. -->","yoast_head_json":{"title":"BB Tradition Demi Sec - Boutique Braun Traditions","robots":{"index":"noindex","follow":"follow","max-snippet":"max-snippet:-1","max-image-preview":"max-image-preview:large","max-video-preview":"max-video-preview:-1"},"og_locale":"en_GB","og_type":"article","og_title":"BB Tradition Demi Sec - Boutique Braun Traditions","og_description":"&nbsp; Le succ\u00e8s est assur\u00e9 avec ce Champagne issu de la collection limit\u00e9e Bernd Braun. Expressif au nez et l\u00e9g\u00e8rement fruit\u00e9, vous serez imm\u00e9diatement s\u00e9duit par sa rondeur et sa fra\u00eecheur en bouche. Id\u00e9al en ap\u00e9ritif, il accompagnera aussi avec d\u00e9licatesse vos desserts fruit\u00e9s ou cr\u00e9meux. &nbsp; Produit de France &nbsp;","og_url":"https:\/\/www.braun-traditions.com\/en\/product\/bb-tradition-demi-sec\/","og_site_name":"Boutique Braun Traditions","article_modified_time":"2023-09-18T20:29:08+00:00","og_image":[{"width":1707,"height":2560,"url":"https:\/\/www.braun-traditions.com\/wp-content\/uploads\/2023\/07\/Champagne-D-2-1-scaled.jpg","type":"image\/jpeg"}],"twitter_card":"summary_large_image","twitter_misc":{"Estimated reading time":"1 minute"},"schema":{"@context":"https:\/\/schema.org","@graph":[{"@type":"WebPage","@id":"https:\/\/www.braun-traditions.com\/produit\/bb-tradition-demi-sec\/","url":"https:\/\/www.braun-traditions.com\/produit\/bb-tradition-demi-sec\/","name":"BB Tradition Demi Sec - Boutique Braun Traditions","isPartOf":{"@id":"https:\/\/www.braun-traditions.com\/#website"},"datePublished":"2023-07-24T20:24:23+00:00","dateModified":"2023-09-18T20:29:08+00:00","breadcrumb":{"@id":"https:\/\/www.braun-traditions.com\/produit\/bb-tradition-demi-sec\/#breadcrumb"},"inLanguage":"en-GB","potentialAction":[{"@type":"ReadAction","target":["https:\/\/www.braun-traditions.com\/produit\/bb-tradition-demi-sec\/"]}]},{"@type":"BreadcrumbList","@id":"https:\/\/www.braun-traditions.com\/produit\/bb-tradition-demi-sec\/#breadcrumb","itemListElement":[{"@type":"ListItem","position":1,"name":"Accueil","item":"https:\/\/www.braun-traditions.com\/"},{"@type":"ListItem","position":2,"name":"Boutique","item":"https:\/\/www.braun-traditions.com\/boutique\/"},{"@type":"ListItem","position":3,"name":"Derniers produits","item":"https:\/\/www.braun-traditions.com\/cat\u00e9gorie-de-produit\/derniers-produits\/"},{"@type":"ListItem","position":4,"name":"BB Tradition Demi Sec"}]},{"@type":"WebSite","@id":"https:\/\/www.braun-traditions.com\/#website","url":"https:\/\/www.braun-traditions.com\/","name":"Boutique Braun Traditions","description":"","potentialAction":[{"@type":"SearchAction","target":{"@type":"EntryPoint","urlTemplate":"https:\/\/www.braun-traditions.com\/?s={search_term_string}"},"query-input":"required name=search_term_string"}],"inLanguage":"en-GB"}]}},"_links":{"self":[{"href":"https:\/\/www.braun-traditions.com\/en\/wp-json\/wp\/v2\/product\/572","targetHints":{"allow":["GET"]}}],"collection":[{"href":"https:\/\/www.braun-traditions.com\/en\/wp-json\/wp\/v2\/product"}],"about":[{"href":"https:\/\/www.braun-traditions.com\/en\/wp-json\/wp\/v2\/types\/product"}],"replies":[{"embeddable":true,"href":"https:\/\/www.braun-traditions.com\/en\/wp-json\/wp\/v2\/comments?post=572"}],"wp:featuredmedia":[{"embeddable":true,"href":"https:\/\/www.braun-traditions.com\/en\/wp-json\/wp\/v2\/media\/573"}],"wp:attachment":[{"href":"https:\/\/www.braun-traditions.com\/en\/wp-json\/wp\/v2\/media?parent=572"}],"wp:term":[{"taxonomy":"product_cat","embeddable":true,"href":"https:\/\/www.braun-traditions.com\/en\/wp-json\/wp\/v2\/product_cat?post=572"},{"taxonomy":"product_tag","embeddable":true,"href":"https:\/\/www.braun-traditions.com\/en\/wp-json\/wp\/v2\/product_tag?post=572"}],"curies":[{"name":"wp","href":"https:\/\/api.w.org\/{rel}","templated":true}]}}