{"id":566,"date":"2023-07-24T20:57:59","date_gmt":"2023-07-24T19:57:59","guid":{"rendered":"https:\/\/www.braun-traditions.com\/?post_type=product&#038;p=566"},"modified":"2023-09-18T21:32:53","modified_gmt":"2023-09-18T20:32:53","slug":"bb-blanc-de-blancs","status":"publish","type":"product","link":"https:\/\/www.braun-traditions.com\/en\/product\/bb-blanc-de-blancs\/","title":{"rendered":"BB Blanc de Blancs 2012"},"content":{"rendered":"<p>A Vintage must be the expression of its year. We make the choice, where the years lend themselves to it, to print a small series in Vintage. The quality of the start and the work of time, develop wines rich in aromas, always pleasant and full of surprises. The 2012 vintage is a characterful Blanc de Blancs with notes of yellow fruits.<\/p>\n<p>&nbsp;<\/p>\n<p>Blanc de Blancs 2012<\/p>\n<p>&nbsp;<\/p>\n<p>Product of France<\/p>\n<p>&nbsp;<\/p>","protected":false},"excerpt":{"rendered":"<p>Un Mill\u00e9sime se doit d\u2019\u00eatre l\u2019expression de son ann\u00e9e. Nous faisons le choix, o\u00f9 les ann\u00e9es s\u2019y pr\u00eatent, de tirer une petite s\u00e9rie en Mill\u00e9sime. La qualit\u00e9 du d\u00e9part et le travail du temps, d\u00e9veloppent des vins riches en ar\u00f4mes, toujours plaisants et pleins de surprises. Le Mill\u00e9sime 2012 est un Blanc de Blancs de [&hellip;]<\/p>","protected":false},"featured_media":567,"comment_status":"open","ping_status":"closed","template":"","meta":[],"product_cat":[15,66,30],"product_tag":[],"class_list":["post-566","product","type-product","status-publish","has-post-thumbnail","hentry","product_cat-derniers-produits","product_cat-champagne","product_cat-produits-recommandes"],"acf":[],"yoast_head":"<!-- This site is optimized with the Yoast SEO plugin v21.5 - https:\/\/yoast.com\/wordpress\/plugins\/seo\/ -->\n<title>BB Blanc de Blancs 2012 - Boutique Braun Traditions<\/title>\n<meta name=\"robots\" content=\"noindex, follow, max-snippet:-1, max-image-preview:large, max-video-preview:-1\" \/>\n<meta property=\"og:locale\" content=\"en_GB\" \/>\n<meta property=\"og:type\" content=\"article\" \/>\n<meta property=\"og:title\" content=\"BB Blanc de Blancs 2012 - Boutique Braun Traditions\" \/>\n<meta property=\"og:description\" content=\"Un Mill\u00e9sime se doit d\u2019\u00eatre l\u2019expression de son ann\u00e9e. Nous faisons le choix, o\u00f9 les ann\u00e9es s\u2019y pr\u00eatent, de tirer une petite s\u00e9rie en Mill\u00e9sime. La qualit\u00e9 du d\u00e9part et le travail du temps, d\u00e9veloppent des vins riches en ar\u00f4mes, toujours plaisants et pleins de surprises. Le Mill\u00e9sime 2012 est un Blanc de Blancs de [&hellip;]\" \/>\n<meta property=\"og:url\" content=\"https:\/\/www.braun-traditions.com\/en\/product\/bb-blanc-de-blancs\/\" \/>\n<meta property=\"og:site_name\" content=\"Boutique Braun Traditions\" \/>\n<meta property=\"article:modified_time\" content=\"2023-09-18T20:32:53+00:00\" \/>\n<meta property=\"og:image\" content=\"https:\/\/www.braun-traditions.com\/wp-content\/uploads\/2023\/07\/Champagne-D-5-scaled.jpg\" \/>\n\t<meta property=\"og:image:width\" content=\"1707\" \/>\n\t<meta property=\"og:image:height\" content=\"2560\" \/>\n\t<meta property=\"og:image:type\" content=\"image\/jpeg\" \/>\n<meta name=\"twitter:card\" content=\"summary_large_image\" \/>\n<meta name=\"twitter:label1\" content=\"Estimated reading time\" \/>\n\t<meta name=\"twitter:data1\" content=\"1 minute\" \/>\n<script type=\"application\/ld+json\" class=\"yoast-schema-graph\">{\"@context\":\"https:\/\/schema.org\",\"@graph\":[{\"@type\":\"WebPage\",\"@id\":\"https:\/\/www.braun-traditions.com\/produit\/bb-blanc-de-blancs\/\",\"url\":\"https:\/\/www.braun-traditions.com\/produit\/bb-blanc-de-blancs\/\",\"name\":\"BB Blanc de Blancs 2012 - Boutique Braun Traditions\",\"isPartOf\":{\"@id\":\"https:\/\/www.braun-traditions.com\/#website\"},\"datePublished\":\"2023-07-24T19:57:59+00:00\",\"dateModified\":\"2023-09-18T20:32:53+00:00\",\"breadcrumb\":{\"@id\":\"https:\/\/www.braun-traditions.com\/produit\/bb-blanc-de-blancs\/#breadcrumb\"},\"inLanguage\":\"en-GB\",\"potentialAction\":[{\"@type\":\"ReadAction\",\"target\":[\"https:\/\/www.braun-traditions.com\/produit\/bb-blanc-de-blancs\/\"]}]},{\"@type\":\"BreadcrumbList\",\"@id\":\"https:\/\/www.braun-traditions.com\/produit\/bb-blanc-de-blancs\/#breadcrumb\",\"itemListElement\":[{\"@type\":\"ListItem\",\"position\":1,\"name\":\"Accueil\",\"item\":\"https:\/\/www.braun-traditions.com\/\"},{\"@type\":\"ListItem\",\"position\":2,\"name\":\"Boutique\",\"item\":\"https:\/\/www.braun-traditions.com\/boutique\/\"},{\"@type\":\"ListItem\",\"position\":3,\"name\":\"Derniers produits\",\"item\":\"https:\/\/www.braun-traditions.com\/cat\u00e9gorie-de-produit\/derniers-produits\/\"},{\"@type\":\"ListItem\",\"position\":4,\"name\":\"BB Blanc de Blancs 2012\"}]},{\"@type\":\"WebSite\",\"@id\":\"https:\/\/www.braun-traditions.com\/#website\",\"url\":\"https:\/\/www.braun-traditions.com\/\",\"name\":\"Boutique Braun Traditions\",\"description\":\"\",\"potentialAction\":[{\"@type\":\"SearchAction\",\"target\":{\"@type\":\"EntryPoint\",\"urlTemplate\":\"https:\/\/www.braun-traditions.com\/?s={search_term_string}\"},\"query-input\":\"required name=search_term_string\"}],\"inLanguage\":\"en-GB\"}]}<\/script>\n<!-- \/ Yoast SEO plugin. -->","yoast_head_json":{"title":"BB Blanc de Blancs 2012 - Boutique Braun Traditions","robots":{"index":"noindex","follow":"follow","max-snippet":"max-snippet:-1","max-image-preview":"max-image-preview:large","max-video-preview":"max-video-preview:-1"},"og_locale":"en_GB","og_type":"article","og_title":"BB Blanc de Blancs 2012 - Boutique Braun Traditions","og_description":"Un Mill\u00e9sime se doit d\u2019\u00eatre l\u2019expression de son ann\u00e9e. Nous faisons le choix, o\u00f9 les ann\u00e9es s\u2019y pr\u00eatent, de tirer une petite s\u00e9rie en Mill\u00e9sime. La qualit\u00e9 du d\u00e9part et le travail du temps, d\u00e9veloppent des vins riches en ar\u00f4mes, toujours plaisants et pleins de surprises. Le Mill\u00e9sime 2012 est un Blanc de Blancs de [&hellip;]","og_url":"https:\/\/www.braun-traditions.com\/en\/product\/bb-blanc-de-blancs\/","og_site_name":"Boutique Braun Traditions","article_modified_time":"2023-09-18T20:32:53+00:00","og_image":[{"width":1707,"height":2560,"url":"https:\/\/www.braun-traditions.com\/wp-content\/uploads\/2023\/07\/Champagne-D-5-scaled.jpg","type":"image\/jpeg"}],"twitter_card":"summary_large_image","twitter_misc":{"Estimated reading time":"1 minute"},"schema":{"@context":"https:\/\/schema.org","@graph":[{"@type":"WebPage","@id":"https:\/\/www.braun-traditions.com\/produit\/bb-blanc-de-blancs\/","url":"https:\/\/www.braun-traditions.com\/produit\/bb-blanc-de-blancs\/","name":"BB Blanc de Blancs 2012 - Boutique Braun Traditions","isPartOf":{"@id":"https:\/\/www.braun-traditions.com\/#website"},"datePublished":"2023-07-24T19:57:59+00:00","dateModified":"2023-09-18T20:32:53+00:00","breadcrumb":{"@id":"https:\/\/www.braun-traditions.com\/produit\/bb-blanc-de-blancs\/#breadcrumb"},"inLanguage":"en-GB","potentialAction":[{"@type":"ReadAction","target":["https:\/\/www.braun-traditions.com\/produit\/bb-blanc-de-blancs\/"]}]},{"@type":"BreadcrumbList","@id":"https:\/\/www.braun-traditions.com\/produit\/bb-blanc-de-blancs\/#breadcrumb","itemListElement":[{"@type":"ListItem","position":1,"name":"Accueil","item":"https:\/\/www.braun-traditions.com\/"},{"@type":"ListItem","position":2,"name":"Boutique","item":"https:\/\/www.braun-traditions.com\/boutique\/"},{"@type":"ListItem","position":3,"name":"Derniers produits","item":"https:\/\/www.braun-traditions.com\/cat\u00e9gorie-de-produit\/derniers-produits\/"},{"@type":"ListItem","position":4,"name":"BB Blanc de Blancs 2012"}]},{"@type":"WebSite","@id":"https:\/\/www.braun-traditions.com\/#website","url":"https:\/\/www.braun-traditions.com\/","name":"Boutique Braun Traditions","description":"","potentialAction":[{"@type":"SearchAction","target":{"@type":"EntryPoint","urlTemplate":"https:\/\/www.braun-traditions.com\/?s={search_term_string}"},"query-input":"required name=search_term_string"}],"inLanguage":"en-GB"}]}},"_links":{"self":[{"href":"https:\/\/www.braun-traditions.com\/en\/wp-json\/wp\/v2\/product\/566","targetHints":{"allow":["GET"]}}],"collection":[{"href":"https:\/\/www.braun-traditions.com\/en\/wp-json\/wp\/v2\/product"}],"about":[{"href":"https:\/\/www.braun-traditions.com\/en\/wp-json\/wp\/v2\/types\/product"}],"replies":[{"embeddable":true,"href":"https:\/\/www.braun-traditions.com\/en\/wp-json\/wp\/v2\/comments?post=566"}],"wp:featuredmedia":[{"embeddable":true,"href":"https:\/\/www.braun-traditions.com\/en\/wp-json\/wp\/v2\/media\/567"}],"wp:attachment":[{"href":"https:\/\/www.braun-traditions.com\/en\/wp-json\/wp\/v2\/media?parent=566"}],"wp:term":[{"taxonomy":"product_cat","embeddable":true,"href":"https:\/\/www.braun-traditions.com\/en\/wp-json\/wp\/v2\/product_cat?post=566"},{"taxonomy":"product_tag","embeddable":true,"href":"https:\/\/www.braun-traditions.com\/en\/wp-json\/wp\/v2\/product_tag?post=566"}],"curies":[{"name":"wp","href":"https:\/\/api.w.org\/{rel}","templated":true}]}}