{"id":535,"date":"2023-07-24T19:07:46","date_gmt":"2023-07-24T18:07:46","guid":{"rendered":"https:\/\/www.braun-traditions.com\/?post_type=product&#038;p=535"},"modified":"2023-09-19T06:40:53","modified_gmt":"2023-09-19T05:40:53","slug":"bb-muscat","status":"publish","type":"product","link":"https:\/\/www.braun-traditions.com\/en\/product\/bb-muscat\/","title":{"rendered":"BB Muscat"},"content":{"rendered":"<p>Vin blanc BB Muscat<\/p>\n<p>2021<\/p>\n<p>C'est au c\u0153ur de l'Europe centrale, dans une atmosph\u00e8re chaleureuse et conviviale, que nous soignons les vignobles dont est issu ce vin blanc Muscat. Vous appr\u00e9cierez son go\u00fbt sec et rafra\u00eechissant, aux subtiles notes bois\u00e9es.<\/p>\n<p>Produit de Slovaquie<\/p>","protected":false},"excerpt":{"rendered":"<p>Vin blanc BB Muscat 2021 C'est au c\u0153ur de l'Europe centrale, dans une atmosph\u00e8re chaleureuse et conviviale, que nous soignons les vignobles dont est issu ce vin blanc Muscat. Vous appr\u00e9cierez son go\u00fbt sec et rafra\u00eechissant, aux subtiles notes bois\u00e9es. Produit de Slovaquie<\/p>","protected":false},"featured_media":537,"comment_status":"open","ping_status":"closed","template":"","meta":[],"product_cat":[16],"product_tag":[],"class_list":["post-535","product","type-product","status-publish","has-post-thumbnail","hentry","product_cat-vins"],"acf":[],"yoast_head":"<!-- This site is optimized with the Yoast SEO plugin v21.5 - https:\/\/yoast.com\/wordpress\/plugins\/seo\/ -->\n<title>BB Muscat - Boutique Braun Traditions<\/title>\n<meta name=\"robots\" content=\"noindex, follow, max-snippet:-1, max-image-preview:large, max-video-preview:-1\" \/>\n<meta property=\"og:locale\" content=\"en_GB\" \/>\n<meta property=\"og:type\" content=\"article\" \/>\n<meta property=\"og:title\" content=\"BB Muscat - Boutique Braun Traditions\" \/>\n<meta property=\"og:description\" content=\"Vin blanc BB Muscat 2021 C&#039;est au c\u0153ur de l&#039;Europe centrale, dans une atmosph\u00e8re chaleureuse et conviviale, que nous soignons les vignobles dont est issu ce vin blanc Muscat. Vous appr\u00e9cierez son go\u00fbt sec et rafra\u00eechissant, aux subtiles notes bois\u00e9es. Produit de Slovaquie\" \/>\n<meta property=\"og:url\" content=\"https:\/\/www.braun-traditions.com\/en\/product\/bb-muscat\/\" \/>\n<meta property=\"og:site_name\" content=\"Boutique Braun Traditions\" \/>\n<meta property=\"article:modified_time\" content=\"2023-09-19T05:40:53+00:00\" \/>\n<meta property=\"og:image\" content=\"https:\/\/www.braun-traditions.com\/wp-content\/uploads\/2023\/07\/Vin-chez-Bernd-6-1-scaled.jpg\" \/>\n\t<meta property=\"og:image:width\" content=\"1710\" \/>\n\t<meta property=\"og:image:height\" content=\"2560\" \/>\n\t<meta property=\"og:image:type\" content=\"image\/jpeg\" \/>\n<meta name=\"twitter:card\" content=\"summary_large_image\" \/>\n<meta name=\"twitter:label1\" content=\"Estimated reading time\" \/>\n\t<meta name=\"twitter:data1\" content=\"1 minute\" \/>\n<script type=\"application\/ld+json\" class=\"yoast-schema-graph\">{\"@context\":\"https:\/\/schema.org\",\"@graph\":[{\"@type\":\"WebPage\",\"@id\":\"https:\/\/www.braun-traditions.com\/produit\/bb-muscat\/\",\"url\":\"https:\/\/www.braun-traditions.com\/produit\/bb-muscat\/\",\"name\":\"BB Muscat - Boutique Braun Traditions\",\"isPartOf\":{\"@id\":\"https:\/\/www.braun-traditions.com\/#website\"},\"datePublished\":\"2023-07-24T18:07:46+00:00\",\"dateModified\":\"2023-09-19T05:40:53+00:00\",\"breadcrumb\":{\"@id\":\"https:\/\/www.braun-traditions.com\/produit\/bb-muscat\/#breadcrumb\"},\"inLanguage\":\"en-GB\",\"potentialAction\":[{\"@type\":\"ReadAction\",\"target\":[\"https:\/\/www.braun-traditions.com\/produit\/bb-muscat\/\"]}]},{\"@type\":\"BreadcrumbList\",\"@id\":\"https:\/\/www.braun-traditions.com\/produit\/bb-muscat\/#breadcrumb\",\"itemListElement\":[{\"@type\":\"ListItem\",\"position\":1,\"name\":\"Accueil\",\"item\":\"https:\/\/www.braun-traditions.com\/\"},{\"@type\":\"ListItem\",\"position\":2,\"name\":\"Boutique\",\"item\":\"https:\/\/www.braun-traditions.com\/boutique\/\"},{\"@type\":\"ListItem\",\"position\":3,\"name\":\"Vins\",\"item\":\"https:\/\/www.braun-traditions.com\/cat\u00e9gorie-de-produit\/vins\/\"},{\"@type\":\"ListItem\",\"position\":4,\"name\":\"BB Muscat\"}]},{\"@type\":\"WebSite\",\"@id\":\"https:\/\/www.braun-traditions.com\/#website\",\"url\":\"https:\/\/www.braun-traditions.com\/\",\"name\":\"Boutique Braun Traditions\",\"description\":\"\",\"potentialAction\":[{\"@type\":\"SearchAction\",\"target\":{\"@type\":\"EntryPoint\",\"urlTemplate\":\"https:\/\/www.braun-traditions.com\/?s={search_term_string}\"},\"query-input\":\"required name=search_term_string\"}],\"inLanguage\":\"en-GB\"}]}<\/script>\n<!-- \/ Yoast SEO plugin. -->","yoast_head_json":{"title":"BB Muscat - Boutique Braun Traditions","robots":{"index":"noindex","follow":"follow","max-snippet":"max-snippet:-1","max-image-preview":"max-image-preview:large","max-video-preview":"max-video-preview:-1"},"og_locale":"en_GB","og_type":"article","og_title":"BB Muscat - Boutique Braun Traditions","og_description":"Vin blanc BB Muscat 2021 C'est au c\u0153ur de l'Europe centrale, dans une atmosph\u00e8re chaleureuse et conviviale, que nous soignons les vignobles dont est issu ce vin blanc Muscat. Vous appr\u00e9cierez son go\u00fbt sec et rafra\u00eechissant, aux subtiles notes bois\u00e9es. Produit de Slovaquie","og_url":"https:\/\/www.braun-traditions.com\/en\/product\/bb-muscat\/","og_site_name":"Boutique Braun Traditions","article_modified_time":"2023-09-19T05:40:53+00:00","og_image":[{"width":1710,"height":2560,"url":"https:\/\/www.braun-traditions.com\/wp-content\/uploads\/2023\/07\/Vin-chez-Bernd-6-1-scaled.jpg","type":"image\/jpeg"}],"twitter_card":"summary_large_image","twitter_misc":{"Estimated reading time":"1 minute"},"schema":{"@context":"https:\/\/schema.org","@graph":[{"@type":"WebPage","@id":"https:\/\/www.braun-traditions.com\/produit\/bb-muscat\/","url":"https:\/\/www.braun-traditions.com\/produit\/bb-muscat\/","name":"BB Muscat - Boutique Braun Traditions","isPartOf":{"@id":"https:\/\/www.braun-traditions.com\/#website"},"datePublished":"2023-07-24T18:07:46+00:00","dateModified":"2023-09-19T05:40:53+00:00","breadcrumb":{"@id":"https:\/\/www.braun-traditions.com\/produit\/bb-muscat\/#breadcrumb"},"inLanguage":"en-GB","potentialAction":[{"@type":"ReadAction","target":["https:\/\/www.braun-traditions.com\/produit\/bb-muscat\/"]}]},{"@type":"BreadcrumbList","@id":"https:\/\/www.braun-traditions.com\/produit\/bb-muscat\/#breadcrumb","itemListElement":[{"@type":"ListItem","position":1,"name":"Accueil","item":"https:\/\/www.braun-traditions.com\/"},{"@type":"ListItem","position":2,"name":"Boutique","item":"https:\/\/www.braun-traditions.com\/boutique\/"},{"@type":"ListItem","position":3,"name":"Vins","item":"https:\/\/www.braun-traditions.com\/cat\u00e9gorie-de-produit\/vins\/"},{"@type":"ListItem","position":4,"name":"BB Muscat"}]},{"@type":"WebSite","@id":"https:\/\/www.braun-traditions.com\/#website","url":"https:\/\/www.braun-traditions.com\/","name":"Boutique Braun Traditions","description":"","potentialAction":[{"@type":"SearchAction","target":{"@type":"EntryPoint","urlTemplate":"https:\/\/www.braun-traditions.com\/?s={search_term_string}"},"query-input":"required name=search_term_string"}],"inLanguage":"en-GB"}]}},"_links":{"self":[{"href":"https:\/\/www.braun-traditions.com\/en\/wp-json\/wp\/v2\/product\/535","targetHints":{"allow":["GET"]}}],"collection":[{"href":"https:\/\/www.braun-traditions.com\/en\/wp-json\/wp\/v2\/product"}],"about":[{"href":"https:\/\/www.braun-traditions.com\/en\/wp-json\/wp\/v2\/types\/product"}],"replies":[{"embeddable":true,"href":"https:\/\/www.braun-traditions.com\/en\/wp-json\/wp\/v2\/comments?post=535"}],"wp:featuredmedia":[{"embeddable":true,"href":"https:\/\/www.braun-traditions.com\/en\/wp-json\/wp\/v2\/media\/537"}],"wp:attachment":[{"href":"https:\/\/www.braun-traditions.com\/en\/wp-json\/wp\/v2\/media?parent=535"}],"wp:term":[{"taxonomy":"product_cat","embeddable":true,"href":"https:\/\/www.braun-traditions.com\/en\/wp-json\/wp\/v2\/product_cat?post=535"},{"taxonomy":"product_tag","embeddable":true,"href":"https:\/\/www.braun-traditions.com\/en\/wp-json\/wp\/v2\/product_tag?post=535"}],"curies":[{"name":"wp","href":"https:\/\/api.w.org\/{rel}","templated":true}]}}