{"id":527,"date":"2023-07-24T18:41:59","date_gmt":"2023-07-24T17:41:59","guid":{"rendered":"https:\/\/www.braun-traditions.com\/?post_type=product&#038;p=527"},"modified":"2023-09-18T21:59:32","modified_gmt":"2023-09-18T20:59:32","slug":"cotes-du-ventoux-1979","status":"publish","type":"product","link":"https:\/\/www.braun-traditions.com\/en\/product\/cotes-du-ventoux-1979\/","title":{"rendered":"C\u00f4tes du Ventoux 1979"},"content":{"rendered":"<p>R\u00e9colte 1979<\/p>\n<p>&nbsp;<\/p>\n<p>Appellation Contr\u00f4l\u00e9e<\/p>\n<p>&nbsp;<\/p>\n<p>68cl<\/p>\n<p>&nbsp;<\/p>\n<p>Product of France<\/p>\n<p>&nbsp;<\/p>","protected":false},"excerpt":{"rendered":"<p>R\u00e9colte 1979 &nbsp; Appellation Contr\u00f4l\u00e9e &nbsp; 68cl &nbsp; Produit de France &nbsp;<\/p>","protected":false},"featured_media":526,"comment_status":"open","ping_status":"closed","template":"","meta":[],"product_cat":[18],"product_tag":[],"class_list":["post-527","product","type-product","status-publish","has-post-thumbnail","hentry","product_cat-vins-anciens"],"acf":[],"yoast_head":"<!-- This site is optimized with the Yoast SEO plugin v21.5 - https:\/\/yoast.com\/wordpress\/plugins\/seo\/ -->\n<title>C\u00f4tes du Ventoux 1979 - Boutique Braun Traditions<\/title>\n<meta name=\"robots\" content=\"noindex, follow, max-snippet:-1, max-image-preview:large, max-video-preview:-1\" \/>\n<meta property=\"og:locale\" content=\"en_GB\" \/>\n<meta property=\"og:type\" content=\"article\" \/>\n<meta property=\"og:title\" content=\"C\u00f4tes du Ventoux 1979 - Boutique Braun Traditions\" \/>\n<meta property=\"og:description\" content=\"R\u00e9colte 1979 &nbsp; Appellation Contr\u00f4l\u00e9e &nbsp; 68cl &nbsp; Produit de France &nbsp;\" \/>\n<meta property=\"og:url\" content=\"https:\/\/www.braun-traditions.com\/en\/product\/cotes-du-ventoux-1979\/\" \/>\n<meta property=\"og:site_name\" content=\"Boutique Braun Traditions\" \/>\n<meta property=\"article:modified_time\" content=\"2023-09-18T20:59:32+00:00\" \/>\n<meta property=\"og:image\" content=\"https:\/\/www.braun-traditions.com\/wp-content\/uploads\/2023\/07\/Vin-fond-blanc-9-scaled.jpg\" \/>\n\t<meta property=\"og:image:width\" content=\"2560\" \/>\n\t<meta property=\"og:image:height\" content=\"1707\" \/>\n\t<meta property=\"og:image:type\" content=\"image\/jpeg\" \/>\n<meta name=\"twitter:card\" content=\"summary_large_image\" \/>\n<meta name=\"twitter:label1\" content=\"Estimated reading time\" \/>\n\t<meta name=\"twitter:data1\" content=\"1 minute\" \/>\n<script type=\"application\/ld+json\" class=\"yoast-schema-graph\">{\"@context\":\"https:\/\/schema.org\",\"@graph\":[{\"@type\":\"WebPage\",\"@id\":\"https:\/\/www.braun-traditions.com\/produit\/cotes-du-ventoux-1979\/\",\"url\":\"https:\/\/www.braun-traditions.com\/produit\/cotes-du-ventoux-1979\/\",\"name\":\"C\u00f4tes du Ventoux 1979 - Boutique Braun Traditions\",\"isPartOf\":{\"@id\":\"https:\/\/www.braun-traditions.com\/#website\"},\"datePublished\":\"2023-07-24T17:41:59+00:00\",\"dateModified\":\"2023-09-18T20:59:32+00:00\",\"breadcrumb\":{\"@id\":\"https:\/\/www.braun-traditions.com\/produit\/cotes-du-ventoux-1979\/#breadcrumb\"},\"inLanguage\":\"en-GB\",\"potentialAction\":[{\"@type\":\"ReadAction\",\"target\":[\"https:\/\/www.braun-traditions.com\/produit\/cotes-du-ventoux-1979\/\"]}]},{\"@type\":\"BreadcrumbList\",\"@id\":\"https:\/\/www.braun-traditions.com\/produit\/cotes-du-ventoux-1979\/#breadcrumb\",\"itemListElement\":[{\"@type\":\"ListItem\",\"position\":1,\"name\":\"Accueil\",\"item\":\"https:\/\/www.braun-traditions.com\/\"},{\"@type\":\"ListItem\",\"position\":2,\"name\":\"Boutique\",\"item\":\"https:\/\/www.braun-traditions.com\/boutique\/\"},{\"@type\":\"ListItem\",\"position\":3,\"name\":\"Vins anciens\",\"item\":\"https:\/\/www.braun-traditions.com\/cat\u00e9gorie-de-produit\/vins-anciens\/\"},{\"@type\":\"ListItem\",\"position\":4,\"name\":\"C\u00f4tes du Ventoux 1979\"}]},{\"@type\":\"WebSite\",\"@id\":\"https:\/\/www.braun-traditions.com\/#website\",\"url\":\"https:\/\/www.braun-traditions.com\/\",\"name\":\"Boutique Braun Traditions\",\"description\":\"\",\"potentialAction\":[{\"@type\":\"SearchAction\",\"target\":{\"@type\":\"EntryPoint\",\"urlTemplate\":\"https:\/\/www.braun-traditions.com\/?s={search_term_string}\"},\"query-input\":\"required name=search_term_string\"}],\"inLanguage\":\"en-GB\"}]}<\/script>\n<!-- \/ Yoast SEO plugin. -->","yoast_head_json":{"title":"C\u00f4tes du Ventoux 1979 - Boutique Braun Traditions","robots":{"index":"noindex","follow":"follow","max-snippet":"max-snippet:-1","max-image-preview":"max-image-preview:large","max-video-preview":"max-video-preview:-1"},"og_locale":"en_GB","og_type":"article","og_title":"C\u00f4tes du Ventoux 1979 - Boutique Braun Traditions","og_description":"R\u00e9colte 1979 &nbsp; Appellation Contr\u00f4l\u00e9e &nbsp; 68cl &nbsp; Produit de France &nbsp;","og_url":"https:\/\/www.braun-traditions.com\/en\/product\/cotes-du-ventoux-1979\/","og_site_name":"Boutique Braun Traditions","article_modified_time":"2023-09-18T20:59:32+00:00","og_image":[{"width":2560,"height":1707,"url":"https:\/\/www.braun-traditions.com\/wp-content\/uploads\/2023\/07\/Vin-fond-blanc-9-scaled.jpg","type":"image\/jpeg"}],"twitter_card":"summary_large_image","twitter_misc":{"Estimated reading time":"1 minute"},"schema":{"@context":"https:\/\/schema.org","@graph":[{"@type":"WebPage","@id":"https:\/\/www.braun-traditions.com\/produit\/cotes-du-ventoux-1979\/","url":"https:\/\/www.braun-traditions.com\/produit\/cotes-du-ventoux-1979\/","name":"C\u00f4tes du Ventoux 1979 - Boutique Braun Traditions","isPartOf":{"@id":"https:\/\/www.braun-traditions.com\/#website"},"datePublished":"2023-07-24T17:41:59+00:00","dateModified":"2023-09-18T20:59:32+00:00","breadcrumb":{"@id":"https:\/\/www.braun-traditions.com\/produit\/cotes-du-ventoux-1979\/#breadcrumb"},"inLanguage":"en-GB","potentialAction":[{"@type":"ReadAction","target":["https:\/\/www.braun-traditions.com\/produit\/cotes-du-ventoux-1979\/"]}]},{"@type":"BreadcrumbList","@id":"https:\/\/www.braun-traditions.com\/produit\/cotes-du-ventoux-1979\/#breadcrumb","itemListElement":[{"@type":"ListItem","position":1,"name":"Accueil","item":"https:\/\/www.braun-traditions.com\/"},{"@type":"ListItem","position":2,"name":"Boutique","item":"https:\/\/www.braun-traditions.com\/boutique\/"},{"@type":"ListItem","position":3,"name":"Vins anciens","item":"https:\/\/www.braun-traditions.com\/cat\u00e9gorie-de-produit\/vins-anciens\/"},{"@type":"ListItem","position":4,"name":"C\u00f4tes du Ventoux 1979"}]},{"@type":"WebSite","@id":"https:\/\/www.braun-traditions.com\/#website","url":"https:\/\/www.braun-traditions.com\/","name":"Boutique Braun Traditions","description":"","potentialAction":[{"@type":"SearchAction","target":{"@type":"EntryPoint","urlTemplate":"https:\/\/www.braun-traditions.com\/?s={search_term_string}"},"query-input":"required name=search_term_string"}],"inLanguage":"en-GB"}]}},"_links":{"self":[{"href":"https:\/\/www.braun-traditions.com\/en\/wp-json\/wp\/v2\/product\/527","targetHints":{"allow":["GET"]}}],"collection":[{"href":"https:\/\/www.braun-traditions.com\/en\/wp-json\/wp\/v2\/product"}],"about":[{"href":"https:\/\/www.braun-traditions.com\/en\/wp-json\/wp\/v2\/types\/product"}],"replies":[{"embeddable":true,"href":"https:\/\/www.braun-traditions.com\/en\/wp-json\/wp\/v2\/comments?post=527"}],"wp:featuredmedia":[{"embeddable":true,"href":"https:\/\/www.braun-traditions.com\/en\/wp-json\/wp\/v2\/media\/526"}],"wp:attachment":[{"href":"https:\/\/www.braun-traditions.com\/en\/wp-json\/wp\/v2\/media?parent=527"}],"wp:term":[{"taxonomy":"product_cat","embeddable":true,"href":"https:\/\/www.braun-traditions.com\/en\/wp-json\/wp\/v2\/product_cat?post=527"},{"taxonomy":"product_tag","embeddable":true,"href":"https:\/\/www.braun-traditions.com\/en\/wp-json\/wp\/v2\/product_tag?post=527"}],"curies":[{"name":"wp","href":"https:\/\/api.w.org\/{rel}","templated":true}]}}