{"id":463,"date":"2022-09-30T08:09:53","date_gmt":"2022-09-30T07:09:53","guid":{"rendered":"https:\/\/www.braun-traditions.com\/?post_type=product&#038;p=463"},"modified":"2023-09-19T06:11:36","modified_gmt":"2023-09-19T05:11:36","slug":"gruner-veltliner-v2","status":"publish","type":"product","link":"https:\/\/www.braun-traditions.com\/en\/product\/gruner-veltliner-v2\/","title":{"rendered":"BB Gr\u00fcner Veltliner"},"content":{"rendered":"<p>Vin blanc BB Gr\u00fcner Veltliner<\/p>\n<p>2020<\/p>\n<p>La qualit\u00e9 des vins issus du Gr\u00fcner Veltliner est l\u00e9gendaire et symbolise les grands vins de garde autrichiens. On ne le trouve quasiment que dans ces contr\u00e9es, et dans quelques pays, dont la Slovaquie. Ce c\u00e9page donne un vin blanc sec, frais et \u00e9pic\u00e9, aux notes min\u00e9rales subtiles. M\u00fbri tardivement, il d\u00e9voile des ar\u00f4mes d\u00e9licats de pamplemousse, de citron, de poire, avec parfois une note de poivre blanc et une touche v\u00e9g\u00e9tale. La fraicheur est au rendez-vous !<\/p>\n<p>Produit de Slovaquie<\/p>","protected":false},"excerpt":{"rendered":"<p>Le\u00a0Gr\u00fcner Veltliner prosp\u00e8re essentiellement dans les vignobles situ\u00e9s le long du Danube, en Basse-Autriche, en Allemagne, en Slovaquie, en R\u00e9publique tch\u00e8que et en Hongrie.<\/p>\n<p>Sensible au terroir, le c\u00e9page Gr\u00fcner Veltliner, qui m\u00fbrit tardivement, est capable de concurrencer les vins blancs classiques et d'offrir une alternative singuli\u00e8re aux saveurs r\u00e9pandues des c\u00e9pages blancs internationaux.<\/p>","protected":false},"featured_media":538,"comment_status":"open","ping_status":"closed","template":"","meta":[],"product_cat":[16,30],"product_tag":[],"class_list":["post-463","product","type-product","status-publish","has-post-thumbnail","hentry","product_cat-vins","product_cat-produits-recommandes"],"acf":[],"yoast_head":"<!-- This site is optimized with the Yoast SEO plugin v21.5 - https:\/\/yoast.com\/wordpress\/plugins\/seo\/ -->\n<title>BB Gr\u00fcner Veltliner - Boutique Braun Traditions<\/title>\n<meta name=\"robots\" content=\"noindex, follow, max-snippet:-1, max-image-preview:large, max-video-preview:-1\" \/>\n<meta property=\"og:locale\" content=\"en_GB\" \/>\n<meta property=\"og:type\" content=\"article\" \/>\n<meta property=\"og:title\" content=\"BB Gr\u00fcner Veltliner - Boutique Braun Traditions\" \/>\n<meta property=\"og:description\" content=\"Le\u00a0Gr\u00fcner Veltliner prosp\u00e8re essentiellement dans les vignobles situ\u00e9s le long du Danube, en Basse-Autriche, en Allemagne, en Slovaquie, en R\u00e9publique tch\u00e8que et en Hongrie.  Sensible au terroir, le c\u00e9page Gr\u00fcner Veltliner, qui m\u00fbrit tardivement, est capable de concurrencer les vins blancs classiques et d&#039;offrir une alternative singuli\u00e8re aux saveurs r\u00e9pandues des c\u00e9pages blancs internationaux.\" \/>\n<meta property=\"og:url\" content=\"https:\/\/www.braun-traditions.com\/en\/product\/gruner-veltliner-v2\/\" \/>\n<meta property=\"og:site_name\" content=\"Boutique Braun Traditions\" \/>\n<meta property=\"article:modified_time\" content=\"2023-09-19T05:11:36+00:00\" \/>\n<meta property=\"og:image\" content=\"https:\/\/www.braun-traditions.com\/wp-content\/uploads\/2022\/09\/Vin-chez-Bernd-8-1-scaled.jpg\" \/>\n\t<meta property=\"og:image:width\" content=\"1710\" \/>\n\t<meta property=\"og:image:height\" content=\"2560\" \/>\n\t<meta property=\"og:image:type\" content=\"image\/jpeg\" \/>\n<meta name=\"twitter:card\" content=\"summary_large_image\" \/>\n<meta name=\"twitter:label1\" content=\"Estimated reading time\" \/>\n\t<meta name=\"twitter:data1\" content=\"1 minute\" \/>\n<script type=\"application\/ld+json\" class=\"yoast-schema-graph\">{\"@context\":\"https:\/\/schema.org\",\"@graph\":[{\"@type\":\"WebPage\",\"@id\":\"https:\/\/www.braun-traditions.com\/produit\/gruner-veltliner-v2\/\",\"url\":\"https:\/\/www.braun-traditions.com\/produit\/gruner-veltliner-v2\/\",\"name\":\"BB Gr\u00fcner Veltliner - Boutique Braun Traditions\",\"isPartOf\":{\"@id\":\"https:\/\/www.braun-traditions.com\/#website\"},\"datePublished\":\"2022-09-30T07:09:53+00:00\",\"dateModified\":\"2023-09-19T05:11:36+00:00\",\"breadcrumb\":{\"@id\":\"https:\/\/www.braun-traditions.com\/produit\/gruner-veltliner-v2\/#breadcrumb\"},\"inLanguage\":\"en-GB\",\"potentialAction\":[{\"@type\":\"ReadAction\",\"target\":[\"https:\/\/www.braun-traditions.com\/produit\/gruner-veltliner-v2\/\"]}]},{\"@type\":\"BreadcrumbList\",\"@id\":\"https:\/\/www.braun-traditions.com\/produit\/gruner-veltliner-v2\/#breadcrumb\",\"itemListElement\":[{\"@type\":\"ListItem\",\"position\":1,\"name\":\"Accueil\",\"item\":\"https:\/\/www.braun-traditions.com\/\"},{\"@type\":\"ListItem\",\"position\":2,\"name\":\"Boutique\",\"item\":\"https:\/\/www.braun-traditions.com\/boutique\/\"},{\"@type\":\"ListItem\",\"position\":3,\"name\":\"Vins\",\"item\":\"https:\/\/www.braun-traditions.com\/cat\u00e9gorie-de-produit\/vins\/\"},{\"@type\":\"ListItem\",\"position\":4,\"name\":\"BB Gr\u00fcner Veltliner\"}]},{\"@type\":\"WebSite\",\"@id\":\"https:\/\/www.braun-traditions.com\/#website\",\"url\":\"https:\/\/www.braun-traditions.com\/\",\"name\":\"Boutique Braun Traditions\",\"description\":\"\",\"potentialAction\":[{\"@type\":\"SearchAction\",\"target\":{\"@type\":\"EntryPoint\",\"urlTemplate\":\"https:\/\/www.braun-traditions.com\/?s={search_term_string}\"},\"query-input\":\"required name=search_term_string\"}],\"inLanguage\":\"en-GB\"}]}<\/script>\n<!-- \/ Yoast SEO plugin. -->","yoast_head_json":{"title":"BB Gr\u00fcner Veltliner - Boutique Braun Traditions","robots":{"index":"noindex","follow":"follow","max-snippet":"max-snippet:-1","max-image-preview":"max-image-preview:large","max-video-preview":"max-video-preview:-1"},"og_locale":"en_GB","og_type":"article","og_title":"BB Gr\u00fcner Veltliner - Boutique Braun Traditions","og_description":"Le\u00a0Gr\u00fcner Veltliner prosp\u00e8re essentiellement dans les vignobles situ\u00e9s le long du Danube, en Basse-Autriche, en Allemagne, en Slovaquie, en R\u00e9publique tch\u00e8que et en Hongrie.  Sensible au terroir, le c\u00e9page Gr\u00fcner Veltliner, qui m\u00fbrit tardivement, est capable de concurrencer les vins blancs classiques et d'offrir une alternative singuli\u00e8re aux saveurs r\u00e9pandues des c\u00e9pages blancs internationaux.","og_url":"https:\/\/www.braun-traditions.com\/en\/product\/gruner-veltliner-v2\/","og_site_name":"Boutique Braun Traditions","article_modified_time":"2023-09-19T05:11:36+00:00","og_image":[{"width":1710,"height":2560,"url":"https:\/\/www.braun-traditions.com\/wp-content\/uploads\/2022\/09\/Vin-chez-Bernd-8-1-scaled.jpg","type":"image\/jpeg"}],"twitter_card":"summary_large_image","twitter_misc":{"Estimated reading time":"1 minute"},"schema":{"@context":"https:\/\/schema.org","@graph":[{"@type":"WebPage","@id":"https:\/\/www.braun-traditions.com\/produit\/gruner-veltliner-v2\/","url":"https:\/\/www.braun-traditions.com\/produit\/gruner-veltliner-v2\/","name":"BB Gr\u00fcner Veltliner - Boutique Braun Traditions","isPartOf":{"@id":"https:\/\/www.braun-traditions.com\/#website"},"datePublished":"2022-09-30T07:09:53+00:00","dateModified":"2023-09-19T05:11:36+00:00","breadcrumb":{"@id":"https:\/\/www.braun-traditions.com\/produit\/gruner-veltliner-v2\/#breadcrumb"},"inLanguage":"en-GB","potentialAction":[{"@type":"ReadAction","target":["https:\/\/www.braun-traditions.com\/produit\/gruner-veltliner-v2\/"]}]},{"@type":"BreadcrumbList","@id":"https:\/\/www.braun-traditions.com\/produit\/gruner-veltliner-v2\/#breadcrumb","itemListElement":[{"@type":"ListItem","position":1,"name":"Accueil","item":"https:\/\/www.braun-traditions.com\/"},{"@type":"ListItem","position":2,"name":"Boutique","item":"https:\/\/www.braun-traditions.com\/boutique\/"},{"@type":"ListItem","position":3,"name":"Vins","item":"https:\/\/www.braun-traditions.com\/cat\u00e9gorie-de-produit\/vins\/"},{"@type":"ListItem","position":4,"name":"BB Gr\u00fcner Veltliner"}]},{"@type":"WebSite","@id":"https:\/\/www.braun-traditions.com\/#website","url":"https:\/\/www.braun-traditions.com\/","name":"Boutique Braun Traditions","description":"","potentialAction":[{"@type":"SearchAction","target":{"@type":"EntryPoint","urlTemplate":"https:\/\/www.braun-traditions.com\/?s={search_term_string}"},"query-input":"required name=search_term_string"}],"inLanguage":"en-GB"}]}},"_links":{"self":[{"href":"https:\/\/www.braun-traditions.com\/en\/wp-json\/wp\/v2\/product\/463","targetHints":{"allow":["GET"]}}],"collection":[{"href":"https:\/\/www.braun-traditions.com\/en\/wp-json\/wp\/v2\/product"}],"about":[{"href":"https:\/\/www.braun-traditions.com\/en\/wp-json\/wp\/v2\/types\/product"}],"replies":[{"embeddable":true,"href":"https:\/\/www.braun-traditions.com\/en\/wp-json\/wp\/v2\/comments?post=463"}],"wp:featuredmedia":[{"embeddable":true,"href":"https:\/\/www.braun-traditions.com\/en\/wp-json\/wp\/v2\/media\/538"}],"wp:attachment":[{"href":"https:\/\/www.braun-traditions.com\/en\/wp-json\/wp\/v2\/media?parent=463"}],"wp:term":[{"taxonomy":"product_cat","embeddable":true,"href":"https:\/\/www.braun-traditions.com\/en\/wp-json\/wp\/v2\/product_cat?post=463"},{"taxonomy":"product_tag","embeddable":true,"href":"https:\/\/www.braun-traditions.com\/en\/wp-json\/wp\/v2\/product_tag?post=463"}],"curies":[{"name":"wp","href":"https:\/\/api.w.org\/{rel}","templated":true}]}}